{"id":3,"date":"2025-06-02T14:14:52","date_gmt":"2025-06-02T14:14:52","guid":{"rendered":"https:\/\/noomooo.com\/?page_id=3"},"modified":"2025-08-28T15:14:44","modified_gmt":"2025-08-28T13:14:44","slug":"informativa-sulla-privacy","status":"publish","type":"page","link":"https:\/\/noomooo.com\/it\/informativa-sulla-privacy\/","title":{"rendered":"Informativa sulla privacy"},"content":{"rendered":"<p>NooMooo attribuisce grande importanza alla privacy dei suoi visitatori, in particolare per quanto riguarda i diritti dei visitatori in relazione al trattamento automatizzato dei dati personali. Pertanto, NooMooo raccoglie solo le informazioni necessarie da tutti gli utenti del suo sito e garantisce che le informazioni personali fornite siano trattate in modo confidenziale. <\/p>\n\n\n\n<p>Queste informazioni non vengono condivise con terzi senza il vostro consenso e non vengono memorizzate informazioni sulla vostra visita al sito web di NooMooo, se non per analizzare le prestazioni dei contenuti attraverso l'uso dei cookie. \u00c8 possibile disabilitare questi cookie in qualsiasi momento attraverso le impostazioni del browser.<\/p>\n\n\n\n<p>Per ulteriori informazioni sulla protezione dei dati personali, visitate il sito web dell'Autorit\u00e0 per i dati personali:&nbsp;<a href=\"https:\/\/autoriteitpersoonsgegevens.nl\/nl\" target=\"_blank\" rel=\"noreferrer noopener nofollow\">https:\/\/autoriteitpersoonsgegevens.nl\/nl<\/a>.<\/p>\n\n\n\n<p>Finch\u00e9 l'utente non accetta l'uso di cookie e\/o altri sistemi di tracciamento sul sito web, non inseriamo cookie analitici non anonimizzati e\/o cookie di tracciamento sul suo computer, cellulare o tablet.<\/p>\n\n\n\n<p>Continuando a visitare questo sito web, accettate i seguenti termini e condizioni.<\/p>\n\n\n\n<p>La versione attualmente disponibile dell'informativa sulla privacy \u00e8 l'unica applicabile finch\u00e9 l'utente visita il sito web, fino a quando una nuova versione non sostituisce quella attuale.<\/p>\n\n\n\n<h2 class=\"wp-block-heading\"><strong>Raccolta dei dati<\/strong><\/h2>\n\n\n\n<p>I vostri dati sono raccolti da NooMooo e da eventuali terzi responsabili del trattamento. Per dati personali si intende qualsiasi informazione relativa a una persona fisica identificata o identificabile; si considera identificabile la persona fisica che pu\u00f2 essere identificata, direttamente o indirettamente, in particolare mediante un identificativo come il nome, un numero di identificazione, dati relativi all'ubicazione, un identificativo online o uno o pi\u00f9 elementi che caratterizzano l'identit\u00e0 fisica, fisiologica, genetica, psicologica, economica, culturale o sociale.<\/p>\n\n\n\n<p>I dati personali raccolti sul sito web sono utilizzati principalmente dall'amministratore per mantenere i rapporti con l'utente e, se del caso, per elaborare gli ordini.<\/p>\n\n\n\n<h2 class=\"wp-block-heading\"><strong>I vostri diritti in materia di dati<\/strong><\/h2>\n\n\n\n<p>Ai sensi dell'articolo 13, paragrafo 2, lettera b), dell'avg, ogni persona ha il diritto di accedere, rettificare o cancellare i propri dati personali o limitare il trattamento che la riguarda, nonch\u00e9 il diritto di opporsi al trattamento e il diritto alla portabilit\u00e0 dei dati. \u00c8 possibile esercitare tali diritti contattandoci all'indirizzo <a href=\"mailto:info@noomooo.com\">info@noomooo.com<\/a><\/p>\n\n\n\n<p>La richiesta deve essere accompagnata da una copia di un documento d'identit\u00e0 valido su cui sia stata apposta la firma e che indichi l'indirizzo a cui si pu\u00f2 essere contattati.<\/p>\n\n\n\n<h2 class=\"wp-block-heading\"><strong>Trattamento dei dati personali<\/strong><\/h2>\n\n\n\n<p>In caso di violazione di leggi o regolamenti, di cui il visitatore sia sospettato e per la quale l'autorit\u00e0 richieda i dati personali raccolti dall'amministratore, questi saranno forniti dopo una richiesta esplicita e motivata da parte delle autorit\u00e0, dopodich\u00e9 tali dati personali non rientreranno pi\u00f9 nella protezione delle disposizioni della presente informativa sulla privacy.<\/p>\n\n\n\n<p>Se alcune informazioni sono necessarie per accedere a determinate funzionalit\u00e0 del sito web, il responsabile indicher\u00e0 la natura obbligatoria di tali informazioni al momento della richiesta dei dati.<\/p>\n\n\n\n<h2 class=\"wp-block-heading\"><strong>Offerte commerciali<\/strong><\/h2>\n\n\n\n<p>Potreste ricevere offerte commerciali dall'amministratore. Se non desiderate (o non desiderate pi\u00f9) riceverle, inviate un'e-mail al seguente indirizzo: info@noomooo.com<\/p>\n\n\n\n<p>Se durante la visita al sito web ci si imbatte in dati personali, \u00e8 necessario astenersi dal raccoglierli o da qualsiasi altro uso non autorizzato, nonch\u00e9 da qualsiasi atto che violi la privacy di quella\/e persona\/e. In nessun caso l'amministratore \u00e8 responsabile delle situazioni sopra descritte.<\/p>\n\n\n\n<h2 class=\"wp-block-heading\"><strong>Periodo di conservazione dei dati<\/strong><\/h2>\n\n\n\n<p>I dati raccolti dal gestore del sito web saranno utilizzati e conservati per la durata prevista dalla legge.<\/p>\n\n\n\n<h2 class=\"wp-block-heading\"><strong>Biscotti<\/strong><\/h2>\n\n\n\n<p>I visitatori dei siti web incontrano i cookie. I cookie sono piccoli file che consentono di raccogliere e utilizzare informazioni. Si tratta di un piccolo file di testo che viene inserito nel disco rigido del vostro computer quando visitate il nostro sito web. Un cookie contiene dati che consentono di riconoscere l'utente come visitatore ogni volta che visita il nostro sito web. <\/p>\n\n\n\n<p>In questo modo \u00e8 possibile impostare il nostro sito web in modo specifico per l'utente e facilitare l'accesso. I siti web diventano pi\u00f9 facili da usare grazie all'uso dei cookie. I cookie consentono, ad esempio, di memorizzare le preferenze dell'utente, come la posizione e le impostazioni della lingua. Inoltre, possono tenere traccia del vostro carrello digitale. I proprietari dei siti web possono vedere quanto spesso i loro siti vengono visitati grazie ai cookie.<\/p>\n\n\n\n<p>Quando visitate il nostro sito web, apparir\u00e0 un banner che vi informer\u00e0 sull'uso dei cookie. Continuando a utilizzare il nostro sito web, accettate il loro utilizzo. Il vostro consenso \u00e8 valido per un periodo di tredici mesi.<\/p>\n\n\n\n<h2 class=\"wp-block-heading\"><strong>Come utilizziamo i cookie<\/strong><\/h2>\n\n\n\n<p>Utilizziamo i cookie sui nostri siti web (mobili) e su altri canali multimediali correlati o collegati. Utilizziamo cookie, web beacon, pixel di tracciamento e altre tecnologie di tracciamento perch\u00e9 ci aiutano a personalizzare i nostri servizi e a migliorare la vostra esperienza di acquisto.<\/p>\n\n\n\n<p>Quando utilizzate e accedete al nostro servizio, potremmo inserire alcuni file cookie nel vostro browser web.<br>Utilizziamo i cookie per i seguenti scopi:<\/p>\n\n\n\n<ul class=\"wp-block-list\">\n<li>Per abilitare alcune funzioni del nostro sito web e dei nostri servizi.<\/li>\n\n\n\n<li>Utilizziamo sia cookie di sessione che persistenti.<\/li>\n\n\n\n<li>Utilizziamo i cookie essenziali per autenticare gli utenti e prevenire l'uso fraudolento dei nostri servizi.<\/li>\n\n\n\n<li>Utilizziamo i cookie non essenziali per migliorare i nostri servizi, personalizzare i contenuti del server e per scopi di remarketing.<\/li>\n<\/ul>\n\n\n\n<p>L'utente ha il diritto di rifiutare, disattivare o cancellare i nostri cookie. Tuttavia, se rifiutate o cancellate i nostri cookie, potreste non essere in grado di utilizzare tutte le funzionalit\u00e0 che offriamo. Alcune delle nostre pagine potrebbero non essere visualizzate correttamente e l'utente potrebbe non essere in grado di effettuare acquisti attraverso il nostro sito web.<\/p>\n\n\n\n<h2 class=\"wp-block-heading\"><strong>Quali cookie utilizziamo<\/strong><\/h2>\n\n\n\n<p>Sul nostro sito web possiamo utilizzare i seguenti tipi di cookie:<\/p>\n\n\n\n<ul class=\"wp-block-list\">\n<li>Cookie funzionali: come i cookie di sessione e di login per il mantenimento delle informazioni di sessione e di login. Ad esempio, per ricordare le preferenze dell'utente.<\/li>\n\n\n\n<li>Cookie analitici anonimizzati: per ottenere informazioni sulle visite al nostro sito web in base al numero di visitatori, alle pagine e agli argomenti pi\u00f9 popolari. Questo ci permette di adattare meglio la comunicazione e la fornitura di informazioni alle esigenze dei visitatori del nostro sito web. In questo modo, non possiamo vedere chi visita il nostro sito web o da quale PC viene effettuata la visita.<\/li>\n\n\n\n<li>Cookie analitici non anonimizzati: per ottenere informazioni sulle visite al nostro sito web in base al numero di visitatori, alle pagine e agli argomenti pi\u00f9 popolari. Questo ci permette di adattare meglio la comunicazione e la fornitura di informazioni alle esigenze dei visitatori del nostro sito web.<\/li>\n\n\n\n<li>Cookie di tracciamento: come i cookie pubblicitari, sono progettati per mostrare annunci pertinenti. Gli interessi personali possono essere ricavati dalle informazioni sui siti web visitati. Ci\u00f2 consente alle organizzazioni di mostrare ai visitatori dei loro siti web annunci mirati, ad esempio. I cookie di tracciamento consentono di creare profili di persone. Il tracciamento comporta generalmente l'elaborazione di dati personali.<\/li>\n<\/ul>\n\n\n\n<p>L'uso dei cookie \u00e8 sicuro. Virus, malware, e-mail e azioni di telemarketing non derivano dall'uso dei cookie. Questo perch\u00e9 i cookie non memorizzano l'indirizzo e-mail, il numero di telefono o altri dati personali.<\/p>\n\n\n\n<h2 class=\"wp-block-heading\"><strong>Altre tecnologie di tracciamento<\/strong><\/h2>\n\n\n\n<p>Oltre ai cookie, sul nostro sito web possiamo utilizzare web beacon, pixel tag e altre tecnologie di tracciamento. Queste ci aiutano a migliorare la vostra esperienza sul nostro sito web. Un \u2018web beacon\u2019 o \u2018pixel tag\u2019 \u00e8 un piccolo oggetto o immagine incorporato in una pagina web o in un'e-mail. Vengono utilizzati per tracciare il numero di utenti che hanno visitato determinate pagine o visualizzato e-mail. <\/p>\n\n\n\n<p>Servono solo a raccogliere dati statistici. Vengono raccolti solo una quantit\u00e0 limitata di dati, come il numero di cookie, l'ora e la data di visualizzazione della pagina o dell'e-mail, nonch\u00e9 una descrizione della pagina o dell'e-mail su cui si sono trovati. I Web beacon e i pixel tag non possono essere rifiutati. Tuttavia, \u00e8 possibile limitarne l'uso controllando i cookie che comunicano con essi.<\/p>\n\n\n\n<h2 class=\"wp-block-heading\"><strong>Cookie per l'analisi del sito web<\/strong><\/h2>\n\n\n\n<p>Per tenere traccia delle statistiche dei nostri visitatori, utilizziamo Google Analytics. In questo modo viene monitorato l'utilizzo del nostro sito web. Utilizziamo queste informazioni per avere un quadro migliore dei nostri visitatori e per ottimizzare il nostro sito di conseguenza. Google, che fornisce questo servizio, utilizza le informazioni per costruire un profilo pubblicitario pertinente e anonimo al fine di offrire annunci pi\u00f9 mirati.<\/p>\n\n\n\n<p>\u00c8 possibile impedire la memorizzazione dei cookie configurando l'impostazione appropriata nel software del browser. Inoltre, potete impedire a Google di memorizzare i dati generati dai cookie sull'utilizzo del sito web (compreso il vostro indirizzo IP) e di elaborare tali dati utilizzando il plug-in del browser disponibile all'indirizzo&nbsp;<a href=\"https:\/\/tools.google.com\/dlpage\/gaoptout?hl=nl\" target=\"_blank\" rel=\"noreferrer noopener nofollow\">https:\/\/tools.google.com\/dlpage\/gaoptout?hl=nl<\/a>&nbsp;scaricare e installare.<\/p>\n\n\n\n<p>\u00c8 possibile eliminare i cookie solo autonomamente, poich\u00e9 vengono memorizzati sul computer dell'utente. A tal fine, consultare il manuale del browser.<\/p>\n\n\n\n<p>Non siamo responsabili della ripubblicazione del contenuto di questo blog su altri siti web o media senza il nostro consenso. Questa politica sui cookie \u00e8 soggetta a modifiche senza preavviso.<\/p>\n\n\n\n<h2 class=\"wp-block-heading\">Link di affiliazione e dati personali<\/h2>\n\n\n\n<p>Su NooMooo usiamo <strong>link affiliati<\/strong>. Ci\u00f2 significa che in alcuni articoli o pagine abbiamo un link a siti web esterni (ad esempio negozi web) dove \u00e8 possibile acquistare prodotti. Se acquistate qualcosa attraverso questo link, riceviamo una piccola commissione.<\/p>\n\n\n\n<p>Per il corretto funzionamento di questi programmi di affiliazione, ci possono essere <strong>cookie di tracciamento<\/strong> sono impostati dal fornitore esterno. Questi cookie registrano che siete arrivati alla pagina esterna attraverso il nostro sito web. In genere, ci\u00f2 avviene tramite un ID unico e anonimo. Il tracciamento avviene sotto la responsabilit\u00e0 del fornitore esterno, come Bol.com o Daisycon.<\/p>\n\n\n\n<p>Nota:<\/p>\n\n\n\n<ul class=\"wp-block-list\">\n<li>Noi <strong>non trattano direttamente i dati personali<\/strong> nel contesto dei link di affiliazione.<\/li>\n\n\n\n<li>Abbiamo <strong>nessun accesso ai dati<\/strong> sui vostri acquisti, oltre al fatto che l'acquisto \u00e8 stato effettuato tramite NooMooo.<\/li>\n\n\n\n<li>Si consiglia di utilizzare la funzione <strong>informativa sulla privacy del negozio web in questione<\/strong> leggere attentamente prima di effettuare un acquisto.<\/li>\n<\/ul>\n\n\n\n<p>\u00c8 sempre possibile disabilitare i cookie di tracciamento tramite le impostazioni del browser o regolare le proprie preferenze tramite il banner dei cookie durante la prima visita al nostro sito web.<\/p>\n\n\n\n<h2 class=\"wp-block-heading\"><strong>Reclami<\/strong><\/h2>\n\n\n\n<p>Se avete un reclamo sul trattamento dei vostri dati personali, vi chiediamo di contattarci direttamente. Se non riusciamo a trovare una soluzione con voi, ovviamente lo riterremo molto fastidioso. Avete sempre il diritto di presentare un reclamo all'autorit\u00e0 per i dati personali, che \u00e8 l'autorit\u00e0 di controllo nel campo della protezione della privacy.<\/p>\n\n\n\n<h2 class=\"wp-block-heading\"><strong>Contatto<\/strong><\/h2>\n\n\n\n<p>Per domande sul trattamento dei vostri dati personali o sul sito stesso, vi preghiamo di contattare il nostro responsabile del trattamento dei dati all'indirizzo info@noomooo.com.<\/p>","protected":false},"excerpt":{"rendered":"<p>NooMooo attribuisce grande importanza alla privacy dei propri visitatori, in particolare per quanto riguarda i diritti dei visitatori in relazione al trattamento automatizzato dei dati personali. Pertanto, NooMooo raccoglie solo le informazioni necessarie da tutti gli utenti del proprio sito e garantisce che le informazioni personali fornite siano trattate in modo confidenziale. Queste informazioni non saranno...<\/p>","protected":false},"author":2,"featured_media":0,"parent":0,"menu_order":0,"comment_status":"closed","ping_status":"open","template":"page-blank-title-center.php","meta":{"_acf_changed":false,"footnotes":""},"class_list":["post-3","page","type-page","status-publish","hentry"],"acf":[],"_links":{"self":[{"href":"https:\/\/noomooo.com\/it\/wp-json\/wp\/v2\/pages\/3","targetHints":{"allow":["GET"]}}],"collection":[{"href":"https:\/\/noomooo.com\/it\/wp-json\/wp\/v2\/pages"}],"about":[{"href":"https:\/\/noomooo.com\/it\/wp-json\/wp\/v2\/types\/page"}],"author":[{"embeddable":true,"href":"https:\/\/noomooo.com\/it\/wp-json\/wp\/v2\/users\/2"}],"replies":[{"embeddable":true,"href":"https:\/\/noomooo.com\/it\/wp-json\/wp\/v2\/comments?post=3"}],"version-history":[{"count":4,"href":"https:\/\/noomooo.com\/it\/wp-json\/wp\/v2\/pages\/3\/revisions"}],"predecessor-version":[{"id":1028,"href":"https:\/\/noomooo.com\/it\/wp-json\/wp\/v2\/pages\/3\/revisions\/1028"}],"wp:attachment":[{"href":"https:\/\/noomooo.com\/it\/wp-json\/wp\/v2\/media?parent=3"}],"curies":[{"name":"wp","href":"https:\/\/api.w.org\/{rel}","templated":true}]}}