{"id":237,"date":"2025-08-10T21:46:00","date_gmt":"2025-08-10T19:46:00","guid":{"rendered":"https:\/\/noomooo.com\/?page_id=237"},"modified":"2025-09-03T00:14:12","modified_gmt":"2025-09-02T22:14:12","slug":"chi-siamo","status":"publish","type":"page","link":"https:\/\/noomooo.com\/it\/chi-siamo\/","title":{"rendered":"Chi siamo"},"content":{"rendered":"<section class=\"section\" id=\"section_17134971\">\n\t\t<div class=\"section-bg fill\" >\n\t\t\t<img loading=\"lazy\" decoding=\"async\" width=\"900\" height=\"637\" src=\"https:\/\/noomooo.com\/wp-content\/uploads\/2025\/08\/3.jpg\" class=\"bg attachment- size-\" alt=\"\" title=\"\">\t\t\t\t\t\t<div class=\"section-bg-overlay absolute fill\"><\/div>\n\t\t\t\n\n\t\t<\/div>\n\n\t\t\n\t<div class=\"ux-shape-divider ux-shape-divider--bottom ux-shape-divider--style-waves\">\n\t\t<svg viewbox=\"0 0 1200 120\" xmlns=\"http:\/\/www.w3.org\/2000\/svg\" preserveaspectratio=\"none\">\n  <path class=\"ux-shape-fill\" d=\"M321.39 63.56c58 10.79 114.16 30.13 172 41.86 82.39 16.72 168.19 17.73 250.45.39C823.78 89 906.67 48 985.66 27.17c70.05-18.48 146.53-26.09 214.34-3V120H0V92.65a600.21 600.21 0 01321.39-29.09z\"\/>\n<\/svg>\n\t<\/div>\n\n\t\t<div class=\"section-content relative\">\n\t\t\t\n\n<div class=\"row row-collapse align-middle align-center\"  id=\"row-1191890019\">\n\n\n\t<div id=\"col-1470917576\" class=\"col medium-10 small-12 large-10\"  >\n\t\t\t\t<div class=\"col-inner\"  >\n\t\t\t\n\t\t\t\n\n\t<div id=\"text-2472296013\" class=\"text\">\n\t\t\n\n<h1>Informazioni su NooMooo<\/h1>\n\t\t\n<style>\n#text-2472296013 {\n  font-size: 2rem;\n  text-align: center;\n  color: rgb(255,255,255);\n}\n#text-2472296013 > * {\n  color: rgb(255,255,255);\n}\n<\/style>\n\t<\/div>\n\t\n\n\t\t<\/div>\n\t\t\t\t\n<style>\n#col-1470917576 > .col-inner {\n  padding: 30px 0px 0px 0px;\n}\n<\/style>\n\t<\/div>\n\n\t\n\n<\/div>\n\n\t\t<\/div>\n\n\t\t\n<style>\n#section_17134971 {\n  padding-top: 30px;\n  padding-bottom: 30px;\n}\n#section_17134971 .section-bg-overlay {\n  background-color: rgb(210, 171, 255);\n}\n#section_17134971 .section-bg img {\n  object-position: 27% 45%;\n}\n#section_17134971 .ux-shape-divider--bottom svg {\n  height: 150px;\n  --divider-width: 300%;\n}\n@media (min-width:550px) {\n  #section_17134971 .ux-shape-divider--bottom svg {\n    --divider-width: 240%;\n  }\n}\n<\/style>\n\t<\/section>\n\t\n\n\t<section class=\"section\" id=\"section_847869377\">\n\t\t<div class=\"section-bg fill\" >\n\t\t\t\t\t\t\t\t\t\n\t\t\t\n\n\t\t<\/div>\n\n\t\t\n\t<div class=\"ux-shape-divider ux-shape-divider--bottom ux-shape-divider--style-waves\">\n\t\t<svg viewbox=\"0 0 1200 120\" xmlns=\"http:\/\/www.w3.org\/2000\/svg\" preserveaspectratio=\"none\">\n  <path class=\"ux-shape-fill\" d=\"M321.39 63.56c58 10.79 114.16 30.13 172 41.86 82.39 16.72 168.19 17.73 250.45.39C823.78 89 906.67 48 985.66 27.17c70.05-18.48 146.53-26.09 214.34-3V120H0V92.65a600.21 600.21 0 01321.39-29.09z\"\/>\n<\/svg>\n\t<\/div>\n\n\t\t<div class=\"section-content relative\">\n\t\t\t\n\n<div class=\"row\"  id=\"row-1514635633\">\n\n\n\t<div id=\"col-1278647497\" class=\"col medium-8 small-12 large-8\"  >\n\t\t\t\t<div class=\"col-inner\"  >\n\t\t\t\n\t\t\t\n\n<h2>Il luogo dove trovare tutto quello che c'\u00e8 da sapere su come vivere senza latte vaccino e lattosio<\/h2>\n<p>Benvenuti su NooMooo. Qui raccolgo tutto ci\u00f2 che volete sapere sull'intolleranza al latte vaccino, sull'intolleranza al lattosio e su tutto ci\u00f2 che la circonda. Esploro in modo che non dobbiate farlo voi.<\/p>\n<p>NooMooo porta calma e visione d'insieme. In un unico luogo, in un linguaggio semplice. Strumenti pratici per la casa, il ristorante, le vacanze e il supermercato. NooMooo \u00e8 per tutti coloro che si accorgono che il latte vaccino crea problemi e preferiscono la chiarezza.<\/p>\n<p>Per i genitori che desiderano aiutare il proprio figlio senza tracciarlo ogni giorno. Per chi vuole scegliere con sicurezza cosa fare. E per gli amanti dell'ospitalit\u00e0 e della gastronomia che vogliono essere attenti agli ospiti o alla famiglia.<\/p>\n\n\t\t<\/div>\n\t\t\t\t\t<\/div>\n\n\t\n\n\t<div id=\"col-523240488\" class=\"col medium-4 small-12 large-4 small-col-first\"  >\n\t\t\t\t<div class=\"col-inner\"  >\n\t\t\t\n\t\t\t\n\n\t<div class=\"img has-hover x md-x lg-x y md-y lg-y\" id=\"image_399560458\">\n\t\t\t\t\t\t\t\t<div class=\"img-inner image-cover dark\" style=\"padding-top:400px;\">\n\t\t\t<img loading=\"lazy\" decoding=\"async\" width=\"900\" height=\"637\" src=\"https:\/\/noomooo.com\/wp-content\/uploads\/2025\/08\/5.jpg\" class=\"attachment-large size-large\" alt=\"\" srcset=\"https:\/\/noomooo.com\/wp-content\/uploads\/2025\/08\/5.jpg 900w, https:\/\/noomooo.com\/wp-content\/uploads\/2025\/08\/5-300x212.jpg 300w, https:\/\/noomooo.com\/wp-content\/uploads\/2025\/08\/5-768x544.jpg 768w, https:\/\/noomooo.com\/wp-content\/uploads\/2025\/08\/5-18x12.jpg 18w, https:\/\/noomooo.com\/wp-content\/uploads\/2025\/08\/5-750x531.jpg 750w\" sizes=\"auto, (max-width: 900px) 100vw, 900px\" title=\"\">\t\t\t\t\t\t\n\t\t\t\t\t<\/div>\n\t\t\t\t\t\t\t\t\n<style>\n#image_399560458 {\n  width: 100%;\n}\n<\/style>\n\t<\/div>\n\t\n\n\n\t\t<\/div>\n\t\t\t\t\t<\/div>\n\n\t\n\n\n<style>\n#row-1514635633 > .col > .col-inner {\n  padding: 30px 0px 0px 0px;\n}\n<\/style>\n<\/div>\n\n\t\t<\/div>\n\n\t\t\n<style>\n#section_847869377 {\n  padding-top: 0px;\n  padding-bottom: 0px;\n}\n#section_847869377 .ux-shape-divider--bottom svg {\n  height: 50px;\n  --divider-width: 100%;\n}\n#section_847869377 .ux-shape-divider--bottom .ux-shape-fill {\n  fill: rgb(210, 171, 255);\n}\n@media (min-width:550px) {\n  #section_847869377 {\n    padding-top: 30px;\n    padding-bottom: 30px;\n  }\n  #section_847869377 .ux-shape-divider--bottom svg {\n    height: 150px;\n  }\n}\n<\/style>\n\t<\/section>\n\t\n\n\t<section class=\"section\" id=\"section_1660730158\">\n\t\t<div class=\"section-bg fill\" >\n\t\t\t\t\t\t\t\t\t\n\t\t\t\n\n\t\t<\/div>\n\n\t\t\n\n\t\t<div class=\"section-content relative\">\n\t\t\t\n\n<div class=\"row row-collapse\"  id=\"row-682533729\">\n\n\n\t<div id=\"col-893662469\" class=\"col small-12 large-12\"  >\n\t\t\t\t<div class=\"col-inner\"  >\n\t\t\t\n\t\t\t\n\n\t<div id=\"text-1473690584\" class=\"text\">\n\t\t\n\n<h2>Dichiarazione di non responsabilit\u00e0<\/h2>\n<p>NooMooo \u00e8 una piattaforma informativa. Non sono un medico e non do consigli medici. Cerco di fare quante pi\u00f9 ricerche possibili e di esporle in modo chiaro, in modo che non dobbiate farlo voi. Usate il vostro ingegno e consultate il vostro medico o dietologo in caso di dubbi o di sintomi persistenti.<\/p>\n\t\t\n<style>\n#text-1473690584 {\n  text-align: center;\n  color: rgb(255,255,255);\n}\n#text-1473690584 > * {\n  color: rgb(255,255,255);\n}\n<\/style>\n\t<\/div>\n\t\n\n\t\t<\/div>\n\t\t\t\t\n<style>\n#col-893662469 > .col-inner {\n  margin: 0px 0px 0px 0px;\n}\n@media (min-width:550px) {\n  #col-893662469 > .col-inner {\n    margin: 0px 0px 30px 0px;\n  }\n}\n<\/style>\n\t<\/div>\n\n\t\n\n\n<style>\n#row-682533729 > .col > .col-inner {\n  padding: 30px 0px 30px 0px;\n}\n<\/style>\n<\/div>\n\n\t\t<\/div>\n\n\t\t\n<style>\n#section_1660730158 {\n  padding-top: 0px;\n  padding-bottom: 0px;\n  background-color: #d2abff;\n}\n<\/style>\n\t<\/section>\n\t\n\n\t<section class=\"section\" id=\"section_1497988279\">\n\t\t<div class=\"section-bg fill\" >\n\t\t\t\t\t\t\t\t\t\n\t\t\t\n\n\t\t<\/div>\n\n\t\t\t<div class=\"ux-shape-divider ux-shape-divider--top ux-shape-divider--style-waves\">\n\t\t<svg viewbox=\"0 0 1200 120\" xmlns=\"http:\/\/www.w3.org\/2000\/svg\" preserveaspectratio=\"none\">\n  <path class=\"ux-shape-fill\" d=\"M321.39 63.56c58 10.79 114.16 30.13 172 41.86 82.39 16.72 168.19 17.73 250.45.39C823.78 89 906.67 48 985.66 27.17c70.05-18.48 146.53-26.09 214.34-3V120H0V92.65a600.21 600.21 0 01321.39-29.09z\"\/>\n<\/svg>\n\t<\/div>\n\n\n\t\t<div class=\"section-content relative\">\n\t\t\t\n\n<div class=\"row\"  id=\"row-449145289\">\n\n\n\t<div id=\"col-584068953\" class=\"col medium-4 small-12 large-4 small-col-first\"  >\n\t\t\t\t<div class=\"col-inner\"  >\n\t\t\t\n\t\t\t\n\n\t<div class=\"img has-hover x md-x lg-x y md-y lg-y\" id=\"image_1818575241\">\n\t\t\t\t\t\t\t\t<div class=\"img-inner image-cover dark\" style=\"padding-top:400px;\">\n\t\t\t<img loading=\"lazy\" decoding=\"async\" width=\"768\" height=\"1024\" src=\"https:\/\/noomooo.com\/wp-content\/uploads\/2025\/08\/WhatsApp-Image-2025-08-10-at-22.20.48-768x1024.jpeg\" class=\"attachment-large size-large\" alt=\"\" srcset=\"https:\/\/noomooo.com\/wp-content\/uploads\/2025\/08\/WhatsApp-Image-2025-08-10-at-22.20.48-768x1024.jpeg 768w, https:\/\/noomooo.com\/wp-content\/uploads\/2025\/08\/WhatsApp-Image-2025-08-10-at-22.20.48-225x300.jpeg 225w, https:\/\/noomooo.com\/wp-content\/uploads\/2025\/08\/WhatsApp-Image-2025-08-10-at-22.20.48-1152x1536.jpeg 1152w, https:\/\/noomooo.com\/wp-content\/uploads\/2025\/08\/WhatsApp-Image-2025-08-10-at-22.20.48-9x12.jpeg 9w, https:\/\/noomooo.com\/wp-content\/uploads\/2025\/08\/WhatsApp-Image-2025-08-10-at-22.20.48-750x1000.jpeg 750w, https:\/\/noomooo.com\/wp-content\/uploads\/2025\/08\/WhatsApp-Image-2025-08-10-at-22.20.48.jpeg 1200w\" sizes=\"auto, (max-width: 768px) 100vw, 768px\" title=\"\">\t\t\t\t\t\t\n\t\t\t\t\t<\/div>\n\t\t\t\t\t\t\t\t\n<style>\n#image_1818575241 {\n  width: 100%;\n}\n<\/style>\n\t<\/div>\n\t\n\n\n\t\t<\/div>\n\t\t\t\t\t<\/div>\n\n\t\n\n\t<div id=\"col-317847187\" class=\"col medium-8 small-12 large-8\"  >\n\t\t\t\t<div class=\"col-inner\"  >\n\t\t\t\n\t\t\t\n\n<h2>Perch\u00e9 NooMooo?<\/h2>\n<p>Ciao, sono Karlijn, il volto dietro NooMooo. Ho scoperto di avere un'intolleranza al latte vaccino dal 2021, dopo una lunga ricerca. Mia sorella ha smesso di usare il latte vaccino e si \u00e8 sentita subito meglio; ho provato anch'io e i sintomi che corrispondevano alla diagnosi di intestino irritabile sono scomparsi.<\/p>\n<p>Niente pi\u00f9 incertezze quando si esce dalla porta, niente pi\u00f9 vomito dopo aver mangiato fuori, niente pi\u00f9 mal di pancia o doppio armadio a causa della pancia gonfia. Dal 2021 mi sento di nuovo bene, ma ho anche notato che l'intolleranza al latte vaccino viene spesso confusa con l'intolleranza al lattosio o non viene presa sul serio.<\/p>\n<p>Ecco perch\u00e9 voglio attirare l'attenzione su questo tema in modo positivo. Non una ribellione, ma un luogo dove trovare tutto ci\u00f2 che riguarda l'evitare il latte vaccino, il lattosio e tutto ci\u00f2 che lo circonda. Esperienze sincere e sentite. Approfondimenti sugli studi da diverse angolazioni. E soprattutto: consigli pratici e utili.<\/p>\n\n\t\t<\/div>\n\t\t\t\t\t<\/div>\n\n\t\n\n<\/div>\n\n\t\t<\/div>\n\n\t\t\n<style>\n#section_1497988279 {\n  padding-top: 1px;\n  padding-bottom: 1px;\n}\n#section_1497988279 .ux-shape-divider--top svg {\n  height: 50px;\n  --divider-top-width: 162%;\n}\n#section_1497988279 .ux-shape-divider--top .ux-shape-fill {\n  fill: #d2abff;\n}\n@media (min-width:550px) {\n  #section_1497988279 .ux-shape-divider--top svg {\n    height: 150px;\n  }\n}\n<\/style>\n\t<\/section>\n\t\n<div class=\"row\"  id=\"row-1965110996\">\n\n\n\t<div id=\"col-114927132\" class=\"col medium-8 small-12 large-8\"  >\n\t\t\t\t<div class=\"col-inner\"  >\n\t\t\t\n\t\t\t\n\n<h2>Cooperazione e contatto<\/h2>\n<p>Avete una domanda, volete condividere la vostra storia o realizzare insieme qualcosa che renda la vita senza latte vaccino pi\u00f9 facile e gustosa. Sentitevi liberi di inviare un messaggio a <a href=\"mailto:info@noomooo.com\">info@noomooo.com<\/a>. Mi piace pensare e collaborare con marchi e persone che condividono lo stesso obiettivo.<\/p>\n\n\t\t<\/div>\n\t\t\t\t\t<\/div>\n\n\t\n\n\t<div id=\"col-1274459505\" class=\"col medium-4 small-12 large-4 small-col-first\"  >\n\t\t\t\t<div class=\"col-inner\"  >\n\t\t\t\n\t\t\t\n\n\t<div class=\"img has-hover x md-x lg-x y md-y lg-y\" id=\"image_344343715\">\n\t\t\t\t\t\t\t\t<div class=\"img-inner image-cover dark\" style=\"padding-top:200px;\">\n\t\t\t<img loading=\"lazy\" decoding=\"async\" width=\"900\" height=\"637\" src=\"https:\/\/noomooo.com\/wp-content\/uploads\/2025\/08\/7-1.jpg\" class=\"attachment-large size-large\" alt=\"\" srcset=\"https:\/\/noomooo.com\/wp-content\/uploads\/2025\/08\/7-1.jpg 900w, https:\/\/noomooo.com\/wp-content\/uploads\/2025\/08\/7-1-300x212.jpg 300w, https:\/\/noomooo.com\/wp-content\/uploads\/2025\/08\/7-1-768x544.jpg 768w, https:\/\/noomooo.com\/wp-content\/uploads\/2025\/08\/7-1-18x12.jpg 18w, https:\/\/noomooo.com\/wp-content\/uploads\/2025\/08\/7-1-750x531.jpg 750w\" sizes=\"auto, (max-width: 900px) 100vw, 900px\" title=\"\">\t\t\t\t\t\t\n\t\t\t\t\t<\/div>\n\t\t\t\t\t\t\t\t\n<style>\n#image_344343715 {\n  width: 100%;\n}\n<\/style>\n\t<\/div>\n\t\n\n\n\t\t<\/div>\n\t\t\t\t\t<\/div>\n\n\t\n\n<\/div>","protected":false},"excerpt":{"rendered":"","protected":false},"author":2,"featured_media":0,"parent":0,"menu_order":0,"comment_status":"closed","ping_status":"closed","template":"","meta":{"_acf_changed":false,"footnotes":""},"class_list":["post-237","page","type-page","status-publish","hentry"],"acf":[],"_links":{"self":[{"href":"https:\/\/noomooo.com\/it\/wp-json\/wp\/v2\/pages\/237","targetHints":{"allow":["GET"]}}],"collection":[{"href":"https:\/\/noomooo.com\/it\/wp-json\/wp\/v2\/pages"}],"about":[{"href":"https:\/\/noomooo.com\/it\/wp-json\/wp\/v2\/types\/page"}],"author":[{"embeddable":true,"href":"https:\/\/noomooo.com\/it\/wp-json\/wp\/v2\/users\/2"}],"replies":[{"embeddable":true,"href":"https:\/\/noomooo.com\/it\/wp-json\/wp\/v2\/comments?post=237"}],"version-history":[{"count":5,"href":"https:\/\/noomooo.com\/it\/wp-json\/wp\/v2\/pages\/237\/revisions"}],"predecessor-version":[{"id":1075,"href":"https:\/\/noomooo.com\/it\/wp-json\/wp\/v2\/pages\/237\/revisions\/1075"}],"wp:attachment":[{"href":"https:\/\/noomooo.com\/it\/wp-json\/wp\/v2\/media?parent=237"}],"curies":[{"name":"wp","href":"https:\/\/api.w.org\/{rel}","templated":true}]}}