{"id":172,"date":"2025-08-08T16:50:14","date_gmt":"2025-08-08T14:50:14","guid":{"rendered":"https:\/\/noomooo.com\/?page_id=172"},"modified":"2025-08-28T15:15:09","modified_gmt":"2025-08-28T13:15:09","slug":"disclaimer","status":"publish","type":"page","link":"https:\/\/noomooo.com\/it\/disclaimer\/","title":{"rendered":"Dichiarazione di non responsabilit\u00e0"},"content":{"rendered":"<p>Benvenuti su Noomooo.com. Visitando questo sito e\/o utilizzando le informazioni fornite, l'utente accetta la presente clausola di esclusione della responsabilit\u00e0.<\/p>\n\n\n\n<h4 class=\"wp-block-heading\">1. Nessun consiglio medico<\/h4>\n\n\n\n<p>Il contenuto di NooMooo \u00e8 destinato esclusivamente a <strong>scopi informativi ed educativi<\/strong>. Le informazioni contenute in questo sito si basano su <strong>esperienze personali<\/strong>, <strong>risorse disponibili al pubblico<\/strong> e ricerca proprietaria. NooMooo \u00e8 <strong>nessuna piattaforma medica o dietetica<\/strong>.<\/p>\n\n\n\n<p>Non sono un medico, un dietologo o un operatore sanitario. Avete disturbi medici, sospetti di allergie o intolleranze o desiderate consigli nutrizionali su misura? Allora consultate sempre un <strong>Medico di base, specialista o professionista certificato<\/strong>. Le informazioni su NooMooo possono <strong>non deve essere considerato un consiglio medico, una diagnosi o un piano di trattamento<\/strong>.<\/p>\n\n\n\n<h4 class=\"wp-block-heading\">2. Responsabilit\u00e0<\/h4>\n\n\n\n<p>Sebbene faccia ogni sforzo per fornire le informazioni su NooMooo il pi\u00f9 possibile aggiornate, complete e accurate, posso <strong>non garantiscono<\/strong> che tutto sia sempre corretto o applicabile alla vostra situazione. NooMooo accetta quindi <strong>nessuna responsabilit\u00e0<\/strong> per qualsiasi danno diretto o indiretto derivante dall'uso delle informazioni contenute in questo sito, nei post del blog, nei download, nei social media o tramite fonti esterne collegate.<\/p>\n\n\n\n<p>Utilizzate le informazioni sotto la vostra responsabilit\u00e0 e consultate sempre un esperto in caso di dubbi.<\/p>\n\n\n\n<h4 class=\"wp-block-heading\">3. Esperienze personali<\/h4>\n\n\n\n<p>Molto di ci\u00f2 che leggete su NooMooo \u00e8 scritto dall'interno. <strong>esperienza personale<\/strong> Con intolleranza al latte vaccino. Ogni corpo \u00e8 diverso. Ci\u00f2 che funziona per me potrebbe non funzionare per voi. I consigli e gli approfondimenti condivisi non sono quindi garanzia di successo o di una vita senza sintomi, ma sono intesi come ispirazione e sostegno.<\/p>\n\n\n\n<h4 class=\"wp-block-heading\">4. Collegamenti esterni<\/h4>\n\n\n\n<p>NooMooo contiene link a siti web o prodotti esterni (come ad esempio tramite <em>link affiliati<\/em>). Io sono <strong>non \u00e8 responsabile del contenuto, della sicurezza o della disponibilit\u00e0 di questi siti web esterni<\/strong>. L'uso di questi link \u00e8 interamente a vostro rischio e pericolo. Trasmetto solo ci\u00f2 che io stesso trovo prezioso o interessante.<\/p>\n\n\n\n<h4 class=\"wp-block-heading\">5. Marketing di affiliazione<\/h4>\n\n\n\n<p>Alcuni link di questo sito sono <em>link affiliati<\/em>. Ci\u00f2 significa che ricevo una piccola commissione se acquistate qualcosa attraverso tale link, senza alcun costo aggiuntivo per voi. In questo modo aiutate NooMooo a continuare a esistere in modo gratuito e indipendente. Promuovo <strong>solo prodotti e marchi che sostengo personalmente<\/strong> o esperienza in merito.<\/p>\n\n\n\n<h4 class=\"wp-block-heading\">6. Propriet\u00e0 intellettuale<\/h4>\n\n\n\n<p>Tutti i testi, le immagini, i loghi e gli altri contenuti di questo sito web sono di propriet\u00e0 di NooMooo, salvo diversa indicazione. Nulla pu\u00f2 essere copiato, condiviso o utilizzato per scopi commerciali senza previo consenso scritto.<\/p>\n\n\n\n<h4 class=\"wp-block-heading\">7. Accesso al sito web<\/h4>\n\n\n\n<p>L'accesso e l'utilizzo del sito web sono <strong>strettamente personale<\/strong>. Troverete questo sito web e le sue informazioni <strong>non deve essere utilizzato per scopi commerciali, politici o pubblicitari<\/strong>, n\u00e9 per offerte commerciali o comunicazioni elettroniche non richieste.<\/p>\n\n\n\n<h4 class=\"wp-block-heading\">8. Gestione del sito web<\/h4>\n\n\n\n<p>Per la corretta gestione del sito, l'amministratore si riserva il diritto di:<\/p>\n\n\n\n<ul class=\"wp-block-list\">\n<li>Sospendere, interrompere o limitare (parzialmente o totalmente) l'accesso a una determinata categoria di visitatori.<\/li>\n\n\n\n<li>Rimuovere i contenuti che disturbano il funzionamento del sito web o che violano le leggi o il galateo di Internet.<\/li>\n\n\n\n<li>Interruzione temporanea del servizio del sito web per aggiornamenti o manutenzione.<\/li>\n<\/ul>\n\n\n\n<h4 class=\"wp-block-heading\">9. Immagini<\/h4>\n\n\n\n<p>Le immagini utilizzate in questo sito web possono essere soggette alle seguenti limitazioni <strong>non \u00e8 possibile ricavare alcun diritto<\/strong>. I prodotti, le confezioni o le etichette possono differire nella realt\u00e0.<\/p>\n\n\n\n<h4 class=\"wp-block-heading\">10. Responsabilit\u00e0<\/h4>\n\n\n\n<p>L'amministratore non \u00e8 responsabile di guasti, interruzioni o altri problemi tecnici che comportino la temporanea indisponibilit\u00e0 di (parti del) sito web. L'amministratore non \u00e8 nemmeno responsabile per:<\/p>\n\n\n\n<ul class=\"wp-block-list\">\n<li>Problemi o danni alle apparecchiature o ai dati dell'utente durante la visita a questo sito web<\/li>\n\n\n\n<li>Il contenuto dei siti web esterni a cui si fa riferimento<\/li>\n\n\n\n<li>Procedimenti legali contro di voi a causa dell'uso di questo sito web o della violazione dei suoi termini e condizioni<\/li>\n<\/ul>\n\n\n\n<p>L'utente \u00e8 responsabile di disporre di una connessione Internet sicura, di proteggere le proprie apparecchiature e di ci\u00f2 che guarda o scarica online.<\/p>\n\n\n\n<p>Se l'operatore viene coinvolto in una controversia a seguito dell'utilizzo di questo sito web, NooMooo si riserva il diritto di <strong>recuperare tutti i danni subiti e futuri<\/strong>.<\/p>\n\n\n\n<h4 class=\"wp-block-heading\">11. Legge applicabile<\/h4>\n\n\n\n<p>Su questa clausola di esclusione della responsabilit\u00e0 \u00e8 <strong>Diritto olandese<\/strong> applicabile. Il tribunale del domicilio dell'amministratore avr\u00e0 la giurisdizione esclusiva per le controversie, a meno che non si applichi un'eccezione legale.<\/p>\n\n\n\n<h4 class=\"wp-block-heading\">12. Contatto<\/h4>\n\n\n\n<p>Per domande, informazioni sui prodotti o sul sito web, contattare: info@noomooo.com.<\/p>\n\n\n\n<p><\/p>","protected":false},"excerpt":{"rendered":"<p>Benvenuti su Noomooo.com. Visitando questo sito web e\/o utilizzando le informazioni fornite, accettate il presente disclaimer. 1. Nessun consiglio medico Il contenuto di NooMooo \u00e8 destinato esclusivamente a fini informativi ed educativi. Le informazioni presenti su questo sito web si basano su esperienze personali, fonti disponibili al pubblico e ricerche proprie. NooMooo...<\/p>","protected":false},"author":2,"featured_media":0,"parent":0,"menu_order":0,"comment_status":"closed","ping_status":"closed","template":"page-blank-title-center.php","meta":{"_acf_changed":false,"footnotes":""},"class_list":["post-172","page","type-page","status-publish","hentry"],"acf":[],"_links":{"self":[{"href":"https:\/\/noomooo.com\/it\/wp-json\/wp\/v2\/pages\/172","targetHints":{"allow":["GET"]}}],"collection":[{"href":"https:\/\/noomooo.com\/it\/wp-json\/wp\/v2\/pages"}],"about":[{"href":"https:\/\/noomooo.com\/it\/wp-json\/wp\/v2\/types\/page"}],"author":[{"embeddable":true,"href":"https:\/\/noomooo.com\/it\/wp-json\/wp\/v2\/users\/2"}],"replies":[{"embeddable":true,"href":"https:\/\/noomooo.com\/it\/wp-json\/wp\/v2\/comments?post=172"}],"version-history":[{"count":3,"href":"https:\/\/noomooo.com\/it\/wp-json\/wp\/v2\/pages\/172\/revisions"}],"predecessor-version":[{"id":1029,"href":"https:\/\/noomooo.com\/it\/wp-json\/wp\/v2\/pages\/172\/revisions\/1029"}],"wp:attachment":[{"href":"https:\/\/noomooo.com\/it\/wp-json\/wp\/v2\/media?parent=172"}],"curies":[{"name":"wp","href":"https:\/\/api.w.org\/{rel}","templated":true}]}}