{"id":83934,"date":"2025-12-12T13:23:54","date_gmt":"2025-12-12T12:23:54","guid":{"rendered":"https:\/\/noomooo.com\/?page_id=83934"},"modified":"2025-12-12T14:48:17","modified_gmt":"2025-12-12T13:48:17","slug":"recettes-noomooo","status":"publish","type":"page","link":"https:\/\/noomooo.com\/fr\/recettes-noomooo\/","title":{"rendered":"Recettes NooMooo"},"content":{"rendered":"<section class=\"section\" id=\"section_1759408755\">\n\t\t<div class=\"section-bg fill\" >\n\t\t\t<img loading=\"lazy\" decoding=\"async\" width=\"900\" height=\"637\" src=\"https:\/\/noomooo.com\/wp-content\/uploads\/2025\/08\/3.jpg\" class=\"bg attachment- size-\" alt=\"\" title=\"\">\t\t\t\t\t\t<div class=\"section-bg-overlay absolute fill\"><\/div>\n\t\t\t\n\n\t\t<\/div>\n\n\t\t\n\t<div class=\"ux-shape-divider ux-shape-divider--bottom ux-shape-divider--style-waves\">\n\t\t<svg viewbox=\"0 0 1200 120\" xmlns=\"http:\/\/www.w3.org\/2000\/svg\" preserveaspectratio=\"none\">\n  <path class=\"ux-shape-fill\" d=\"M321.39 63.56c58 10.79 114.16 30.13 172 41.86 82.39 16.72 168.19 17.73 250.45.39C823.78 89 906.67 48 985.66 27.17c70.05-18.48 146.53-26.09 214.34-3V120H0V92.65a600.21 600.21 0 01321.39-29.09z\"\/>\n<\/svg>\n\t<\/div>\n\n\t\t<div class=\"section-content relative\">\n\t\t\t\n\n<div class=\"row row-collapse align-middle align-center\"  id=\"row-1512101252\">\n\n\n\t<div id=\"col-1557675595\" class=\"col medium-10 small-12 large-10\"  >\n\t\t\t\t<div class=\"col-inner\"  >\n\t\t\t\n\t\t\t\n\n\t<div id=\"text-2927086350\" class=\"text\">\n\t\t\n\n<h1>Recettes<\/h1>\n\n\t\t\n<style>\n#text-2927086350 {\n  font-size: 2rem;\n  line-height: 0.75;\n  text-align: center;\n  color: rgb(255,255,255);\n}\n#text-2927086350 > * {\n  color: rgb(255,255,255);\n}\n<\/style>\n\t<\/div>\n\t\n\t<div id=\"text-2412660565\" class=\"text\">\n\t\t\n\n<h2>D\u00e9couvrez nos recettes \u00e0 base de lait de vache ou sans lactose !&nbsp;<\/h2>\n\t\t\n<style>\n#text-2412660565 {\n  text-align: center;\n  color: rgb(255,255,255);\n}\n#text-2412660565 > * {\n  color: rgb(255,255,255);\n}\n<\/style>\n\t<\/div>\n\t\n\n\t\t<\/div>\n\t\t\t\t\t<\/div>\n\n\t\n\n<\/div>\n\n\t\t<\/div>\n\n\t\t\n<style>\n#section_1759408755 {\n  padding-top: 30px;\n  padding-bottom: 30px;\n}\n#section_1759408755 .section-bg-overlay {\n  background-color: rgb(210, 171, 255);\n}\n#section_1759408755 .section-bg img {\n  object-position: 27% 45%;\n}\n#section_1759408755 .ux-shape-divider--bottom svg {\n  height: 150px;\n  --divider-width: 240%;\n}\n<\/style>\n\t<\/section>\n\t\n\n\t<section class=\"section\" id=\"section_1769304540\">\n\t\t<div class=\"section-bg fill\" >\n\t\t\t\t\t\t\t\t\t\n\t\t\t\n\n\t\t<\/div>\n\n\t\t\n\n\t\t<div class=\"section-content relative\">\n\t\t\t\n\n<div class=\"row\"  id=\"row-1331124433\">\n\n\n\t<div id=\"col-945874345\" class=\"col medium-6 small-12 large-6\"  >\n\t\t\t\t<div class=\"col-inner text-center\"  >\n\t\t\t\n\t\t\t\n\n\t<div class=\"img has-hover x md-x lg-x y md-y lg-y\" id=\"image_474489198\">\n\t\t<a class=\"\" href=\"\/fr\/recettes-noomooo\/recettes-sans-lait-de-vache\/\" >\t\t\t\t\t\t<div class=\"img-inner image-cover dark\" style=\"padding-top:300px;\">\n\t\t\t<img loading=\"lazy\" decoding=\"async\" width=\"1020\" height=\"1020\" src=\"https:\/\/noomooo.com\/wp-content\/uploads\/2025\/09\/ChatGPT-Image-19-sep-2025-01_28_33.png\" class=\"attachment-large size-large\" alt=\"\" srcset=\"https:\/\/noomooo.com\/wp-content\/uploads\/2025\/09\/ChatGPT-Image-19-sep-2025-01_28_33.png 1024w, https:\/\/noomooo.com\/wp-content\/uploads\/2025\/09\/ChatGPT-Image-19-sep-2025-01_28_33-300x300.png 300w, https:\/\/noomooo.com\/wp-content\/uploads\/2025\/09\/ChatGPT-Image-19-sep-2025-01_28_33-150x150.png 150w, https:\/\/noomooo.com\/wp-content\/uploads\/2025\/09\/ChatGPT-Image-19-sep-2025-01_28_33-768x768.png 768w, https:\/\/noomooo.com\/wp-content\/uploads\/2025\/09\/ChatGPT-Image-19-sep-2025-01_28_33-12x12.png 12w, https:\/\/noomooo.com\/wp-content\/uploads\/2025\/09\/ChatGPT-Image-19-sep-2025-01_28_33-750x750.png 750w, https:\/\/noomooo.com\/wp-content\/uploads\/2025\/09\/ChatGPT-Image-19-sep-2025-01_28_33-100x100.png 100w\" sizes=\"auto, (max-width: 1020px) 100vw, 1020px\" title=\"\">\t\t\t\t\t\t\n\t\t\t\t\t<\/div>\n\t\t\t\t\t\t<\/a>\t\t\n<style>\n#image_474489198 {\n  width: 100%;\n}\n<\/style>\n\t<\/div>\n\t\n\n\t<div id=\"text-2631504220\" class=\"text\">\n\t\t\n\n<h2 style=\"text-align: center;\"><a href=\"\/fr\/recettes-noomooo\/recettes-sans-lait-de-vache\/\">Cuisiner sans lait de vache<\/a><\/h2>\n\t\t\n<style>\n#text-2631504220 {\n  color: #d2abff;\n}\n#text-2631504220 > * {\n  color: #d2abff;\n}\n<\/style>\n\t<\/div>\n\t\n<a href=\"\/fr\/recettes-noomooo\/recettes-sans-lait-de-vache\/\" class=\"button white is-outline is-small\" >\n\t\t<span>Recettes sans lait de vache<\/span>\n\t<\/a>\n\n\n\n\t\t<\/div>\n\t\t\t\t\n<style>\n#col-945874345 > .col-inner {\n  margin: 0px 0px 0px 0px;\n}\n@media (min-width:550px) {\n  #col-945874345 > .col-inner {\n    margin: 0px 0px -50px 0px;\n  }\n}\n<\/style>\n\t<\/div>\n\n\t\n\n\t<div id=\"col-257411024\" class=\"col medium-6 small-12 large-6\"  >\n\t\t\t\t<div class=\"col-inner text-center\"  >\n\t\t\t\n\t\t\t\n\n\t<div class=\"img has-hover x md-x lg-x y md-y lg-y\" id=\"image_790877713\">\n\t\t<a class=\"\" href=\"\/fr\/recettes-noomooo\/recettes-sans-lactose\/\" >\t\t\t\t\t\t<div class=\"img-inner image-cover dark\" style=\"padding-top:300px;\">\n\t\t\t<img loading=\"lazy\" decoding=\"async\" width=\"900\" height=\"637\" src=\"https:\/\/noomooo.com\/wp-content\/uploads\/2025\/08\/7.jpg\" class=\"attachment-large size-large\" alt=\"\" srcset=\"https:\/\/noomooo.com\/wp-content\/uploads\/2025\/08\/7.jpg 900w, https:\/\/noomooo.com\/wp-content\/uploads\/2025\/08\/7-300x212.jpg 300w, https:\/\/noomooo.com\/wp-content\/uploads\/2025\/08\/7-768x544.jpg 768w, https:\/\/noomooo.com\/wp-content\/uploads\/2025\/08\/7-18x12.jpg 18w, https:\/\/noomooo.com\/wp-content\/uploads\/2025\/08\/7-750x531.jpg 750w\" sizes=\"auto, (max-width: 900px) 100vw, 900px\" title=\"\">\t\t\t\t\t\t\n\t\t\t\t\t<\/div>\n\t\t\t\t\t\t<\/a>\t\t\n<style>\n#image_790877713 {\n  width: 100%;\n}\n<\/style>\n\t<\/div>\n\t\n\n\t<div id=\"text-3953567176\" class=\"text\">\n\t\t\n\n<h2 style=\"text-align: center;\"><a href=\"\/fr\/recettes-noomooo\/recettes-sans-lactose\/\">Cuisiner sans lactose<\/a><\/h2>\n\t\t\n<style>\n#text-3953567176 {\n  color: #d2abff;\n}\n#text-3953567176 > * {\n  color: #d2abff;\n}\n<\/style>\n\t<\/div>\n\t\n<a href=\"\/fr\/recettes-noomooo\/recettes-sans-lactose\/\" class=\"button white is-outline is-small\" style=\"border-radius:99px;\">\n\t\t<span>Recettes sans lactose<\/span>\n\t<\/a>\n\n\n\n\t\t<\/div>\n\t\t\t\t\n<style>\n#col-257411024 > .col-inner {\n  margin: 0px 0px -50px 0px;\n}\n<\/style>\n\t<\/div>\n\n\t\n\n<\/div>\n\n\t\t<\/div>\n\n\t\t\n<style>\n#section_1769304540 {\n  padding-top: 30px;\n  padding-bottom: 30px;\n}\n<\/style>\n\t<\/section>\n\t\n\n\t<section class=\"section\" id=\"section_1842343718\">\n\t\t<div class=\"section-bg fill\" >\n\t\t\t\t\t\t\t\t\t\n\t\t\t\n\n\t\t<\/div>\n\n\t\t\n\n\t\t<div class=\"section-content relative\">\n\t\t\t\n\n\n  \n    <div id=\"row-541775581\" class=\"row large-columns-3 medium-columns- small-columns-1 row-masonry\" data-packery-options='{\"itemSelector\": \".col\", \"gutter\": 0, \"presentageWidth\" : true}'>\n\n  <div class=\"col post-item\" >\n\t\t\t<div class=\"col-inner\">\n\t\t\t\t<div class=\"box box-text-bottom box-blog-post has-hover\">\n          \t\t\t\t\t<div class=\"box-text text-center\" >\n\t\t\t\t\t<div class=\"box-text-inner blog-post-inner\">\n\n\t\t\t\t\t\n\t\t\t\t\t\t\t\t\t\t<h5 class=\"post-title is-large\">\n\t\t\t\t\t\t<a href=\"https:\/\/noomooo.com\/fr\/message-test-1\/\" class=\"plain\">Message test 1<\/a>\n\t\t\t\t\t<\/h5>\n\t\t\t\t\t<div class=\"post-meta is-small op-8\">8 f\u00e9vrier 2026<\/div>\t\t\t\t\t<div class=\"is-divider\"><\/div>\n\t\t\t\t\t\t\t\t\t\t<p class=\"from_the_blog_excerpt\">\n\t\t\t\t\t\t\t\t\t\t\t<\/p>\n\t\t\t\t\t                    \n\t\t\t\t\t\n\t\t\t\t\t\n\t\t\t\t\t<\/div>\n\t\t\t\t\t<\/div>\n\t\t\t\t\t\t\t\t\t<\/div>\n\t\t\t<\/div>\n\t\t<\/div><div class=\"col post-item\" >\n\t\t\t<div class=\"col-inner\">\n\t\t\t\t<div class=\"box box-text-bottom box-blog-post has-hover\">\n            \t\t\t\t\t<div class=\"box-image\" >\n  \t\t\t\t\t\t<div class=\"image-cover\" style=\"padding-top:180px;\">\n\t\t\t\t\t\t\t<a href=\"https:\/\/noomooo.com\/fr\/pates-cremeuses-a-la-creme-de-noix-de-cajou-et-aux-epinards\/\" class=\"plain\" aria-label=\"P\u00e2tes cr\u00e9meuses \u00e0 la cr\u00e8me de noix de cajou et aux \u00e9pinards\">\n\t\t\t\t\t\t\t\t<img loading=\"lazy\" decoding=\"async\" width=\"300\" height=\"300\" src=\"https:\/\/noomooo.com\/wp-content\/uploads\/2025\/09\/ChatGPT-Image-19-sep-2025-01_28_33-300x300.png\" class=\"attachment-medium size-medium wp-post-image\" alt=\"\" srcset=\"https:\/\/noomooo.com\/wp-content\/uploads\/2025\/09\/ChatGPT-Image-19-sep-2025-01_28_33-300x300.png 300w, https:\/\/noomooo.com\/wp-content\/uploads\/2025\/09\/ChatGPT-Image-19-sep-2025-01_28_33-150x150.png 150w, https:\/\/noomooo.com\/wp-content\/uploads\/2025\/09\/ChatGPT-Image-19-sep-2025-01_28_33-768x768.png 768w, https:\/\/noomooo.com\/wp-content\/uploads\/2025\/09\/ChatGPT-Image-19-sep-2025-01_28_33-12x12.png 12w, https:\/\/noomooo.com\/wp-content\/uploads\/2025\/09\/ChatGPT-Image-19-sep-2025-01_28_33-750x750.png 750w, https:\/\/noomooo.com\/wp-content\/uploads\/2025\/09\/ChatGPT-Image-19-sep-2025-01_28_33-100x100.png 100w, https:\/\/noomooo.com\/wp-content\/uploads\/2025\/09\/ChatGPT-Image-19-sep-2025-01_28_33.png 1024w\" sizes=\"auto, (max-width: 300px) 100vw, 300px\" title=\"\">\t\t\t\t\t\t\t<\/a>\n  \t\t\t\t\t\t\t  \t\t\t\t\t\t\t  \t\t\t\t\t\t<\/div>\n  \t\t\t\t\t\t  \t\t\t\t\t<\/div>\n          \t\t\t\t\t<div class=\"box-text text-center\" >\n\t\t\t\t\t<div class=\"box-text-inner blog-post-inner\">\n\n\t\t\t\t\t\n\t\t\t\t\t\t\t\t\t\t<h5 class=\"post-title is-large\">\n\t\t\t\t\t\t<a href=\"https:\/\/noomooo.com\/fr\/pates-cremeuses-a-la-creme-de-noix-de-cajou-et-aux-epinards\/\" class=\"plain\">P\u00e2tes cr\u00e9meuses \u00e0 la cr\u00e8me de noix de cajou et aux \u00e9pinards<\/a>\n\t\t\t\t\t<\/h5>\n\t\t\t\t\t\t\t\t\t\t<div class=\"is-divider\"><\/div>\n\t\t\t\t\t\t\t\t\t\t<p class=\"from_the_blog_excerpt\">\n\t\t\t\t\t\tP\u00e2tes cr\u00e9meuses \u00e0 la cr\u00e8me de noix de cajou et aux \u00e9pinards Ces p\u00e2tes sont si cr\u00e9meuses que personne ne trouvera le lait de vache...\t\t\t\t\t<\/p>\n\t\t\t\t\t                    \n\t\t\t\t\t\n\t\t\t\t\t\n\t\t\t\t\t<\/div>\n\t\t\t\t\t<\/div>\n\t\t\t\t\t\t\t\t\t\t\t\t\t\t\t\t<div class=\"badge absolute top post-date badge-square\">\n\t\t\t\t\t\t\t<div class=\"badge-inner\">\n\t\t\t\t\t\t\t\t<span class=\"post-date-day\">19<\/span><br>\n\t\t\t\t\t\t\t\t<span class=\"post-date-month is-xsmall\">Sep<\/span>\n\t\t\t\t\t\t\t<\/div>\n\t\t\t\t\t\t<\/div>\n\t\t\t\t\t\t\t\t\t<\/div>\n\t\t\t<\/div>\n\t\t<\/div><\/div>\n\n\n\t\t<\/div>\n\n\t\t\n<style>\n#section_1842343718 {\n  padding-top: 30px;\n  padding-bottom: 30px;\n}\n<\/style>\n\t<\/section>\n\t\n\n\n\n<p><\/p>","protected":false},"excerpt":{"rendered":"","protected":false},"author":1,"featured_media":0,"parent":0,"menu_order":0,"comment_status":"closed","ping_status":"closed","template":"","meta":{"_acf_changed":false,"footnotes":""},"class_list":["post-83934","page","type-page","status-publish","hentry"],"acf":[],"_links":{"self":[{"href":"https:\/\/noomooo.com\/fr\/wp-json\/wp\/v2\/pages\/83934","targetHints":{"allow":["GET"]}}],"collection":[{"href":"https:\/\/noomooo.com\/fr\/wp-json\/wp\/v2\/pages"}],"about":[{"href":"https:\/\/noomooo.com\/fr\/wp-json\/wp\/v2\/types\/page"}],"author":[{"embeddable":true,"href":"https:\/\/noomooo.com\/fr\/wp-json\/wp\/v2\/users\/1"}],"replies":[{"embeddable":true,"href":"https:\/\/noomooo.com\/fr\/wp-json\/wp\/v2\/comments?post=83934"}],"version-history":[{"count":5,"href":"https:\/\/noomooo.com\/fr\/wp-json\/wp\/v2\/pages\/83934\/revisions"}],"predecessor-version":[{"id":84252,"href":"https:\/\/noomooo.com\/fr\/wp-json\/wp\/v2\/pages\/83934\/revisions\/84252"}],"wp:attachment":[{"href":"https:\/\/noomooo.com\/fr\/wp-json\/wp\/v2\/media?parent=83934"}],"curies":[{"name":"wp","href":"https:\/\/api.w.org\/{rel}","templated":true}]}}