{"id":3,"date":"2025-06-02T14:14:52","date_gmt":"2025-06-02T14:14:52","guid":{"rendered":"https:\/\/noomooo.com\/?page_id=3"},"modified":"2025-08-28T15:14:44","modified_gmt":"2025-08-28T13:14:44","slug":"politique-de-confidentialite","status":"publish","type":"page","link":"https:\/\/noomooo.com\/fr\/politique-de-confidentialite\/","title":{"rendered":"Politique de confidentialit\u00e9"},"content":{"rendered":"<p>NooMooo attache une grande importance \u00e0 la protection de la vie priv\u00e9e de ses visiteurs, notamment en ce qui concerne les droits des visiteurs en mati\u00e8re de traitement automatis\u00e9 des donn\u00e9es \u00e0 caract\u00e8re personnel. Par cons\u00e9quent, NooMooo ne recueille que les informations n\u00e9cessaires aupr\u00e8s de tous les utilisateurs de son site et veille \u00e0 ce que les informations personnelles que vous fournissez soient trait\u00e9es de mani\u00e8re confidentielle. <\/p>\n\n\n\n<p>Ces informations ne sont pas partag\u00e9es avec des tiers sans votre consentement, et aucune information n'est stock\u00e9e sur votre visite du site web de NooMooo, sauf pour analyser la performance du contenu gr\u00e2ce \u00e0 l'utilisation de cookies. Vous pouvez d\u00e9sactiver ces cookies \u00e0 tout moment par le biais des param\u00e8tres de votre navigateur.<\/p>\n\n\n\n<p>Pour plus d'informations sur la protection des donn\u00e9es personnelles, veuillez consulter le site de l'autorit\u00e9 charg\u00e9e des donn\u00e9es personnelles :&nbsp;<a href=\"https:\/\/autoriteitpersoonsgegevens.nl\/nl\" target=\"_blank\" rel=\"noreferrer noopener nofollow\">https:\/\/autoriteitpersoonsgegevens.nl\/nl<\/a>.<\/p>\n\n\n\n<p>Tant que vous n'avez pas accept\u00e9 l'utilisation de cookies et\/ou d'autres syst\u00e8mes de suivi sur le site web, nous ne pla\u00e7ons pas de cookies analytiques non anonymis\u00e9s et\/ou de cookies de suivi sur votre ordinateur, votre t\u00e9l\u00e9phone portable ou votre tablette.<\/p>\n\n\n\n<p>En continuant \u00e0 visiter ce site web, vous acceptez les termes et conditions suivants.<\/p>\n\n\n\n<p>La version actuellement disponible de la politique de confidentialit\u00e9 est la seule version applicable tant que vous visitez le site web, jusqu'\u00e0 ce qu'une nouvelle version remplace la pr\u00e9c\u00e9dente.<\/p>\n\n\n\n<h2 class=\"wp-block-heading\"><strong>Collecte de donn\u00e9es<\/strong><\/h2>\n\n\n\n<p>Vos donn\u00e9es sont collect\u00e9es par NooMooo et tout sous-traitant tiers. Une personne physique identifiable est une personne qui peut \u00eatre identifi\u00e9e, directement ou indirectement, notamment au moyen d'un identifiant tel qu'un nom, un num\u00e9ro d'identification, des donn\u00e9es de localisation, un identifiant en ligne ou un ou plusieurs \u00e9l\u00e9ments caract\u00e9risant l'identit\u00e9 physique, physiologique, g\u00e9n\u00e9tique, psychologique, \u00e9conomique, culturelle ou sociale.<\/p>\n\n\n\n<p>Les donn\u00e9es personnelles collect\u00e9es sur le site web sont principalement utilis\u00e9es par l'administrateur pour maintenir les relations avec vous et, le cas \u00e9ch\u00e9ant, pour traiter les commandes.<\/p>\n\n\n\n<h2 class=\"wp-block-heading\"><strong>Vos droits concernant vos donn\u00e9es<\/strong><\/h2>\n\n\n\n<p>En vertu de l'article 13, paragraphe 2, point b), de l'avg, toute personne a le droit d'acc\u00e9der \u00e0 ses donn\u00e9es \u00e0 caract\u00e8re personnel, de les rectifier, de les effacer ou de limiter le traitement qui la concerne, ainsi que le droit de s'opposer au traitement et le droit \u00e0 la portabilit\u00e9 des donn\u00e9es. Vous pouvez exercer ces droits en nous contactant \u00e0 l'adresse suivante <a href=\"mailto:info@noomooo.com\">info@noomooo.com<\/a><\/p>\n\n\n\n<p>Toute demande de ce type doit \u00eatre accompagn\u00e9e d'une copie d'un document d'identit\u00e9 valide sur lequel vous avez appos\u00e9 votre signature et indiquant l'adresse \u00e0 laquelle vous pouvez \u00eatre contact\u00e9.<\/p>\n\n\n\n<h2 class=\"wp-block-heading\"><strong>Traitement des donn\u00e9es \u00e0 caract\u00e8re personnel<\/strong><\/h2>\n\n\n\n<p>En cas de violation d'une loi ou d'un r\u00e8glement, dont le visiteur est soup\u00e7onn\u00e9 et pour laquelle l'autorit\u00e9 a besoin des donn\u00e9es personnelles collect\u00e9es par l'administrateur, celles-ci leur seront fournies apr\u00e8s une demande explicite et motiv\u00e9e de la part des autorit\u00e9s, apr\u00e8s quoi ces donn\u00e9es personnelles ne seront plus prot\u00e9g\u00e9es par les dispositions de la pr\u00e9sente d\u00e9claration de confidentialit\u00e9.<\/p>\n\n\n\n<p>Si certaines informations sont n\u00e9cessaires pour acc\u00e9der \u00e0 certaines fonctionnalit\u00e9s du site web, le responsable indiquera le caract\u00e8re obligatoire de ces informations au moment de la demande de donn\u00e9es.<\/p>\n\n\n\n<h2 class=\"wp-block-heading\"><strong>Offres commerciales<\/strong><\/h2>\n\n\n\n<p>Vous pouvez recevoir des offres commerciales de la part de l'administrateur. Si vous ne souhaitez pas (ou plus) les recevoir, veuillez envoyer un e-mail \u00e0 l'adresse suivante : info@noomooo.com<\/p>\n\n\n\n<p>Si vous rencontrez des donn\u00e9es personnelles lors de votre visite sur le site, vous devez vous abstenir de les collecter ou de toute autre utilisation non autoris\u00e9e, ainsi que de tout acte portant atteinte \u00e0 la vie priv\u00e9e de cette ou ces personnes. L'administrateur n'est en aucun cas responsable des situations susmentionn\u00e9es.<\/p>\n\n\n\n<h2 class=\"wp-block-heading\"><strong>P\u00e9riode de conservation des donn\u00e9es<\/strong><\/h2>\n\n\n\n<p>Les donn\u00e9es collect\u00e9es par l'op\u00e9rateur du site web seront utilis\u00e9es et stock\u00e9es pour la dur\u00e9e pr\u00e9vue par la loi.<\/p>\n\n\n\n<h2 class=\"wp-block-heading\"><strong>Cookies<\/strong><\/h2>\n\n\n\n<p>Les visiteurs des sites web rencontrent des cookies. Les cookies sont de petits fichiers qui permettent de collecter et d'utiliser des informations. Il s'agit d'un petit fichier texte qui est plac\u00e9 sur le disque dur de votre ordinateur lorsque vous visitez notre site web. Un cookie contient des donn\u00e9es qui permettent de vous reconna\u00eetre en tant que visiteur \u00e0 chaque fois que vous visitez notre site web. <\/p>\n\n\n\n<p>Il est alors possible de configurer notre site web sp\u00e9cifiquement pour vous et de faciliter la connexion. Les sites web deviennent plus conviviaux gr\u00e2ce \u00e0 l'utilisation de cookies. Les cookies permettent, par exemple, de m\u00e9moriser vos pr\u00e9f\u00e9rences, telles que les param\u00e8tres de localisation et de langue. En outre, ils peuvent garder une trace de votre panier d'achat num\u00e9rique. Les propri\u00e9taires de sites web peuvent conna\u00eetre la fr\u00e9quence de visite de leurs sites gr\u00e2ce aux cookies.<\/p>\n\n\n\n<p>Lorsque vous visitez notre site web, une banni\u00e8re appara\u00eet pour vous informer de l'utilisation de cookies. En continuant \u00e0 utiliser notre site, vous acceptez leur utilisation. Votre consentement est valable pour une p\u00e9riode de treize mois.<\/p>\n\n\n\n<h2 class=\"wp-block-heading\"><strong>Comment nous utilisons les cookies<\/strong><\/h2>\n\n\n\n<p>Nous utilisons des cookies sur nos sites web (mobiles) et sur d'autres canaux m\u00e9diatiques connexes ou connect\u00e9s. Nous utilisons des cookies, des balises web, des pixels de suivi et d'autres technologies de suivi parce qu'ils nous aident \u00e0 personnaliser nos services et \u00e0 am\u00e9liorer votre exp\u00e9rience d'achat.<\/p>\n\n\n\n<p>Lorsque vous utilisez et acc\u00e9dez \u00e0 notre service, nous pouvons placer des fichiers cookies dans votre navigateur web.<br>Nous utilisons des cookies aux fins suivantes :<\/p>\n\n\n\n<ul class=\"wp-block-list\">\n<li>Pour activer certaines fonctionnalit\u00e9s de notre site web et de nos services.<\/li>\n\n\n\n<li>Nous utilisons \u00e0 la fois des cookies de session et des cookies persistants.<\/li>\n\n\n\n<li>Nous utilisons des cookies essentiels pour authentifier les utilisateurs et emp\u00eacher l'utilisation frauduleuse de nos services.<\/li>\n\n\n\n<li>Nous utilisons des cookies non essentiels pour am\u00e9liorer nos services, personnaliser le contenu du serveur et \u00e0 des fins de remarketing.<\/li>\n<\/ul>\n\n\n\n<p>Veuillez noter que vous avez le droit de refuser, de d\u00e9sactiver ou de supprimer nos cookies. Toutefois, si vous refusez ou supprimez nos cookies, il se peut que vous ne puissiez pas utiliser toutes les fonctions que nous offrons. Certaines de nos pages pourraient ne pas s'afficher correctement et vous pourriez ne pas \u00eatre en mesure d'effectuer des achats sur notre site web.<\/p>\n\n\n\n<h2 class=\"wp-block-heading\"><strong>Quels sont les cookies que nous utilisons ?<\/strong><\/h2>\n\n\n\n<p>Sur notre site web, nous pouvons utiliser les types de cookies suivants :<\/p>\n\n\n\n<ul class=\"wp-block-list\">\n<li>Cookies fonctionnels : tels que les cookies de session et de connexion pour conserver les informations de session et de connexion. Par exemple, pour se souvenir de vos pr\u00e9f\u00e9rences.<\/li>\n\n\n\n<li>Cookies analytiques anonymes : pour mieux comprendre les visites sur notre site web sur la base d'informations concernant le nombre de visiteurs, les pages et les sujets les plus populaires. Cela nous permet de mieux adapter la communication et la fourniture d'informations aux besoins des visiteurs de notre site web. Ce faisant, nous ne pouvons pas savoir qui visite nos sites web ni \u00e0 partir de quel ordinateur la visite a lieu.<\/li>\n\n\n\n<li>Cookies analytiques non anonymes : pour mieux comprendre les visites sur notre site web en se basant sur des informations concernant le nombre de visiteurs, les pages et les sujets les plus populaires. Cela nous permet de mieux adapter la communication et la fourniture d'informations aux besoins des visiteurs de notre site web.<\/li>\n\n\n\n<li>Les cookies de suivi : comme les cookies publicitaires, ils sont con\u00e7us pour afficher des publicit\u00e9s pertinentes. Les int\u00e9r\u00eats personnels peuvent \u00eatre d\u00e9duits des informations sur les sites web visit\u00e9s. Cela permet aux organisations de pr\u00e9senter aux visiteurs de leurs sites web des publicit\u00e9s cibl\u00e9es, par exemple. Les cookies de suivi permettent d'\u00e9tablir des profils de personnes. Le suivi implique g\u00e9n\u00e9ralement le traitement de donn\u00e9es \u00e0 caract\u00e8re personnel.<\/li>\n<\/ul>\n\n\n\n<p>L'utilisation des cookies est s\u00fbre. Les virus, les logiciels malveillants, les courriels et les actions de t\u00e9l\u00e9marketing ne r\u00e9sultent pas de l'utilisation de cookies. En effet, les cookies ne stockent pas votre adresse \u00e9lectronique, votre num\u00e9ro de t\u00e9l\u00e9phone ou d'autres donn\u00e9es personnelles.<\/p>\n\n\n\n<h2 class=\"wp-block-heading\"><strong>Autres technologies de suivi<\/strong><\/h2>\n\n\n\n<p>Outre les cookies, nous pouvons \u00e9galement utiliser des balises web, des pixels et d'autres technologies de suivi sur notre site web. Ces technologies nous aident \u00e0 am\u00e9liorer votre exp\u00e9rience sur notre site web. Une \"balise web\" ou \"pixel tag\" est un petit objet ou une image int\u00e9gr\u00e9(e) dans une page web ou un e-mail. Ils sont utilis\u00e9s pour conna\u00eetre le nombre d'utilisateurs qui ont visit\u00e9 certaines pages ou consult\u00e9 des courriels. <\/p>\n\n\n\n<p>Ils servent uniquement \u00e0 collecter des donn\u00e9es statistiques. Seule une quantit\u00e9 limit\u00e9e de donn\u00e9es est collect\u00e9e, comme un num\u00e9ro de cookie, l'heure et la date de la consultation de la page ou de l'e-mail, ainsi qu'une description de la page ou de l'e-mail sur lequel ils se trouvaient. Les balises web et les pixels invisibles ne peuvent pas \u00eatre rejet\u00e9s. Toutefois, vous pouvez limiter leur utilisation en contr\u00f4lant les cookies qui communiquent avec eux.<\/p>\n\n\n\n<h2 class=\"wp-block-heading\"><strong>Cookies pour l'analyse du site web<\/strong><\/h2>\n\n\n\n<p>Pour suivre les statistiques de nos visiteurs, nous utilisons Google Analytics. Cela permet de savoir comment notre site web est utilis\u00e9. Nous utilisons ces informations pour mieux conna\u00eetre nos visiteurs et optimiser notre site en cons\u00e9quence. Google, qui fournit ce service, utilise ces informations pour \u00e9tablir un profil publicitaire pertinent et anonyme afin de proposer des annonces plus cibl\u00e9es.<\/p>\n\n\n\n<p>Vous pouvez emp\u00eacher l'enregistrement des cookies en param\u00e9trant votre logiciel de navigation en cons\u00e9quence. En outre, vous pouvez emp\u00eacher google d'enregistrer les donn\u00e9es g\u00e9n\u00e9r\u00e9es par les cookies concernant votre utilisation du site web (y compris votre adresse IP) et de traiter ces donn\u00e9es en utilisant le module d'extension de navigateur disponible \u00e0 l'adresse suivante&nbsp;<a href=\"https:\/\/tools.google.com\/dlpage\/gaoptout?hl=nl\" target=\"_blank\" rel=\"noreferrer noopener nofollow\">https:\/\/tools.google.com\/dlpage\/gaoptout?hl=nl<\/a>&nbsp;t\u00e9l\u00e9charger et installer.<\/p>\n\n\n\n<p>Vous ne pouvez supprimer les cookies que vous-m\u00eame, car ils sont stock\u00e9s sur votre ordinateur. Veuillez consulter le manuel de votre navigateur \u00e0 cet effet.<\/p>\n\n\n\n<p>Nous ne sommes pas responsables de la republication du contenu de ce blog sur d'autres sites web ou m\u00e9dias sans notre consentement. Cette politique en mati\u00e8re de cookies peut \u00eatre modifi\u00e9e sans pr\u00e9avis.<\/p>\n\n\n\n<h2 class=\"wp-block-heading\">Liens d'affiliation et donn\u00e9es personnelles<\/h2>\n\n\n\n<p>Sur NooMooo, nous utilisons <strong>liens affili\u00e9s<\/strong>. Cela signifie que, dans certains articles ou pages, nous \u00e9tablissons des liens vers des sites web externes (tels que des boutiques en ligne) o\u00f9 vous pouvez acheter des produits. Si vous achetez quelque chose par le biais d'un tel lien, nous recevons une petite commission.<\/p>\n\n\n\n<p>Pour le bon fonctionnement de ces programmes d'affiliation, il peut y avoir <strong>cookies de suivi<\/strong> sont mis en place par le fournisseur externe. Ces cookies enregistrent le fait que vous \u00eates arriv\u00e9 sur la page externe via notre site web. Cela se fait g\u00e9n\u00e9ralement \u00e0 l'aide d'un identifiant unique et anonyme. Ce suivi est effectu\u00e9 sous l'enti\u00e8re responsabilit\u00e9 de la partie externe concern\u00e9e, telle que Bol.com ou Daisycon.<\/p>\n\n\n\n<p>Remarque :<\/p>\n\n\n\n<ul class=\"wp-block-list\">\n<li>Nous <strong>ne traitent pas eux-m\u00eames les donn\u00e9es \u00e0 caract\u00e8re personnel<\/strong> dans le cadre des liens d'affiliation.<\/li>\n\n\n\n<li>Nous avons <strong>pas d'acc\u00e8s aux donn\u00e9es<\/strong> sur vos achats, \u00e0 l'exception du fait qu'un achat a \u00e9t\u00e9 effectu\u00e9 par l'interm\u00e9diaire de NooMooo.<\/li>\n\n\n\n<li>Nous vous conseillons d'utiliser le <strong>politique de confidentialit\u00e9 de la boutique en ligne concern\u00e9e<\/strong> lire attentivement avant d'acheter.<\/li>\n<\/ul>\n\n\n\n<p>Vous pouvez toujours d\u00e9sactiver les cookies de suivi via les param\u00e8tres de votre navigateur ou ajuster vos pr\u00e9f\u00e9rences via la banni\u00e8re des cookies lors de votre premi\u00e8re visite sur notre site web.<\/p>\n\n\n\n<h2 class=\"wp-block-heading\"><strong>Plaintes<\/strong><\/h2>\n\n\n\n<p>Si vous avez une r\u00e9clamation concernant le traitement de vos donn\u00e9es personnelles, nous vous demandons de nous contacter directement \u00e0 ce sujet. Si nous ne parvenons pas \u00e0 trouver une solution avec vous, cela nous ennuiera beaucoup. Vous avez toujours le droit d'introduire une plainte aupr\u00e8s de l'autorit\u00e9 charg\u00e9e des donn\u00e9es personnelles, qui est l'autorit\u00e9 de contr\u00f4le dans le domaine de la protection de la vie priv\u00e9e.<\/p>\n\n\n\n<h2 class=\"wp-block-heading\"><strong>Contact<\/strong><\/h2>\n\n\n\n<p>Pour toute question concernant le traitement de vos donn\u00e9es personnelles ou le site web lui-m\u00eame, veuillez contacter notre responsable du traitement des donn\u00e9es \u00e0 l'adresse info@noomooo.com.<\/p>","protected":false},"excerpt":{"rendered":"<p>NooMooo accorde une grande importance \u00e0 la confidentialit\u00e9 de ses visiteurs, notamment en ce qui concerne leurs droits relatifs au traitement automatis\u00e9 des donn\u00e9es \u00e0 caract\u00e8re personnel. C'est pourquoi NooMooo ne collecte que les informations n\u00e9cessaires aupr\u00e8s de tous les utilisateurs de son site et veille \u00e0 ce que les informations personnelles que vous fournissez soient trait\u00e9es de mani\u00e8re confidentielle. Ces informations ne sont pas...<\/p>","protected":false},"author":2,"featured_media":0,"parent":0,"menu_order":0,"comment_status":"closed","ping_status":"open","template":"page-blank-title-center.php","meta":{"_acf_changed":false,"footnotes":""},"class_list":["post-3","page","type-page","status-publish","hentry"],"acf":[],"_links":{"self":[{"href":"https:\/\/noomooo.com\/fr\/wp-json\/wp\/v2\/pages\/3","targetHints":{"allow":["GET"]}}],"collection":[{"href":"https:\/\/noomooo.com\/fr\/wp-json\/wp\/v2\/pages"}],"about":[{"href":"https:\/\/noomooo.com\/fr\/wp-json\/wp\/v2\/types\/page"}],"author":[{"embeddable":true,"href":"https:\/\/noomooo.com\/fr\/wp-json\/wp\/v2\/users\/2"}],"replies":[{"embeddable":true,"href":"https:\/\/noomooo.com\/fr\/wp-json\/wp\/v2\/comments?post=3"}],"version-history":[{"count":4,"href":"https:\/\/noomooo.com\/fr\/wp-json\/wp\/v2\/pages\/3\/revisions"}],"predecessor-version":[{"id":1028,"href":"https:\/\/noomooo.com\/fr\/wp-json\/wp\/v2\/pages\/3\/revisions\/1028"}],"wp:attachment":[{"href":"https:\/\/noomooo.com\/fr\/wp-json\/wp\/v2\/media?parent=3"}],"curies":[{"name":"wp","href":"https:\/\/api.w.org\/{rel}","templated":true}]}}