{"id":237,"date":"2025-08-10T21:46:00","date_gmt":"2025-08-10T19:46:00","guid":{"rendered":"https:\/\/noomooo.com\/?page_id=237"},"modified":"2025-09-03T00:14:12","modified_gmt":"2025-09-02T22:14:12","slug":"a-propos-de-nous","status":"publish","type":"page","link":"https:\/\/noomooo.com\/fr\/a-propos-de-nous\/","title":{"rendered":"A propos de nous"},"content":{"rendered":"<section class=\"section\" id=\"section_2107244862\">\n\t\t<div class=\"section-bg fill\" >\n\t\t\t<img loading=\"lazy\" decoding=\"async\" width=\"900\" height=\"637\" src=\"https:\/\/noomooo.com\/wp-content\/uploads\/2025\/08\/3.jpg\" class=\"bg attachment- size-\" alt=\"\" title=\"\">\t\t\t\t\t\t<div class=\"section-bg-overlay absolute fill\"><\/div>\n\t\t\t\n\n\t\t<\/div>\n\n\t\t\n\t<div class=\"ux-shape-divider ux-shape-divider--bottom ux-shape-divider--style-waves\">\n\t\t<svg viewbox=\"0 0 1200 120\" xmlns=\"http:\/\/www.w3.org\/2000\/svg\" preserveaspectratio=\"none\">\n  <path class=\"ux-shape-fill\" d=\"M321.39 63.56c58 10.79 114.16 30.13 172 41.86 82.39 16.72 168.19 17.73 250.45.39C823.78 89 906.67 48 985.66 27.17c70.05-18.48 146.53-26.09 214.34-3V120H0V92.65a600.21 600.21 0 01321.39-29.09z\"\/>\n<\/svg>\n\t<\/div>\n\n\t\t<div class=\"section-content relative\">\n\t\t\t\n\n<div class=\"row row-collapse align-middle align-center\"  id=\"row-637669518\">\n\n\n\t<div id=\"col-1982293771\" class=\"col medium-10 small-12 large-10\"  >\n\t\t\t\t<div class=\"col-inner\"  >\n\t\t\t\n\t\t\t\n\n\t<div id=\"text-283333885\" class=\"text\">\n\t\t\n\n<h1>\u00c0 propos de NooMooo<\/h1>\n\t\t\n<style>\n#text-283333885 {\n  font-size: 2rem;\n  text-align: center;\n  color: rgb(255,255,255);\n}\n#text-283333885 > * {\n  color: rgb(255,255,255);\n}\n<\/style>\n\t<\/div>\n\t\n\n\t\t<\/div>\n\t\t\t\t\n<style>\n#col-1982293771 > .col-inner {\n  padding: 30px 0px 0px 0px;\n}\n<\/style>\n\t<\/div>\n\n\t\n\n<\/div>\n\n\t\t<\/div>\n\n\t\t\n<style>\n#section_2107244862 {\n  padding-top: 30px;\n  padding-bottom: 30px;\n}\n#section_2107244862 .section-bg-overlay {\n  background-color: rgb(210, 171, 255);\n}\n#section_2107244862 .section-bg img {\n  object-position: 27% 45%;\n}\n#section_2107244862 .ux-shape-divider--bottom svg {\n  height: 150px;\n  --divider-width: 300%;\n}\n@media (min-width:550px) {\n  #section_2107244862 .ux-shape-divider--bottom svg {\n    --divider-width: 240%;\n  }\n}\n<\/style>\n\t<\/section>\n\t\n\n\t<section class=\"section\" id=\"section_108807371\">\n\t\t<div class=\"section-bg fill\" >\n\t\t\t\t\t\t\t\t\t\n\t\t\t\n\n\t\t<\/div>\n\n\t\t\n\t<div class=\"ux-shape-divider ux-shape-divider--bottom ux-shape-divider--style-waves\">\n\t\t<svg viewbox=\"0 0 1200 120\" xmlns=\"http:\/\/www.w3.org\/2000\/svg\" preserveaspectratio=\"none\">\n  <path class=\"ux-shape-fill\" d=\"M321.39 63.56c58 10.79 114.16 30.13 172 41.86 82.39 16.72 168.19 17.73 250.45.39C823.78 89 906.67 48 985.66 27.17c70.05-18.48 146.53-26.09 214.34-3V120H0V92.65a600.21 600.21 0 01321.39-29.09z\"\/>\n<\/svg>\n\t<\/div>\n\n\t\t<div class=\"section-content relative\">\n\t\t\t\n\n<div class=\"row\"  id=\"row-333319514\">\n\n\n\t<div id=\"col-782405414\" class=\"col medium-8 small-12 large-8\"  >\n\t\t\t\t<div class=\"col-inner\"  >\n\t\t\t\n\t\t\t\n\n<h2>Tout ce qu'il faut savoir pour vivre sans lait de vache et sans lactose<\/h2>\n<p>Bienvenue sur NooMooo. Ici, je rassemble tout ce que vous voulez savoir sur l'intol\u00e9rance au lait de vache, l'intol\u00e9rance au lactose et tout ce qui s'y rapporte. J'explore pour que vous n'ayez pas \u00e0 le faire.<\/p>\n<p>NooMooo apporte le calme et une vue d'ensemble. En un seul endroit, dans un langage simple. Vous disposez d'outils pratiques pour la maison, le restaurant, les vacances et le supermarch\u00e9. NooMooo est l\u00e0 pour tous ceux qui constatent que le lait de vache est source d'ennuis et qui pr\u00e9f\u00e8rent la clart\u00e9.<\/p>\n<p>Pour les parents qui veulent aider leur enfant sans le suivre au quotidien. Pour les personnes qui veulent choisir en toute confiance ce qui peut \u00eatre fait. Et pour les professionnels de l'h\u00f4tellerie et de la restauration qui veulent \u00eatre attentifs \u00e0 leurs invit\u00e9s ou \u00e0 leur famille.<\/p>\n\n\t\t<\/div>\n\t\t\t\t\t<\/div>\n\n\t\n\n\t<div id=\"col-1631771877\" class=\"col medium-4 small-12 large-4 small-col-first\"  >\n\t\t\t\t<div class=\"col-inner\"  >\n\t\t\t\n\t\t\t\n\n\t<div class=\"img has-hover x md-x lg-x y md-y lg-y\" id=\"image_1092994388\">\n\t\t\t\t\t\t\t\t<div class=\"img-inner image-cover dark\" style=\"padding-top:400px;\">\n\t\t\t<img loading=\"lazy\" decoding=\"async\" width=\"900\" height=\"637\" src=\"https:\/\/noomooo.com\/wp-content\/uploads\/2025\/08\/5.jpg\" class=\"attachment-large size-large\" alt=\"\" srcset=\"https:\/\/noomooo.com\/wp-content\/uploads\/2025\/08\/5.jpg 900w, https:\/\/noomooo.com\/wp-content\/uploads\/2025\/08\/5-300x212.jpg 300w, https:\/\/noomooo.com\/wp-content\/uploads\/2025\/08\/5-768x544.jpg 768w, https:\/\/noomooo.com\/wp-content\/uploads\/2025\/08\/5-18x12.jpg 18w, https:\/\/noomooo.com\/wp-content\/uploads\/2025\/08\/5-750x531.jpg 750w\" sizes=\"auto, (max-width: 900px) 100vw, 900px\" title=\"\">\t\t\t\t\t\t\n\t\t\t\t\t<\/div>\n\t\t\t\t\t\t\t\t\n<style>\n#image_1092994388 {\n  width: 100%;\n}\n<\/style>\n\t<\/div>\n\t\n\n\n\t\t<\/div>\n\t\t\t\t\t<\/div>\n\n\t\n\n\n<style>\n#row-333319514 > .col > .col-inner {\n  padding: 30px 0px 0px 0px;\n}\n<\/style>\n<\/div>\n\n\t\t<\/div>\n\n\t\t\n<style>\n#section_108807371 {\n  padding-top: 0px;\n  padding-bottom: 0px;\n}\n#section_108807371 .ux-shape-divider--bottom svg {\n  height: 50px;\n  --divider-width: 100%;\n}\n#section_108807371 .ux-shape-divider--bottom .ux-shape-fill {\n  fill: rgb(210, 171, 255);\n}\n@media (min-width:550px) {\n  #section_108807371 {\n    padding-top: 30px;\n    padding-bottom: 30px;\n  }\n  #section_108807371 .ux-shape-divider--bottom svg {\n    height: 150px;\n  }\n}\n<\/style>\n\t<\/section>\n\t\n\n\t<section class=\"section\" id=\"section_459707012\">\n\t\t<div class=\"section-bg fill\" >\n\t\t\t\t\t\t\t\t\t\n\t\t\t\n\n\t\t<\/div>\n\n\t\t\n\n\t\t<div class=\"section-content relative\">\n\t\t\t\n\n<div class=\"row row-collapse\"  id=\"row-375535102\">\n\n\n\t<div id=\"col-1206770014\" class=\"col small-12 large-12\"  >\n\t\t\t\t<div class=\"col-inner\"  >\n\t\t\t\n\t\t\t\n\n\t<div id=\"text-4294194871\" class=\"text\">\n\t\t\n\n<h2>Clause de non-responsabilit\u00e9<\/h2>\n<p>NooMooo est une plateforme d'information. Je ne suis pas m\u00e9decin et ne donne pas de conseils m\u00e9dicaux. J'essaie de faire autant de recherches que possible et de les pr\u00e9senter clairement, afin que vous n'ayez pas \u00e0 le faire. Faites preuve de discernement et consultez votre m\u00e9decin ou votre di\u00e9t\u00e9ticien en cas de doute ou de sympt\u00f4mes persistants.<\/p>\n\t\t\n<style>\n#text-4294194871 {\n  text-align: center;\n  color: rgb(255,255,255);\n}\n#text-4294194871 > * {\n  color: rgb(255,255,255);\n}\n<\/style>\n\t<\/div>\n\t\n\n\t\t<\/div>\n\t\t\t\t\n<style>\n#col-1206770014 > .col-inner {\n  margin: 0px 0px 0px 0px;\n}\n@media (min-width:550px) {\n  #col-1206770014 > .col-inner {\n    margin: 0px 0px 30px 0px;\n  }\n}\n<\/style>\n\t<\/div>\n\n\t\n\n\n<style>\n#row-375535102 > .col > .col-inner {\n  padding: 30px 0px 30px 0px;\n}\n<\/style>\n<\/div>\n\n\t\t<\/div>\n\n\t\t\n<style>\n#section_459707012 {\n  padding-top: 0px;\n  padding-bottom: 0px;\n  background-color: #d2abff;\n}\n<\/style>\n\t<\/section>\n\t\n\n\t<section class=\"section\" id=\"section_196393802\">\n\t\t<div class=\"section-bg fill\" >\n\t\t\t\t\t\t\t\t\t\n\t\t\t\n\n\t\t<\/div>\n\n\t\t\t<div class=\"ux-shape-divider ux-shape-divider--top ux-shape-divider--style-waves\">\n\t\t<svg viewbox=\"0 0 1200 120\" xmlns=\"http:\/\/www.w3.org\/2000\/svg\" preserveaspectratio=\"none\">\n  <path class=\"ux-shape-fill\" d=\"M321.39 63.56c58 10.79 114.16 30.13 172 41.86 82.39 16.72 168.19 17.73 250.45.39C823.78 89 906.67 48 985.66 27.17c70.05-18.48 146.53-26.09 214.34-3V120H0V92.65a600.21 600.21 0 01321.39-29.09z\"\/>\n<\/svg>\n\t<\/div>\n\n\n\t\t<div class=\"section-content relative\">\n\t\t\t\n\n<div class=\"row\"  id=\"row-1244906590\">\n\n\n\t<div id=\"col-2114797710\" class=\"col medium-4 small-12 large-4 small-col-first\"  >\n\t\t\t\t<div class=\"col-inner\"  >\n\t\t\t\n\t\t\t\n\n\t<div class=\"img has-hover x md-x lg-x y md-y lg-y\" id=\"image_1467003661\">\n\t\t\t\t\t\t\t\t<div class=\"img-inner image-cover dark\" style=\"padding-top:400px;\">\n\t\t\t<img loading=\"lazy\" decoding=\"async\" width=\"768\" height=\"1024\" src=\"https:\/\/noomooo.com\/wp-content\/uploads\/2025\/08\/WhatsApp-Image-2025-08-10-at-22.20.48-768x1024.jpeg\" class=\"attachment-large size-large\" alt=\"\" srcset=\"https:\/\/noomooo.com\/wp-content\/uploads\/2025\/08\/WhatsApp-Image-2025-08-10-at-22.20.48-768x1024.jpeg 768w, https:\/\/noomooo.com\/wp-content\/uploads\/2025\/08\/WhatsApp-Image-2025-08-10-at-22.20.48-225x300.jpeg 225w, https:\/\/noomooo.com\/wp-content\/uploads\/2025\/08\/WhatsApp-Image-2025-08-10-at-22.20.48-1152x1536.jpeg 1152w, https:\/\/noomooo.com\/wp-content\/uploads\/2025\/08\/WhatsApp-Image-2025-08-10-at-22.20.48-9x12.jpeg 9w, https:\/\/noomooo.com\/wp-content\/uploads\/2025\/08\/WhatsApp-Image-2025-08-10-at-22.20.48-750x1000.jpeg 750w, https:\/\/noomooo.com\/wp-content\/uploads\/2025\/08\/WhatsApp-Image-2025-08-10-at-22.20.48.jpeg 1200w\" sizes=\"auto, (max-width: 768px) 100vw, 768px\" title=\"\">\t\t\t\t\t\t\n\t\t\t\t\t<\/div>\n\t\t\t\t\t\t\t\t\n<style>\n#image_1467003661 {\n  width: 100%;\n}\n<\/style>\n\t<\/div>\n\t\n\n\n\t\t<\/div>\n\t\t\t\t\t<\/div>\n\n\t\n\n\t<div id=\"col-568931052\" class=\"col medium-8 small-12 large-8\"  >\n\t\t\t\t<div class=\"col-inner\"  >\n\t\t\t\n\t\t\t\n\n<h2>Pourquoi NooMooo ?<\/h2>\n<p>Bonjour, je suis Karlijn, le visage derri\u00e8re NooMooo. J'ai d\u00e9couvert mon intol\u00e9rance au lait de vache en 2021, apr\u00e8s de longues recherches. Ma s\u0153ur a arr\u00eat\u00e9 de consommer du lait de vache et s'est imm\u00e9diatement sentie mieux ; j'ai essay\u00e9 \u00e0 mon tour et les sympt\u00f4mes correspondant au diagnostic de c\u00f4lon irritable ont disparu.<\/p>\n<p>Plus d'incertitude au moment de franchir la porte, plus de vomissements apr\u00e8s un repas au restaurant, plus de maux de ventre ni de double garde-robe \u00e0 cause d'un ventre gonfl\u00e9. Depuis 2021, je me sens \u00e0 nouveau bien, mais j'ai aussi remarqu\u00e9 que l'intol\u00e9rance au lait de vache est souvent confondue avec l'intol\u00e9rance au lactose ou n'est pas prise au s\u00e9rieux.<\/p>\n<p>C'est pourquoi je souhaite attirer l'attention sur cette question de mani\u00e8re positive. Il ne s'agit pas d'une r\u00e9bellion, mais d'un endroit o\u00f9 l'on peut trouver tout ce qu'il faut pour \u00e9viter le lait de vache, le lactose et tout ce qui s'y rapporte. Des exp\u00e9riences honn\u00eates et sinc\u00e8res. Des \u00e9tudes sous diff\u00e9rents angles. Et surtout : des conseils pratiques.<\/p>\n\n\t\t<\/div>\n\t\t\t\t\t<\/div>\n\n\t\n\n<\/div>\n\n\t\t<\/div>\n\n\t\t\n<style>\n#section_196393802 {\n  padding-top: 1px;\n  padding-bottom: 1px;\n}\n#section_196393802 .ux-shape-divider--top svg {\n  height: 50px;\n  --divider-top-width: 162%;\n}\n#section_196393802 .ux-shape-divider--top .ux-shape-fill {\n  fill: #d2abff;\n}\n@media (min-width:550px) {\n  #section_196393802 .ux-shape-divider--top svg {\n    height: 150px;\n  }\n}\n<\/style>\n\t<\/section>\n\t\n<div class=\"row\"  id=\"row-2144383543\">\n\n\n\t<div id=\"col-2075478130\" class=\"col medium-8 small-12 large-8\"  >\n\t\t\t\t<div class=\"col-inner\"  >\n\t\t\t\n\t\t\t\n\n<h2>Coop\u00e9ration et contact<\/h2>\n<p>Vous avez une question, vous voulez partager votre histoire ou fabriquer ensemble un produit qui rend la vie sans lait de vache plus facile et plus savoureuse. N'h\u00e9sitez pas \u00e0 envoyer un message \u00e0 <a href=\"mailto:info@noomooo.com\">info@noomooo.com<\/a>. J'aime r\u00e9fl\u00e9chir et collaborer avec des marques et des personnes qui partagent le m\u00eame objectif.<\/p>\n\n\t\t<\/div>\n\t\t\t\t\t<\/div>\n\n\t\n\n\t<div id=\"col-2053433586\" class=\"col medium-4 small-12 large-4 small-col-first\"  >\n\t\t\t\t<div class=\"col-inner\"  >\n\t\t\t\n\t\t\t\n\n\t<div class=\"img has-hover x md-x lg-x y md-y lg-y\" id=\"image_2022239500\">\n\t\t\t\t\t\t\t\t<div class=\"img-inner image-cover dark\" style=\"padding-top:200px;\">\n\t\t\t<img loading=\"lazy\" decoding=\"async\" width=\"900\" height=\"637\" src=\"https:\/\/noomooo.com\/wp-content\/uploads\/2025\/08\/7-1.jpg\" class=\"attachment-large size-large\" alt=\"\" srcset=\"https:\/\/noomooo.com\/wp-content\/uploads\/2025\/08\/7-1.jpg 900w, https:\/\/noomooo.com\/wp-content\/uploads\/2025\/08\/7-1-300x212.jpg 300w, https:\/\/noomooo.com\/wp-content\/uploads\/2025\/08\/7-1-768x544.jpg 768w, https:\/\/noomooo.com\/wp-content\/uploads\/2025\/08\/7-1-18x12.jpg 18w, https:\/\/noomooo.com\/wp-content\/uploads\/2025\/08\/7-1-750x531.jpg 750w\" sizes=\"auto, (max-width: 900px) 100vw, 900px\" title=\"\">\t\t\t\t\t\t\n\t\t\t\t\t<\/div>\n\t\t\t\t\t\t\t\t\n<style>\n#image_2022239500 {\n  width: 100%;\n}\n<\/style>\n\t<\/div>\n\t\n\n\n\t\t<\/div>\n\t\t\t\t\t<\/div>\n\n\t\n\n<\/div>","protected":false},"excerpt":{"rendered":"","protected":false},"author":2,"featured_media":0,"parent":0,"menu_order":0,"comment_status":"closed","ping_status":"closed","template":"","meta":{"_acf_changed":false,"footnotes":""},"class_list":["post-237","page","type-page","status-publish","hentry"],"acf":[],"_links":{"self":[{"href":"https:\/\/noomooo.com\/fr\/wp-json\/wp\/v2\/pages\/237","targetHints":{"allow":["GET"]}}],"collection":[{"href":"https:\/\/noomooo.com\/fr\/wp-json\/wp\/v2\/pages"}],"about":[{"href":"https:\/\/noomooo.com\/fr\/wp-json\/wp\/v2\/types\/page"}],"author":[{"embeddable":true,"href":"https:\/\/noomooo.com\/fr\/wp-json\/wp\/v2\/users\/2"}],"replies":[{"embeddable":true,"href":"https:\/\/noomooo.com\/fr\/wp-json\/wp\/v2\/comments?post=237"}],"version-history":[{"count":5,"href":"https:\/\/noomooo.com\/fr\/wp-json\/wp\/v2\/pages\/237\/revisions"}],"predecessor-version":[{"id":1075,"href":"https:\/\/noomooo.com\/fr\/wp-json\/wp\/v2\/pages\/237\/revisions\/1075"}],"wp:attachment":[{"href":"https:\/\/noomooo.com\/fr\/wp-json\/wp\/v2\/media?parent=237"}],"curies":[{"name":"wp","href":"https:\/\/api.w.org\/{rel}","templated":true}]}}