{"id":172,"date":"2025-08-08T16:50:14","date_gmt":"2025-08-08T14:50:14","guid":{"rendered":"https:\/\/noomooo.com\/?page_id=172"},"modified":"2025-08-28T15:15:09","modified_gmt":"2025-08-28T13:15:09","slug":"clause-de-non-responsabilite","status":"publish","type":"page","link":"https:\/\/noomooo.com\/fr\/clause-de-non-responsabilite\/","title":{"rendered":"Clause de non-responsabilit\u00e9"},"content":{"rendered":"<p>Bienvenue sur Noomooo.com. En visitant ce site web et\/ou en utilisant les informations fournies, vous acceptez la pr\u00e9sente clause de non-responsabilit\u00e9.<\/p>\n\n\n\n<h4 class=\"wp-block-heading\">1. Pas de conseil m\u00e9dical<\/h4>\n\n\n\n<p>Le contenu de NooMooo est destin\u00e9 exclusivement \u00e0 <strong>\u00e0 des fins d'information et d'\u00e9ducation<\/strong>. Les informations contenues dans ce site web sont bas\u00e9es sur <strong>exp\u00e9riences personnelles<\/strong>, <strong>les ressources accessibles au public<\/strong> et des recherches exclusives. NooMooo est <strong>pas de plateforme m\u00e9dicale ou di\u00e9t\u00e9tique<\/strong>.<\/p>\n\n\n\n<p>Je ne suis ni m\u00e9decin, ni di\u00e9t\u00e9ticienne, ni prestataire de soins de sant\u00e9. Vous avez des probl\u00e8mes de sant\u00e9, vous soup\u00e7onnez une allergie ou une intol\u00e9rance, ou vous souhaitez des conseils nutritionnels sur mesure ? Dans ce cas, consultez toujours un <strong>M\u00e9decin g\u00e9n\u00e9raliste, sp\u00e9cialiste ou professionnel certifi\u00e9<\/strong>. Les informations sur NooMooo peuvent <strong>ne doit pas \u00eatre consid\u00e9r\u00e9 comme un avis m\u00e9dical, un diagnostic ou un plan de traitement<\/strong>.<\/p>\n\n\n\n<h4 class=\"wp-block-heading\">2. Responsabilit\u00e9<\/h4>\n\n\n\n<p>Bien que je m'efforce de fournir des informations sur NooMooo aussi actuelles, compl\u00e8tes et exactes que possible, je peux <strong>ne garantissent pas<\/strong> que tout est toujours correct ou applicable \u00e0 votre situation. NooMooo accepte donc <strong>aucune responsabilit\u00e9 de quelque nature que ce soit<\/strong> pour tout dommage direct ou indirect r\u00e9sultant de l'utilisation des informations sur ce site, dans les articles de blog, les t\u00e9l\u00e9chargements, les m\u00e9dias sociaux ou via des sources externes li\u00e9es.<\/p>\n\n\n\n<p>Utilisez les informations sous votre propre responsabilit\u00e9 et consultez toujours un expert en cas de doute.<\/p>\n\n\n\n<h4 class=\"wp-block-heading\">3. Exp\u00e9riences personnelles<\/h4>\n\n\n\n<p>Une grande partie de ce que vous lisez sur NooMooo est \u00e9crit de l'int\u00e9rieur <strong>exp\u00e9rience personnelle<\/strong> avec une intol\u00e9rance au lait de vache. Chaque organisme est diff\u00e9rent. Ce qui fonctionne pour moi peut ne pas fonctionner pour vous. Les conseils et les id\u00e9es partag\u00e9s ne garantissent donc pas le succ\u00e8s ou une vie sans sympt\u00f4mes, mais sont destin\u00e9s \u00e0 servir d'inspiration et de soutien.<\/p>\n\n\n\n<h4 class=\"wp-block-heading\">4. Liens externes<\/h4>\n\n\n\n<p>NooMooo contient des liens vers des sites web ou des produits externes (par exemple par le biais de <em>liens affili\u00e9s<\/em>). Je suis <strong>n'est pas responsable du contenu, de la s\u00e9curit\u00e9 ou de la disponibilit\u00e9 de ces sites web externes<\/strong>. L'utilisation de ces liens est enti\u00e8rement \u00e0 vos risques et p\u00e9rils. Je ne transmets que ce que je trouve utile ou int\u00e9ressant.<\/p>\n\n\n\n<h4 class=\"wp-block-heading\">5. Marketing d'affiliation<\/h4>\n\n\n\n<p>Quelques liens sur ce site web <em>liens affili\u00e9s<\/em>. Cela signifie que je re\u00e7ois une petite commission si vous achetez quelque chose par le biais d'un tel lien, sans frais suppl\u00e9mentaires pour vous. C'est ainsi que vous aidez NooMooo \u00e0 continuer d'exister gratuitement et ind\u00e9pendamment. Je promeus <strong>uniquement des produits et des marques que je soutiens personnellement<\/strong> ou de l'exp\u00e9rience dans ce domaine.<\/p>\n\n\n\n<h4 class=\"wp-block-heading\">6. Propri\u00e9t\u00e9 intellectuelle<\/h4>\n\n\n\n<p>Tous les textes, images, logos et autres contenus de ce site sont la propri\u00e9t\u00e9 de NooMooo, sauf indication contraire. Rien ne peut \u00eatre copi\u00e9, partag\u00e9 ou utilis\u00e9 \u00e0 des fins commerciales sans autorisation \u00e9crite pr\u00e9alable.<\/p>\n\n\n\n<h4 class=\"wp-block-heading\">7. Acc\u00e8s au site web<\/h4>\n\n\n\n<p>L'acc\u00e8s et l'utilisation du site web sont <strong>strictement personnel<\/strong>. Vous trouverez sur ce site et dans les informations qu'il contient <strong>ne pas utiliser \u00e0 des fins commerciales, politiques ou publicitaires<\/strong>, ni pour des offres commerciales ou des communications \u00e9lectroniques non sollicit\u00e9es.<\/p>\n\n\n\n<h4 class=\"wp-block-heading\">8. Gestion du site web<\/h4>\n\n\n\n<p>Pour la bonne gestion du site, l'administrateur se r\u00e9serve le droit de :<\/p>\n\n\n\n<ul class=\"wp-block-list\">\n<li>suspendre, interrompre ou restreindre (partiellement ou totalement) l'acc\u00e8s \u00e0 une certaine cat\u00e9gorie de visiteurs<\/li>\n\n\n\n<li>supprimer le contenu qui perturbe le fonctionnement du site web ou qui enfreint les lois ou l'\u00e9tiquette de l'internet<\/li>\n\n\n\n<li>la mise hors service temporaire du site web pour des mises \u00e0 jour ou des op\u00e9rations de maintenance<\/li>\n<\/ul>\n\n\n\n<h4 class=\"wp-block-heading\">9. Images<\/h4>\n\n\n\n<p>Les images utilis\u00e9es sur ce site web peuvent \u00eatre soumises aux limitations suivantes <strong>aucun droit ne peut \u00eatre d\u00e9riv\u00e9<\/strong>. Les produits, les emballages ou les \u00e9tiquettes peuvent diff\u00e9rer dans la r\u00e9alit\u00e9.<\/p>\n\n\n\n<h4 class=\"wp-block-heading\">10. Responsabilit\u00e9s<\/h4>\n\n\n\n<p>L'administrateur n'est pas responsable des pannes, interruptions ou autres probl\u00e8mes techniques entra\u00eenant l'indisponibilit\u00e9 temporaire de (certaines parties du) site web. L'administrateur n'est pas non plus responsable :<\/p>\n\n\n\n<ul class=\"wp-block-list\">\n<li>Probl\u00e8mes ou dommages \u00e0 votre \u00e9quipement ou \u00e0 vos donn\u00e9es lors de la visite de ce site web<\/li>\n\n\n\n<li>Le contenu des sites web externes r\u00e9f\u00e9renc\u00e9s<\/li>\n\n\n\n<li>Proc\u00e9dures judiciaires \u00e0 votre encontre en raison de l'utilisation de ce site web ou de la violation de ses conditions d'utilisation<\/li>\n<\/ul>\n\n\n\n<p>Vous \u00eates responsable de la s\u00e9curit\u00e9 de votre connexion internet, de la protection de votre \u00e9quipement et de ce que vous regardez ou t\u00e9l\u00e9chargez en ligne.<\/p>\n\n\n\n<p>Si l'op\u00e9rateur est impliqu\u00e9 dans un litige r\u00e9sultant de votre utilisation de ce site web, NooMooo se r\u00e9serve le droit de <strong>r\u00e9cup\u00e9rer aupr\u00e8s de vous tous les dommages subis et \u00e0 venir<\/strong>.<\/p>\n\n\n\n<h4 class=\"wp-block-heading\">11. Droit applicable<\/h4>\n\n\n\n<p>Sur cette clause de non-responsabilit\u00e9, on peut lire <strong>Droit n\u00e9erlandais<\/strong> applicable. Le tribunal du domicile de l'administrateur est seul comp\u00e9tent pour conna\u00eetre des litiges, sauf exception l\u00e9gale.<\/p>\n\n\n\n<h4 class=\"wp-block-heading\">12. Contact<\/h4>\n\n\n\n<p>Pour toute question, information sur les produits ou sur le site web, veuillez contacter : info@noomooo.com<\/p>\n\n\n\n<p><\/p>","protected":false},"excerpt":{"rendered":"<p>Bienvenue sur Noomooo.com. En visitant ce site web et\/ou en utilisant les informations qui y sont propos\u00e9es, vous acceptez la pr\u00e9sente clause de non-responsabilit\u00e9. 1. Pas de conseil m\u00e9dical Le contenu de NooMooo est uniquement destin\u00e9 \u00e0 des fins informatives et \u00e9ducatives. Les informations figurant sur ce site web sont bas\u00e9es sur des exp\u00e9riences personnelles, des sources accessibles au public et des recherches propres. NooMooo\u2026<\/p>","protected":false},"author":2,"featured_media":0,"parent":0,"menu_order":0,"comment_status":"closed","ping_status":"closed","template":"page-blank-title-center.php","meta":{"_acf_changed":false,"footnotes":""},"class_list":["post-172","page","type-page","status-publish","hentry"],"acf":[],"_links":{"self":[{"href":"https:\/\/noomooo.com\/fr\/wp-json\/wp\/v2\/pages\/172","targetHints":{"allow":["GET"]}}],"collection":[{"href":"https:\/\/noomooo.com\/fr\/wp-json\/wp\/v2\/pages"}],"about":[{"href":"https:\/\/noomooo.com\/fr\/wp-json\/wp\/v2\/types\/page"}],"author":[{"embeddable":true,"href":"https:\/\/noomooo.com\/fr\/wp-json\/wp\/v2\/users\/2"}],"replies":[{"embeddable":true,"href":"https:\/\/noomooo.com\/fr\/wp-json\/wp\/v2\/comments?post=172"}],"version-history":[{"count":3,"href":"https:\/\/noomooo.com\/fr\/wp-json\/wp\/v2\/pages\/172\/revisions"}],"predecessor-version":[{"id":1029,"href":"https:\/\/noomooo.com\/fr\/wp-json\/wp\/v2\/pages\/172\/revisions\/1029"}],"wp:attachment":[{"href":"https:\/\/noomooo.com\/fr\/wp-json\/wp\/v2\/media?parent=172"}],"curies":[{"name":"wp","href":"https:\/\/api.w.org\/{rel}","templated":true}]}}