{"id":6,"date":"2025-06-02T14:15:03","date_gmt":"2025-06-02T14:15:03","guid":{"rendered":"https:\/\/noomooo.com\/?page_id=6"},"modified":"2025-08-19T00:51:10","modified_gmt":"2025-08-18T22:51:10","slug":"carro","status":"publish","type":"page","link":"https:\/\/noomooo.com\/es\/carro\/","title":{"rendered":"Carrito"},"content":{"rendered":"<div data-block-name=\"woocommerce\/cart\" class=\"wp-block-woocommerce-cart alignwide is-loading\">\n<div data-block-name=\"woocommerce\/filled-cart-block\" class=\"wp-block-woocommerce-filled-cart-block\">\n<div data-block-name=\"woocommerce\/cart-items-block\" class=\"wp-block-woocommerce-cart-items-block\">\n<div data-block-name=\"woocommerce\/cart-line-items-block\" class=\"wp-block-woocommerce-cart-line-items-block\"><\/div>\n\n\n\n<div data-block-name=\"woocommerce\/cart-cross-sells-block\" class=\"wp-block-woocommerce-cart-cross-sells-block\">\n<h2 class=\"wp-block-heading has-large-font-size\">Quiz\u00e1 le interese...<\/h2>\n\n\n\n<div data-block-name=\"woocommerce\/cart-cross-sells-products-block\" class=\"wp-block-woocommerce-cart-cross-sells-products-block\"><\/div>\n<\/div>\n<\/div>\n\n\n\n<div data-block-name=\"woocommerce\/cart-totals-block\" class=\"wp-block-woocommerce-cart-totals-block\">\n<div data-block-name=\"woocommerce\/cart-order-summary-block\" class=\"wp-block-woocommerce-cart-order-summary-block\">\n<div data-block-name=\"woocommerce\/cart-order-summary-heading-block\" class=\"wp-block-woocommerce-cart-order-summary-heading-block\"><\/div><div data-block-name=\"woocommerce\/cart-order-summary-coupon-form-block\" class=\"wp-block-woocommerce-cart-order-summary-coupon-form-block\"><\/div><div data-block-name=\"woocommerce\/cart-order-summary-totals-block\" class=\"wp-block-woocommerce-cart-order-summary-totals-block\">\n<div data-block-name=\"woocommerce\/cart-order-summary-subtotal-block\" class=\"wp-block-woocommerce-cart-order-summary-subtotal-block\"><\/div>\n<div data-block-name=\"woocommerce\/cart-order-summary-discount-block\" class=\"wp-block-woocommerce-cart-order-summary-discount-block\"><\/div>\n<div data-block-name=\"woocommerce\/cart-order-summary-fee-block\" class=\"wp-block-woocommerce-cart-order-summary-fee-block\"><\/div>\n<div data-block-name=\"woocommerce\/cart-order-summary-shipping-block\" class=\"wp-block-woocommerce-cart-order-summary-shipping-block\"><\/div>\n<div data-block-name=\"woocommerce\/cart-order-summary-taxes-block\" class=\"wp-block-woocommerce-cart-order-summary-taxes-block\"><\/div><\/div>\n<\/div>\n\n\n\n<div data-block-name=\"woocommerce\/cart-express-payment-block\" class=\"wp-block-woocommerce-cart-express-payment-block\"><\/div>\n\n\n\n<div data-block-name=\"woocommerce\/proceed-to-checkout-block\" class=\"wp-block-woocommerce-proceed-to-checkout-block\"><\/div>\n\n\n\n<div data-block-name=\"woocommerce\/cart-accepted-payment-methods-block\" class=\"wp-block-woocommerce-cart-accepted-payment-methods-block\"><\/div>\n<\/div>\n<\/div>\n\n\n\n<div data-block-name=\"woocommerce\/empty-cart-block\" class=\"wp-block-woocommerce-empty-cart-block\">\n<h2 class=\"wp-block-heading has-text-align-center with-empty-cart-icon wc-block-cart__empty-cart__title\">Su cesta est\u00e1 vac\u00eda.<\/h2>\n\n\n\n<hr class=\"wp-block-separator has-alpha-channel-opacity is-style-dots\"\/>\n\n\n\n<h2 class=\"wp-block-heading has-text-align-center\">Nuevo en la tienda<\/h2>\n\n\n<div data-block-name=\"woocommerce\/product-new\" data-columns=\"4\" data-rows=\"1\" class=\"wc-block-grid wp-block-product-new wp-block-woocommerce-product-new wc-block-product-new has-4-columns\"><ul class=\"wc-block-grid__products\"><li class=\"wc-block-grid__product\">\n\t\t\t\t<a href=\"https:\/\/noomooo.com\/es\/tienda\/product\/pure-gold-yummy-vegan-protein-plantaardig-eiwit-poeder-pistache-500g\/\" class=\"wc-block-grid__product-link\">\n\t\t\t\t\t\n\t\t\t\t\t<div class=\"wc-block-grid__product-image\"><img loading=\"lazy\" decoding=\"async\" width=\"1200\" height=\"1089\" src=\"https:\/\/noomooo.com\/wp-content\/uploads\/2026\/05\/Pure-Gold-Yummy-Vegan-Protein-Plantaardig-Eiwit-Poeder-Pistache-500g.jpg\" class=\"attachment-woocommerce_thumbnail size-woocommerce_thumbnail\" alt=\"Pure Gold Yummy Vegan Protein - Prote\u00edna Vegetal en Polvo - Pistacho - 500g\" srcset=\"https:\/\/noomooo.com\/wp-content\/uploads\/2026\/05\/Pure-Gold-Yummy-Vegan-Protein-Plantaardig-Eiwit-Poeder-Pistache-500g.jpg 1200w, https:\/\/noomooo.com\/wp-content\/uploads\/2026\/05\/Pure-Gold-Yummy-Vegan-Protein-Plantaardig-Eiwit-Poeder-Pistache-500g-300x272.jpg 300w, https:\/\/noomooo.com\/wp-content\/uploads\/2026\/05\/Pure-Gold-Yummy-Vegan-Protein-Plantaardig-Eiwit-Poeder-Pistache-500g-1024x929.jpg 1024w, https:\/\/noomooo.com\/wp-content\/uploads\/2026\/05\/Pure-Gold-Yummy-Vegan-Protein-Plantaardig-Eiwit-Poeder-Pistache-500g-768x697.jpg 768w, https:\/\/noomooo.com\/wp-content\/uploads\/2026\/05\/Pure-Gold-Yummy-Vegan-Protein-Plantaardig-Eiwit-Poeder-Pistache-500g-13x12.jpg 13w, https:\/\/noomooo.com\/wp-content\/uploads\/2026\/05\/Pure-Gold-Yummy-Vegan-Protein-Plantaardig-Eiwit-Poeder-Pistache-500g-750x681.jpg 750w\" sizes=\"auto, (max-width: 1200px) 100vw, 1200px\" title=\"\"><\/div>\n\t\t\t\t\t<div class=\"wc-block-grid__product-title\">Pure Gold Yummy Vegan Protein - Prote\u00edna Vegetal en Polvo - Pistacho - 500g<\/div>\n\t\t\t\t<\/a>\n\t\t\t\t<div class=\"wc-block-grid__product-price price\"><span class=\"woocommerce-Price-amount amount\"><span class=\"woocommerce-Price-currencySymbol\">\u20ac<\/span>&nbsp;23,97<\/span><\/div>\n\t\t\t\t\n\t\t\t\t<div class=\"wp-block-button wc-block-grid__product-add-to-cart\"><a href=\"https:\/\/noomooo.com\/es\/redirect\/471695\/\" aria-label=\"Compra \u201cPure Gold Yummy Vegan Protein - Plantaardig Eiwit Poeder - Pistache - 500g\u201d\" data-quantity=\"1\" data-product_id=\"471695\" data-product_sku=\"8705948502254120631\" data-price=\"23.97\" rel=\"nofollow\" class=\"wp-block-button__link  add_to_cart_button\" data-no-translation-aria-label=\"\">Comprar ahora<\/a><\/div>\n\t\t\t<\/li><li class=\"wc-block-grid__product\">\n\t\t\t\t<a href=\"https:\/\/noomooo.com\/es\/tienda\/product\/ru-mi-gedroogde-botanicals-gedroogde-gember-100-gr-stukken-100-natuurlijk-gember-zonder-toevoegingen-ideaal-als-garnering-voor-cocktails-bakken-thee-verfrissende-drankjes-of-decoratie\/\" class=\"wc-block-grid__product-link\">\n\t\t\t\t\t\n\t\t\t\t\t<div class=\"wc-block-grid__product-image\"><img loading=\"lazy\" decoding=\"async\" width=\"1142\" height=\"1200\" src=\"https:\/\/noomooo.com\/wp-content\/uploads\/2026\/05\/RU-MI-Gedroogde-Botanicals-Gedroogde-Gember-100-gr-stukken-100-natuurlijk-gember-zonder-toevoegingen.-Ideaal-als-garnering-voor-cocktails-bakke.jpg\" class=\"attachment-woocommerce_thumbnail size-woocommerce_thumbnail\" alt=\"RU-MI Dried Botanicals \/ Jengibre Seco (100 gr) piezas 100% jengibre natural, sin aditivos. Ideal como guarnici\u00f3n para c\u00f3cteles, reposter\u00eda, t\u00e9, bebidas refrescantes o decoraci\u00f3n\" srcset=\"https:\/\/noomooo.com\/wp-content\/uploads\/2026\/05\/RU-MI-Gedroogde-Botanicals-Gedroogde-Gember-100-gr-stukken-100-natuurlijk-gember-zonder-toevoegingen.-Ideaal-als-garnering-voor-cocktails-bakke.jpg 1142w, https:\/\/noomooo.com\/wp-content\/uploads\/2026\/05\/RU-MI-Gedroogde-Botanicals-Gedroogde-Gember-100-gr-stukken-100-natuurlijk-gember-zonder-toevoegingen.-Ideaal-als-garnering-voor-cocktails-bakke-286x300.jpg 286w, https:\/\/noomooo.com\/wp-content\/uploads\/2026\/05\/RU-MI-Gedroogde-Botanicals-Gedroogde-Gember-100-gr-stukken-100-natuurlijk-gember-zonder-toevoegingen.-Ideaal-als-garnering-voor-cocktails-bakke-975x1024.jpg 975w, https:\/\/noomooo.com\/wp-content\/uploads\/2026\/05\/RU-MI-Gedroogde-Botanicals-Gedroogde-Gember-100-gr-stukken-100-natuurlijk-gember-zonder-toevoegingen.-Ideaal-als-garnering-voor-cocktails-bakke-768x807.jpg 768w, https:\/\/noomooo.com\/wp-content\/uploads\/2026\/05\/RU-MI-Gedroogde-Botanicals-Gedroogde-Gember-100-gr-stukken-100-natuurlijk-gember-zonder-toevoegingen.-Ideaal-als-garnering-voor-cocktails-bakke-11x12.jpg 11w, https:\/\/noomooo.com\/wp-content\/uploads\/2026\/05\/RU-MI-Gedroogde-Botanicals-Gedroogde-Gember-100-gr-stukken-100-natuurlijk-gember-zonder-toevoegingen.-Ideaal-als-garnering-voor-cocktails-bakke-750x788.jpg 750w\" sizes=\"auto, (max-width: 1142px) 100vw, 1142px\" title=\"\"><\/div>\n\t\t\t\t\t<div class=\"wc-block-grid__product-title\">RU-MI Dried Botanicals \/ Jengibre Seco (100 gr) piezas 100% jengibre natural, sin aditivos. Ideal como guarnici\u00f3n para c\u00f3cteles, reposter\u00eda, t\u00e9, bebidas refrescantes o decoraci\u00f3n<\/div>\n\t\t\t\t<\/a>\n\t\t\t\t<div class=\"wc-block-grid__product-price price\"><span class=\"woocommerce-Price-amount amount\"><span class=\"woocommerce-Price-currencySymbol\">\u20ac<\/span>&nbsp;22,95<\/span><\/div>\n\t\t\t\t\n\t\t\t\t<div class=\"wp-block-button wc-block-grid__product-add-to-cart\"><a href=\"https:\/\/noomooo.com\/es\/redirect\/469432\/\" aria-label=\"Compra \u201cRU-MI Gedroogde Botanicals \/ Gedroogde Gember (100 gr) stukken 100% natuurlijk gember, zonder toevoegingen. Ideaal als garnering voor cocktails, bakken, thee, verfrissende drankjes of decoratie\u201d\" data-quantity=\"1\" data-product_id=\"469432\" data-product_sku=\"8870399279408765499\" data-price=\"22.95\" rel=\"nofollow\" class=\"wp-block-button__link  add_to_cart_button\" data-no-translation-aria-label=\"\">Comprar ahora<\/a><\/div>\n\t\t\t<\/li><li class=\"wc-block-grid__product\">\n\t\t\t\t<a href=\"https:\/\/noomooo.com\/es\/tienda\/product\/nakd-fruit-en-notenreep-cashew-cookie-18-repen\/\" class=\"wc-block-grid__product-link\">\n\t\t\t\t\t\n\t\t\t\t\t<div class=\"wc-block-grid__product-image\"><img loading=\"lazy\" decoding=\"async\" width=\"1200\" height=\"1080\" src=\"https:\/\/noomooo.com\/wp-content\/uploads\/2026\/05\/nakd.-fruit-en-notenreep-Cashew-Cookie-18-repen.jpg\" class=\"attachment-woocommerce_thumbnail size-woocommerce_thumbnail\" alt=\"n\u00e3kd. Barrita de frutas y frutos secos Cashew Cookie - 18 barritas\" srcset=\"https:\/\/noomooo.com\/wp-content\/uploads\/2026\/05\/nakd.-fruit-en-notenreep-Cashew-Cookie-18-repen.jpg 1200w, https:\/\/noomooo.com\/wp-content\/uploads\/2026\/05\/nakd.-fruit-en-notenreep-Cashew-Cookie-18-repen-300x270.jpg 300w, https:\/\/noomooo.com\/wp-content\/uploads\/2026\/05\/nakd.-fruit-en-notenreep-Cashew-Cookie-18-repen-1024x922.jpg 1024w, https:\/\/noomooo.com\/wp-content\/uploads\/2026\/05\/nakd.-fruit-en-notenreep-Cashew-Cookie-18-repen-768x691.jpg 768w, https:\/\/noomooo.com\/wp-content\/uploads\/2026\/05\/nakd.-fruit-en-notenreep-Cashew-Cookie-18-repen-13x12.jpg 13w, https:\/\/noomooo.com\/wp-content\/uploads\/2026\/05\/nakd.-fruit-en-notenreep-Cashew-Cookie-18-repen-750x675.jpg 750w\" sizes=\"auto, (max-width: 1200px) 100vw, 1200px\" title=\"\"><\/div>\n\t\t\t\t\t<div class=\"wc-block-grid__product-title\">n\u00e3kd. Barrita de frutas y frutos secos Cashew Cookie \u2013 18 barritas<\/div>\n\t\t\t\t<\/a>\n\t\t\t\t<div class=\"wc-block-grid__product-price price\"><span class=\"woocommerce-Price-amount amount\"><span class=\"woocommerce-Price-currencySymbol\">\u20ac<\/span>&nbsp;31,00<\/span><\/div>\n\t\t\t\t\n\t\t\t\t<div class=\"wp-block-button wc-block-grid__product-add-to-cart\"><a href=\"https:\/\/noomooo.com\/es\/redirect\/469423\/\" aria-label=\"Compra \u201cn\u00e3kd. fruit- en notenreep Cashew Cookie - 18 repen\u201d\" data-quantity=\"1\" data-product_id=\"469423\" data-product_sku=\"8870399094528888265\" data-price=\"31\" rel=\"nofollow\" class=\"wp-block-button__link  add_to_cart_button\" data-no-translation-aria-label=\"\">Comprar ahora<\/a><\/div>\n\t\t\t<\/li><li class=\"wc-block-grid__product\">\n\t\t\t\t<a href=\"https:\/\/noomooo.com\/es\/tienda\/product\/endurance-hydration-electrolyte-6x-20-tabl-berry\/\" class=\"wc-block-grid__product-link\">\n\t\t\t\t\t\n\t\t\t\t\t<div class=\"wc-block-grid__product-image\"><img loading=\"lazy\" decoding=\"async\" width=\"1136\" height=\"1200\" src=\"https:\/\/noomooo.com\/wp-content\/uploads\/2026\/04\/Endurance-Hydration-Electrolyte-6x-20-tabl-Berry.jpg\" class=\"attachment-woocommerce_thumbnail size-woocommerce_thumbnail\" alt=\"Endurance Hidrataci\u00f3n Electrolito - 6x 20 tabl - Berry\" srcset=\"https:\/\/noomooo.com\/wp-content\/uploads\/2026\/04\/Endurance-Hydration-Electrolyte-6x-20-tabl-Berry.jpg 1136w, https:\/\/noomooo.com\/wp-content\/uploads\/2026\/04\/Endurance-Hydration-Electrolyte-6x-20-tabl-Berry-284x300.jpg 284w, https:\/\/noomooo.com\/wp-content\/uploads\/2026\/04\/Endurance-Hydration-Electrolyte-6x-20-tabl-Berry-969x1024.jpg 969w, https:\/\/noomooo.com\/wp-content\/uploads\/2026\/04\/Endurance-Hydration-Electrolyte-6x-20-tabl-Berry-768x811.jpg 768w, https:\/\/noomooo.com\/wp-content\/uploads\/2026\/04\/Endurance-Hydration-Electrolyte-6x-20-tabl-Berry-11x12.jpg 11w, https:\/\/noomooo.com\/wp-content\/uploads\/2026\/04\/Endurance-Hydration-Electrolyte-6x-20-tabl-Berry-750x792.jpg 750w\" sizes=\"auto, (max-width: 1136px) 100vw, 1136px\" title=\"\"><\/div>\n\t\t\t\t\t<div class=\"wc-block-grid__product-title\">Endurance Hidrataci\u00f3n Electrolito - 6x 20 tabl - Berry<\/div>\n\t\t\t\t<\/a>\n\t\t\t\t<div class=\"wc-block-grid__product-price price\"><span class=\"woocommerce-Price-amount amount\"><span class=\"woocommerce-Price-currencySymbol\">\u20ac<\/span>&nbsp;38,90<\/span><\/div>\n\t\t\t\t\n\t\t\t\t<div class=\"wp-block-button wc-block-grid__product-add-to-cart\"><a href=\"https:\/\/noomooo.com\/es\/redirect\/467966\/\" aria-label=\"Compra \u201cEndurance Hydration Electrolyte - 6x 20 tabl - Berry\u201d\" data-quantity=\"1\" data-product_id=\"467966\" data-product_sku=\"8705948597018109915\" data-price=\"38.9\" rel=\"nofollow\" class=\"wp-block-button__link  add_to_cart_button\" data-no-translation-aria-label=\"\">Comprar ahora<\/a><\/div>\n\t\t\t<\/li><\/ul><\/div><\/div>\n<\/div>","protected":false},"excerpt":{"rendered":"","protected":false},"author":2,"featured_media":0,"parent":0,"menu_order":0,"comment_status":"closed","ping_status":"closed","template":"","meta":{"_acf_changed":false,"footnotes":""},"class_list":["post-6","page","type-page","status-publish","hentry"],"acf":[],"_links":{"self":[{"href":"https:\/\/noomooo.com\/es\/wp-json\/wp\/v2\/pages\/6","targetHints":{"allow":["GET"]}}],"collection":[{"href":"https:\/\/noomooo.com\/es\/wp-json\/wp\/v2\/pages"}],"about":[{"href":"https:\/\/noomooo.com\/es\/wp-json\/wp\/v2\/types\/page"}],"author":[{"embeddable":true,"href":"https:\/\/noomooo.com\/es\/wp-json\/wp\/v2\/users\/2"}],"replies":[{"embeddable":true,"href":"https:\/\/noomooo.com\/es\/wp-json\/wp\/v2\/comments?post=6"}],"version-history":[{"count":1,"href":"https:\/\/noomooo.com\/es\/wp-json\/wp\/v2\/pages\/6\/revisions"}],"predecessor-version":[{"id":106,"href":"https:\/\/noomooo.com\/es\/wp-json\/wp\/v2\/pages\/6\/revisions\/106"}],"wp:attachment":[{"href":"https:\/\/noomooo.com\/es\/wp-json\/wp\/v2\/media?parent=6"}],"curies":[{"name":"wp","href":"https:\/\/api.w.org\/{rel}","templated":true}]}}