{"id":3,"date":"2025-06-02T14:14:52","date_gmt":"2025-06-02T14:14:52","guid":{"rendered":"https:\/\/noomooo.com\/?page_id=3"},"modified":"2025-08-28T15:14:44","modified_gmt":"2025-08-28T13:14:44","slug":"politica-de-privacidad","status":"publish","type":"page","link":"https:\/\/noomooo.com\/es\/politica-de-privacidad\/","title":{"rendered":"Pol\u00edtica de privacidad"},"content":{"rendered":"<p>NooMooo concede gran importancia a la privacidad de sus visitantes, especialmente en lo que se refiere a los derechos de los visitantes en relaci\u00f3n con el tratamiento automatizado de datos personales. Por lo tanto, NooMooo s\u00f3lo recoge la informaci\u00f3n necesaria de todos los usuarios de su sitio y garantiza que la informaci\u00f3n personal que usted proporcione ser\u00e1 tratada confidencialmente. <\/p>\n\n\n\n<p>Esta informaci\u00f3n no se comparte con terceros sin su consentimiento, y no se almacena ninguna informaci\u00f3n sobre su visita al sitio web de NooMooo, excepto para analizar el rendimiento de los contenidos mediante el uso de cookies. Puede desactivar estas cookies en cualquier momento a trav\u00e9s de la configuraci\u00f3n de su navegador.<\/p>\n\n\n\n<p>Para m\u00e1s informaci\u00f3n sobre la protecci\u00f3n de datos personales, visite el sitio web de la autoridad de datos personales:&nbsp;<a href=\"https:\/\/autoriteitpersoonsgegevens.nl\/nl\" target=\"_blank\" rel=\"noreferrer noopener nofollow\">https:\/\/autoriteitpersoonsgegevens.nl\/nl<\/a>.<\/p>\n\n\n\n<p>Hasta que no acepte el uso de cookies y\/u otros sistemas de seguimiento en el sitio web, no colocaremos cookies anal\u00edticas no anonimizadas ni cookies de seguimiento en su ordenador, m\u00f3vil o tableta.<\/p>\n\n\n\n<p>Al continuar visitando este sitio web, usted acepta los siguientes t\u00e9rminos y condiciones.<\/p>\n\n\n\n<p>La versi\u00f3n actualmente disponible de la pol\u00edtica de privacidad es la \u00fanica aplicable mientras visite el sitio web, hasta que una nueva versi\u00f3n sustituya a la actual.<\/p>\n\n\n\n<h2 class=\"wp-block-heading\"><strong>Recopilaci\u00f3n de datos<\/strong><\/h2>\n\n\n\n<p>Sus datos son recogidos por NooMooo y por terceros encargados del tratamiento. Por datos personales se entiende cualquier informaci\u00f3n relativa a una persona f\u00edsica identificada o identificable; una persona f\u00edsica identificable es aquella que puede ser identificada, directa o indirectamente, en particular mediante un identificador como un nombre, un n\u00famero de identificaci\u00f3n, datos de localizaci\u00f3n, un identificador en l\u00ednea o uno o varios elementos que caracterizan la identidad f\u00edsica, fisiol\u00f3gica, gen\u00e9tica, psicol\u00f3gica, econ\u00f3mica, cultural o social.<\/p>\n\n\n\n<p>Los datos personales recogidos en el sitio web son utilizados principalmente por el administrador para mantener relaciones con usted y, en su caso, para tramitar pedidos.<\/p>\n\n\n\n<h2 class=\"wp-block-heading\"><strong>Sus derechos en relaci\u00f3n con sus datos<\/strong><\/h2>\n\n\n\n<p>De conformidad con el art\u00edculo 13, apartado 2, letra b), de la avg, toda persona tiene derecho a acceder a sus datos personales, rectificarlos, suprimirlos o limitar el tratamiento de los mismos, as\u00ed como derecho a oponerse al tratamiento y a la portabilidad de los datos. Puede ejercer estos derechos poni\u00e9ndose en contacto con nosotros en <a href=\"mailto:info@noomooo.com\">info@noomooo.com<\/a><\/p>\n\n\n\n<p>Toda solicitud de este tipo deber\u00e1 ir acompa\u00f1ada de una copia de un documento de identidad v\u00e1lido en el que haya estampado su firma y en el que se indique la direcci\u00f3n en la que se le puede contactar.<\/p>\n\n\n\n<h2 class=\"wp-block-heading\"><strong>Tratamiento de datos personales<\/strong><\/h2>\n\n\n\n<p>En caso de violaci\u00f3n de alguna ley o reglamento, de la cual el visitante sea sospechoso y para la cual la autoridad requiera los datos personales recogidos por el administrador, \u00e9stos les ser\u00e1n proporcionados tras una solicitud expl\u00edcita y razonada por parte de las autoridades, tras lo cual dichos datos personales dejar\u00e1n de estar bajo la protecci\u00f3n de las disposiciones de esta declaraci\u00f3n de privacidad.<\/p>\n\n\n\n<p>Si determinada informaci\u00f3n es necesaria para acceder a ciertas funcionalidades del sitio web, el responsable indicar\u00e1 el car\u00e1cter obligatorio de esta informaci\u00f3n en el momento de solicitar los datos.<\/p>\n\n\n\n<h2 class=\"wp-block-heading\"><strong>Ofertas comerciales<\/strong><\/h2>\n\n\n\n<p>Es posible que reciba ofertas comerciales del administrador. Si no desea (o ya no desea) recibirlas, env\u00ede un correo electr\u00f3nico a la siguiente direcci\u00f3n: info@noomooo.com<\/p>\n\n\n\n<p>Si encuentra datos personales durante su visita al sitio web, debe abstenerse de recogerlos o de cualquier otro uso no autorizado, as\u00ed como de cualquier acto que atente contra la intimidad de esa(s) persona(s). En ning\u00fan caso el administrador ser\u00e1 responsable en las situaciones mencionadas.<\/p>\n\n\n\n<h2 class=\"wp-block-heading\"><strong>Per\u00edodo de conservaci\u00f3n de los datos<\/strong><\/h2>\n\n\n\n<p>Los datos recogidos por el operador del sitio web se utilizar\u00e1n y almacenar\u00e1n durante el tiempo estipulado por la ley.<\/p>\n\n\n\n<h2 class=\"wp-block-heading\"><strong>Cookies<\/strong><\/h2>\n\n\n\n<p>Los visitantes de los sitios web se encuentran con cookies. Las cookies son peque\u00f1os archivos que permiten recoger y utilizar informaci\u00f3n. Se trata de un peque\u00f1o archivo de texto que se coloca en el disco duro de su ordenador cuando visita nuestro sitio web. Una cookie contiene datos que permiten reconocerle como visitante cada vez que visita nuestro sitio web. <\/p>\n\n\n\n<p>De este modo es posible configurar nuestro sitio web espec\u00edficamente para usted y facilitarle el inicio de sesi\u00f3n. Los sitios web son m\u00e1s f\u00e1ciles de usar gracias a las cookies. Las cookies garantizan, por ejemplo, que se recuerden sus preferencias, como la ubicaci\u00f3n y la configuraci\u00f3n de idioma. Adem\u00e1s, pueden hacer un seguimiento de su cesta de la compra digital. Los propietarios de sitios web pueden saber con qu\u00e9 frecuencia se visitan sus sitios gracias a las cookies.<\/p>\n\n\n\n<p>Cuando visite nuestro sitio web, aparecer\u00e1 un banner inform\u00e1ndole del uso de cookies. Al continuar utilizando nuestro sitio web, usted acepta su uso. Su consentimiento es v\u00e1lido durante un periodo de trece meses.<\/p>\n\n\n\n<h2 class=\"wp-block-heading\"><strong>C\u00f3mo utilizamos las cookies<\/strong><\/h2>\n\n\n\n<p>Utilizamos cookies en nuestros sitios web (m\u00f3viles) y otros canales de medios relacionados o conectados. Utilizamos cookies, balizas web, p\u00edxeles de seguimiento y otras tecnolog\u00edas de seguimiento porque nos ayudan a personalizar nuestros servicios y a mejorar su experiencia de compra.<\/p>\n\n\n\n<p>Cuando usted utiliza y accede a nuestro servicio, podemos colocar algunos archivos cookie en su navegador web.<br>Utilizamos cookies para los siguientes fines:<\/p>\n\n\n\n<ul class=\"wp-block-list\">\n<li>Para habilitar determinadas funciones de nuestro sitio web y nuestros servicios.<\/li>\n\n\n\n<li>Utilizamos tanto cookies de sesi\u00f3n como persistentes.<\/li>\n\n\n\n<li>Utilizamos cookies esenciales para autenticar a los usuarios y evitar el uso fraudulento de nuestros servicios.<\/li>\n\n\n\n<li>Utilizamos cookies no esenciales para mejorar nuestros servicios, personalizar el contenido del servidor y con fines de remarketing.<\/li>\n<\/ul>\n\n\n\n<p>Tenga en cuenta que tiene derecho a rechazar, desactivar o eliminar nuestras cookies. Sin embargo, si rechaza o borra nuestras cookies, es posible que no pueda utilizar todas las funciones que ofrecemos. Es posible que algunas de nuestras p\u00e1ginas no se muestren correctamente y que no pueda realizar compras en nuestro sitio web.<\/p>\n\n\n\n<h2 class=\"wp-block-heading\"><strong>Qu\u00e9 cookies utilizamos<\/strong><\/h2>\n\n\n\n<p>En nuestro sitio web, podemos utilizar los siguientes tipos de cookies:<\/p>\n\n\n\n<ul class=\"wp-block-list\">\n<li>Cookies funcionales: como las cookies de sesi\u00f3n e inicio de sesi\u00f3n para mantener la informaci\u00f3n de sesi\u00f3n e inicio de sesi\u00f3n. Por ejemplo, para recordar sus preferencias.<\/li>\n\n\n\n<li>Cookies anal\u00edticas an\u00f3nimas: para conocer mejor las visitas a nuestro sitio web a partir de informaci\u00f3n sobre el n\u00famero de visitantes, las p\u00e1ginas m\u00e1s visitadas y los temas tratados. Esto nos permite adaptar mejor la comunicaci\u00f3n y el suministro de informaci\u00f3n a las necesidades de los visitantes de nuestro sitio web. Al hacerlo, no podemos ver qui\u00e9n visita nuestros sitios web ni desde qu\u00e9 PC se realiza la visita.<\/li>\n\n\n\n<li>Cookies anal\u00edticas no an\u00f3nimas: para conocer mejor las visitas a nuestro sitio web a partir de informaci\u00f3n sobre el n\u00famero de visitantes, las p\u00e1ginas m\u00e1s visitadas y los temas tratados. Esto nos permite adaptar mejor la comunicaci\u00f3n y la informaci\u00f3n a las necesidades de los visitantes de nuestro sitio web.<\/li>\n\n\n\n<li>Cookies de seguimiento: al igual que las cookies publicitarias, est\u00e1n dise\u00f1adas para mostrar anuncios relevantes. Los intereses personales pueden derivarse de la informaci\u00f3n sobre los sitios web visitados. Esto permite, por ejemplo, que las organizaciones muestren a los visitantes de sus sitios web anuncios espec\u00edficos. Las cookies de seguimiento permiten crear perfiles de personas. Por lo general, el seguimiento implica el tratamiento de datos personales.<\/li>\n<\/ul>\n\n\n\n<p>El uso de cookies es seguro. Virus, malware, correo electr\u00f3nico y acciones de telemarketing no se derivan del uso de cookies. Esto se debe a que las cookies no almacenan su direcci\u00f3n de correo electr\u00f3nico, n\u00famero de tel\u00e9fono u otros datos personales.<\/p>\n\n\n\n<h2 class=\"wp-block-heading\"><strong>Otras tecnolog\u00edas de seguimiento<\/strong><\/h2>\n\n\n\n<p>Adem\u00e1s de las cookies, tambi\u00e9n podemos utilizar balizas web, etiquetas de p\u00edxel y otras tecnolog\u00edas de seguimiento en nuestro sitio web. Estas tecnolog\u00edas nos ayudan a mejorar su experiencia en nuestro sitio web. Una \u2018baliza web\u2019 o \u2018etiqueta de p\u00edxel\u2019 es un peque\u00f1o objeto o imagen incrustado en una p\u00e1gina web o correo electr\u00f3nico. Se utilizan para rastrear el n\u00famero de usuarios que han visitado determinadas p\u00e1ginas o visto correos electr\u00f3nicos. <\/p>\n\n\n\n<p>S\u00f3lo sirven para recoger datos estad\u00edsticos. S\u00f3lo se recoge una cantidad limitada de datos, como el n\u00famero de cookie, la hora y la fecha de visualizaci\u00f3n de la p\u00e1gina o el correo electr\u00f3nico, as\u00ed como una descripci\u00f3n de la p\u00e1gina o el correo electr\u00f3nico en el que se encontraban. Las balizas web y las etiquetas de p\u00edxel no pueden rechazarse. Sin embargo, puede limitar su uso controlando las cookies que se comunican con ellos.<\/p>\n\n\n\n<h2 class=\"wp-block-heading\"><strong>Cookies para el an\u00e1lisis del sitio web<\/strong><\/h2>\n\n\n\n<p>Para realizar un seguimiento de nuestras estad\u00edsticas de visitas, utilizamos Google Analytics. De este modo, podemos saber c\u00f3mo se utiliza nuestro sitio web. Utilizamos esta informaci\u00f3n para hacernos una mejor idea de nuestros visitantes y optimizar nuestro sitio en consecuencia. Google, que presta este servicio, utiliza la informaci\u00f3n para crear un perfil publicitario relevante y an\u00f3nimo con el fin de ofrecer anuncios m\u00e1s espec\u00edficos.<\/p>\n\n\n\n<p>Usted puede impedir el almacenamiento de cookies configurando el ajuste correspondiente en el software de su navegador. Adem\u00e1s, puede evitar que google almacene datos generados por cookies sobre su uso del sitio web (incluida su direcci\u00f3n ip) y procese estos datos mediante el complemento del navegador disponible en.&nbsp;<a href=\"https:\/\/tools.google.com\/dlpage\/gaoptout?hl=nl\" target=\"_blank\" rel=\"noreferrer noopener nofollow\">https:\/\/tools.google.com\/dlpage\/gaoptout?hl=nl<\/a>&nbsp;descargar e instalar.<\/p>\n\n\n\n<p>S\u00f3lo puede eliminar las cookies usted mismo, ya que se almacenan en su ordenador. Para ello, consulte el manual de su navegador.<\/p>\n\n\n\n<p>No nos hacemos responsables de la republicaci\u00f3n del contenido de este blog en otros sitios web o medios de comunicaci\u00f3n sin nuestro consentimiento. Esta pol\u00edtica de cookies est\u00e1 sujeta a cambios sin previo aviso.<\/p>\n\n\n\n<h2 class=\"wp-block-heading\">Enlaces de afiliados y datos personales<\/h2>\n\n\n\n<p>En NooMooo utilizamos <strong>enlaces afiliados<\/strong>. Esto significa que en algunos art\u00edculos o p\u00e1ginas enlazamos a sitios web externos (como tiendas web) donde puede comprar productos. Si compra algo a trav\u00e9s de un enlace de este tipo, recibimos una peque\u00f1a comisi\u00f3n.<\/p>\n\n\n\n<p>Para el buen funcionamiento de estos programas de afiliaci\u00f3n, puede haber <strong>cookies de seguimiento<\/strong> son establecidas por el proveedor externo. Estas cookies registran que usted lleg\u00f3 a la p\u00e1gina externa a trav\u00e9s de nuestro sitio web. Para ello se suele utilizar un identificador \u00fanico y an\u00f3nimo. Este seguimiento se realiza enteramente bajo la responsabilidad de la parte externa correspondiente, como Bol.com o Daisycon.<\/p>\n\n\n\n<p>Nota:<\/p>\n\n\n\n<ul class=\"wp-block-list\">\n<li>Nosotros <strong>no traten ellos mismos datos personales<\/strong> en el contexto de los enlaces de afiliaci\u00f3n.<\/li>\n\n\n\n<li>Tenemos <strong>sin acceso a los datos<\/strong> sobre sus compras, aparte del hecho de que se haya realizado una compra a trav\u00e9s de NooMooo.<\/li>\n\n\n\n<li>Le aconsejamos que utilice el <strong>pol\u00edtica de privacidad de la tienda web correspondiente<\/strong> lea atentamente antes de realizar una compra.<\/li>\n<\/ul>\n\n\n\n<p>Siempre puede desactivar las cookies de seguimiento a trav\u00e9s de la configuraci\u00f3n de su navegador o ajustar sus preferencias a trav\u00e9s del banner de cookies en su primera visita a nuestro sitio web.<\/p>\n\n\n\n<h2 class=\"wp-block-heading\"><strong>Quejas<\/strong><\/h2>\n\n\n\n<p>Si tiene alguna queja sobre el tratamiento de sus datos personales, le rogamos que se ponga directamente en contacto con nosotros al respecto. Si no podemos solucionarlo con usted, por supuesto que nos resultar\u00e1 muy molesto. Siempre tiene derecho a presentar una queja ante la autoridad de datos personales, que es la autoridad supervisora en el \u00e1mbito de la protecci\u00f3n de la intimidad.<\/p>\n\n\n\n<h2 class=\"wp-block-heading\"><strong>P\u00f3ngase en contacto con<\/strong><\/h2>\n\n\n\n<p>Si tiene preguntas sobre el tratamiento de sus datos personales o sobre el propio sitio web, p\u00f3ngase en contacto con nuestro responsable del tratamiento de datos en info@noomooo.com.<\/p>","protected":false},"excerpt":{"rendered":"<p>NooMooo concede gran importancia a la privacidad de sus visitantes, especialmente en lo que respecta a los derechos de los visitantes en relaci\u00f3n con el tratamiento automatizado de datos personales. Por ello, NooMooo solo recopila la informaci\u00f3n necesaria de todos los usuarios de su sitio web y se asegura de que la informaci\u00f3n personal que usted proporciona se trate de forma confidencial. Esta informaci\u00f3n no se...<\/p>","protected":false},"author":2,"featured_media":0,"parent":0,"menu_order":0,"comment_status":"closed","ping_status":"open","template":"page-blank-title-center.php","meta":{"_acf_changed":false,"footnotes":""},"class_list":["post-3","page","type-page","status-publish","hentry"],"acf":[],"_links":{"self":[{"href":"https:\/\/noomooo.com\/es\/wp-json\/wp\/v2\/pages\/3","targetHints":{"allow":["GET"]}}],"collection":[{"href":"https:\/\/noomooo.com\/es\/wp-json\/wp\/v2\/pages"}],"about":[{"href":"https:\/\/noomooo.com\/es\/wp-json\/wp\/v2\/types\/page"}],"author":[{"embeddable":true,"href":"https:\/\/noomooo.com\/es\/wp-json\/wp\/v2\/users\/2"}],"replies":[{"embeddable":true,"href":"https:\/\/noomooo.com\/es\/wp-json\/wp\/v2\/comments?post=3"}],"version-history":[{"count":4,"href":"https:\/\/noomooo.com\/es\/wp-json\/wp\/v2\/pages\/3\/revisions"}],"predecessor-version":[{"id":1028,"href":"https:\/\/noomooo.com\/es\/wp-json\/wp\/v2\/pages\/3\/revisions\/1028"}],"wp:attachment":[{"href":"https:\/\/noomooo.com\/es\/wp-json\/wp\/v2\/media?parent=3"}],"curies":[{"name":"wp","href":"https:\/\/api.w.org\/{rel}","templated":true}]}}