{"id":237,"date":"2025-08-10T21:46:00","date_gmt":"2025-08-10T19:46:00","guid":{"rendered":"https:\/\/noomooo.com\/?page_id=237"},"modified":"2025-09-03T00:14:12","modified_gmt":"2025-09-02T22:14:12","slug":"acerca-de-nosotros","status":"publish","type":"page","link":"https:\/\/noomooo.com\/es\/acerca-de-nosotros\/","title":{"rendered":"Qui\u00e9nes somos"},"content":{"rendered":"<section class=\"section\" id=\"section_49722104\">\n\t\t<div class=\"section-bg fill\" >\n\t\t\t<img loading=\"lazy\" decoding=\"async\" width=\"900\" height=\"637\" src=\"https:\/\/noomooo.com\/wp-content\/uploads\/2025\/08\/3.jpg\" class=\"bg attachment- size-\" alt=\"\" title=\"\">\t\t\t\t\t\t<div class=\"section-bg-overlay absolute fill\"><\/div>\n\t\t\t\n\n\t\t<\/div>\n\n\t\t\n\t<div class=\"ux-shape-divider ux-shape-divider--bottom ux-shape-divider--style-waves\">\n\t\t<svg viewbox=\"0 0 1200 120\" xmlns=\"http:\/\/www.w3.org\/2000\/svg\" preserveaspectratio=\"none\">\n  <path class=\"ux-shape-fill\" d=\"M321.39 63.56c58 10.79 114.16 30.13 172 41.86 82.39 16.72 168.19 17.73 250.45.39C823.78 89 906.67 48 985.66 27.17c70.05-18.48 146.53-26.09 214.34-3V120H0V92.65a600.21 600.21 0 01321.39-29.09z\"\/>\n<\/svg>\n\t<\/div>\n\n\t\t<div class=\"section-content relative\">\n\t\t\t\n\n<div class=\"row row-collapse align-middle align-center\"  id=\"row-1116538463\">\n\n\n\t<div id=\"col-1988708155\" class=\"col medium-10 small-12 large-10\"  >\n\t\t\t\t<div class=\"col-inner\"  >\n\t\t\t\n\t\t\t\n\n\t<div id=\"text-2829065120\" class=\"text\">\n\t\t\n\n<h1>Acerca de NooMooo<\/h1>\n\t\t\n<style>\n#text-2829065120 {\n  font-size: 2rem;\n  text-align: center;\n  color: rgb(255,255,255);\n}\n#text-2829065120 > * {\n  color: rgb(255,255,255);\n}\n<\/style>\n\t<\/div>\n\t\n\n\t\t<\/div>\n\t\t\t\t\n<style>\n#col-1988708155 > .col-inner {\n  padding: 30px 0px 0px 0px;\n}\n<\/style>\n\t<\/div>\n\n\t\n\n<\/div>\n\n\t\t<\/div>\n\n\t\t\n<style>\n#section_49722104 {\n  padding-top: 30px;\n  padding-bottom: 30px;\n}\n#section_49722104 .section-bg-overlay {\n  background-color: rgb(210, 171, 255);\n}\n#section_49722104 .section-bg img {\n  object-position: 27% 45%;\n}\n#section_49722104 .ux-shape-divider--bottom svg {\n  height: 150px;\n  --divider-width: 300%;\n}\n@media (min-width:550px) {\n  #section_49722104 .ux-shape-divider--bottom svg {\n    --divider-width: 240%;\n  }\n}\n<\/style>\n\t<\/section>\n\t\n\n\t<section class=\"section\" id=\"section_1205337247\">\n\t\t<div class=\"section-bg fill\" >\n\t\t\t\t\t\t\t\t\t\n\t\t\t\n\n\t\t<\/div>\n\n\t\t\n\t<div class=\"ux-shape-divider ux-shape-divider--bottom ux-shape-divider--style-waves\">\n\t\t<svg viewbox=\"0 0 1200 120\" xmlns=\"http:\/\/www.w3.org\/2000\/svg\" preserveaspectratio=\"none\">\n  <path class=\"ux-shape-fill\" d=\"M321.39 63.56c58 10.79 114.16 30.13 172 41.86 82.39 16.72 168.19 17.73 250.45.39C823.78 89 906.67 48 985.66 27.17c70.05-18.48 146.53-26.09 214.34-3V120H0V92.65a600.21 600.21 0 01321.39-29.09z\"\/>\n<\/svg>\n\t<\/div>\n\n\t\t<div class=\"section-content relative\">\n\t\t\t\n\n<div class=\"row\"  id=\"row-1745007813\">\n\n\n\t<div id=\"col-274467917\" class=\"col medium-8 small-12 large-8\"  >\n\t\t\t\t<div class=\"col-inner\"  >\n\t\t\t\n\t\t\t\n\n<h2>El lugar donde encontrar\u00e1 todo lo que necesita saber para vivir sin leche de vaca ni lactosa<\/h2>\n<p>Bienvenido a NooMooo. Aqu\u00ed recojo todo lo que quieres saber sobre la intolerancia a la leche de vaca, la intolerancia a la lactosa y todo lo que la rodea. Exploro para que t\u00fa no tengas que hacerlo.<\/p>\n<p>NooMooo aporta calma y visi\u00f3n de conjunto. En un solo lugar, en un lenguaje sencillo. Herramientas pr\u00e1cticas para casa, el restaurante, las vacaciones o el supermercado. NooMooo est\u00e1 ah\u00ed para todos los que se dan cuenta de que la leche de vaca causa molestias y prefieren la claridad.<\/p>\n<p>Para padres que quieren ayudar a sus hijos sin tener que hacer un seguimiento diario. Para personas que quieren elegir con confianza lo que se puede hacer. Y para hosteleros y amantes de la cocina que quieren ser considerados con sus invitados o familiares.<\/p>\n\n\t\t<\/div>\n\t\t\t\t\t<\/div>\n\n\t\n\n\t<div id=\"col-2049919222\" class=\"col medium-4 small-12 large-4 small-col-first\"  >\n\t\t\t\t<div class=\"col-inner\"  >\n\t\t\t\n\t\t\t\n\n\t<div class=\"img has-hover x md-x lg-x y md-y lg-y\" id=\"image_758244025\">\n\t\t\t\t\t\t\t\t<div class=\"img-inner image-cover dark\" style=\"padding-top:400px;\">\n\t\t\t<img loading=\"lazy\" decoding=\"async\" width=\"900\" height=\"637\" src=\"https:\/\/noomooo.com\/wp-content\/uploads\/2025\/08\/5.jpg\" class=\"attachment-large size-large\" alt=\"\" srcset=\"https:\/\/noomooo.com\/wp-content\/uploads\/2025\/08\/5.jpg 900w, https:\/\/noomooo.com\/wp-content\/uploads\/2025\/08\/5-300x212.jpg 300w, https:\/\/noomooo.com\/wp-content\/uploads\/2025\/08\/5-768x544.jpg 768w, https:\/\/noomooo.com\/wp-content\/uploads\/2025\/08\/5-18x12.jpg 18w, https:\/\/noomooo.com\/wp-content\/uploads\/2025\/08\/5-750x531.jpg 750w\" sizes=\"auto, (max-width: 900px) 100vw, 900px\" title=\"\">\t\t\t\t\t\t\n\t\t\t\t\t<\/div>\n\t\t\t\t\t\t\t\t\n<style>\n#image_758244025 {\n  width: 100%;\n}\n<\/style>\n\t<\/div>\n\t\n\n\n\t\t<\/div>\n\t\t\t\t\t<\/div>\n\n\t\n\n\n<style>\n#row-1745007813 > .col > .col-inner {\n  padding: 30px 0px 0px 0px;\n}\n<\/style>\n<\/div>\n\n\t\t<\/div>\n\n\t\t\n<style>\n#section_1205337247 {\n  padding-top: 0px;\n  padding-bottom: 0px;\n}\n#section_1205337247 .ux-shape-divider--bottom svg {\n  height: 50px;\n  --divider-width: 100%;\n}\n#section_1205337247 .ux-shape-divider--bottom .ux-shape-fill {\n  fill: rgb(210, 171, 255);\n}\n@media (min-width:550px) {\n  #section_1205337247 {\n    padding-top: 30px;\n    padding-bottom: 30px;\n  }\n  #section_1205337247 .ux-shape-divider--bottom svg {\n    height: 150px;\n  }\n}\n<\/style>\n\t<\/section>\n\t\n\n\t<section class=\"section\" id=\"section_903779313\">\n\t\t<div class=\"section-bg fill\" >\n\t\t\t\t\t\t\t\t\t\n\t\t\t\n\n\t\t<\/div>\n\n\t\t\n\n\t\t<div class=\"section-content relative\">\n\t\t\t\n\n<div class=\"row row-collapse\"  id=\"row-1601472833\">\n\n\n\t<div id=\"col-762983511\" class=\"col small-12 large-12\"  >\n\t\t\t\t<div class=\"col-inner\"  >\n\t\t\t\n\t\t\t\n\n\t<div id=\"text-274913117\" class=\"text\">\n\t\t\n\n<h2>Descargo de responsabilidad<\/h2>\n<p>NooMooo es una plataforma informativa. No soy m\u00e9dico y no doy consejos m\u00e9dicos. Intento investigar todo lo posible y hacerlo de forma clara, para que no tengas que hacerlo t\u00fa. Usa tu propio ingenio y consulta con tu m\u00e9dico o dietista en caso de duda o si tienes s\u00edntomas persistentes.<\/p>\n\t\t\n<style>\n#text-274913117 {\n  text-align: center;\n  color: rgb(255,255,255);\n}\n#text-274913117 > * {\n  color: rgb(255,255,255);\n}\n<\/style>\n\t<\/div>\n\t\n\n\t\t<\/div>\n\t\t\t\t\n<style>\n#col-762983511 > .col-inner {\n  margin: 0px 0px 0px 0px;\n}\n@media (min-width:550px) {\n  #col-762983511 > .col-inner {\n    margin: 0px 0px 30px 0px;\n  }\n}\n<\/style>\n\t<\/div>\n\n\t\n\n\n<style>\n#row-1601472833 > .col > .col-inner {\n  padding: 30px 0px 30px 0px;\n}\n<\/style>\n<\/div>\n\n\t\t<\/div>\n\n\t\t\n<style>\n#section_903779313 {\n  padding-top: 0px;\n  padding-bottom: 0px;\n  background-color: #d2abff;\n}\n<\/style>\n\t<\/section>\n\t\n\n\t<section class=\"section\" id=\"section_1438227875\">\n\t\t<div class=\"section-bg fill\" >\n\t\t\t\t\t\t\t\t\t\n\t\t\t\n\n\t\t<\/div>\n\n\t\t\t<div class=\"ux-shape-divider ux-shape-divider--top ux-shape-divider--style-waves\">\n\t\t<svg viewbox=\"0 0 1200 120\" xmlns=\"http:\/\/www.w3.org\/2000\/svg\" preserveaspectratio=\"none\">\n  <path class=\"ux-shape-fill\" d=\"M321.39 63.56c58 10.79 114.16 30.13 172 41.86 82.39 16.72 168.19 17.73 250.45.39C823.78 89 906.67 48 985.66 27.17c70.05-18.48 146.53-26.09 214.34-3V120H0V92.65a600.21 600.21 0 01321.39-29.09z\"\/>\n<\/svg>\n\t<\/div>\n\n\n\t\t<div class=\"section-content relative\">\n\t\t\t\n\n<div class=\"row\"  id=\"row-1375075845\">\n\n\n\t<div id=\"col-1681434553\" class=\"col medium-4 small-12 large-4 small-col-first\"  >\n\t\t\t\t<div class=\"col-inner\"  >\n\t\t\t\n\t\t\t\n\n\t<div class=\"img has-hover x md-x lg-x y md-y lg-y\" id=\"image_391990469\">\n\t\t\t\t\t\t\t\t<div class=\"img-inner image-cover dark\" style=\"padding-top:400px;\">\n\t\t\t<img loading=\"lazy\" decoding=\"async\" width=\"768\" height=\"1024\" src=\"https:\/\/noomooo.com\/wp-content\/uploads\/2025\/08\/WhatsApp-Image-2025-08-10-at-22.20.48-768x1024.jpeg\" class=\"attachment-large size-large\" alt=\"\" srcset=\"https:\/\/noomooo.com\/wp-content\/uploads\/2025\/08\/WhatsApp-Image-2025-08-10-at-22.20.48-768x1024.jpeg 768w, https:\/\/noomooo.com\/wp-content\/uploads\/2025\/08\/WhatsApp-Image-2025-08-10-at-22.20.48-225x300.jpeg 225w, https:\/\/noomooo.com\/wp-content\/uploads\/2025\/08\/WhatsApp-Image-2025-08-10-at-22.20.48-1152x1536.jpeg 1152w, https:\/\/noomooo.com\/wp-content\/uploads\/2025\/08\/WhatsApp-Image-2025-08-10-at-22.20.48-9x12.jpeg 9w, https:\/\/noomooo.com\/wp-content\/uploads\/2025\/08\/WhatsApp-Image-2025-08-10-at-22.20.48-750x1000.jpeg 750w, https:\/\/noomooo.com\/wp-content\/uploads\/2025\/08\/WhatsApp-Image-2025-08-10-at-22.20.48.jpeg 1200w\" sizes=\"auto, (max-width: 768px) 100vw, 768px\" title=\"\">\t\t\t\t\t\t\n\t\t\t\t\t<\/div>\n\t\t\t\t\t\t\t\t\n<style>\n#image_391990469 {\n  width: 100%;\n}\n<\/style>\n\t<\/div>\n\t\n\n\n\t\t<\/div>\n\t\t\t\t\t<\/div>\n\n\t\n\n\t<div id=\"col-782242198\" class=\"col medium-8 small-12 large-8\"  >\n\t\t\t\t<div class=\"col-inner\"  >\n\t\t\t\n\t\t\t\n\n<h2>\u00bfPor qu\u00e9 NooMooo?<\/h2>\n<p>Hola, soy Karlijn, la cara detr\u00e1s de NooMooo. Descubr\u00ed que tengo intolerancia a la leche de vaca desde 2021, despu\u00e9s de una larga b\u00fasqueda. Mi hermana dej\u00f3 de consumir leche de vaca e inmediatamente se sinti\u00f3 mejor; yo tambi\u00e9n lo prob\u00e9 y los s\u00edntomas que encajaban con el diagn\u00f3stico de intestino irritable desaparecieron.<\/p>\n<p>Se acab\u00f3 la incertidumbre al salir por la puerta, se acabaron los v\u00f3mitos despu\u00e9s de comer fuera, los dolores de barriga o el armario doble debido a la barriga hinchada. Desde 2021, vuelvo a sentirme bien, pero tambi\u00e9n me he dado cuenta de que la intolerancia a la leche de vaca suele confundirse con la intolerancia a la lactosa o no se toma en serio.<\/p>\n<p>Por eso quiero llamar la atenci\u00f3n sobre este tema aqu\u00ed de una manera positiva. No una rebeli\u00f3n, sino un lugar donde puedes encontrar todo sobre c\u00f3mo evitar la leche de vaca, la lactosa y todo lo que la rodea. Experiencias honestas y sinceras. Una visi\u00f3n de los estudios desde diferentes \u00e1ngulos. Y sobre todo: consejos pr\u00e1cticos y \u00fatiles.<\/p>\n\n\t\t<\/div>\n\t\t\t\t\t<\/div>\n\n\t\n\n<\/div>\n\n\t\t<\/div>\n\n\t\t\n<style>\n#section_1438227875 {\n  padding-top: 1px;\n  padding-bottom: 1px;\n}\n#section_1438227875 .ux-shape-divider--top svg {\n  height: 50px;\n  --divider-top-width: 162%;\n}\n#section_1438227875 .ux-shape-divider--top .ux-shape-fill {\n  fill: #d2abff;\n}\n@media (min-width:550px) {\n  #section_1438227875 .ux-shape-divider--top svg {\n    height: 150px;\n  }\n}\n<\/style>\n\t<\/section>\n\t\n<div class=\"row\"  id=\"row-266148694\">\n\n\n\t<div id=\"col-1548578120\" class=\"col medium-8 small-12 large-8\"  >\n\t\t\t\t<div class=\"col-inner\"  >\n\t\t\t\n\t\t\t\n\n<h2>Cooperaci\u00f3n y contacto<\/h2>\n<p>\u00bfTienes alguna pregunta, quieres compartir tu historia o hacer algo juntos que haga la vida sin leche de vaca m\u00e1s f\u00e1cil y sabrosa? No dudes en enviar un mensaje a <a href=\"mailto:info@noomooo.com\">info@noomooo.com<\/a>. Me gusta pensar y colaborar con marcas y personas que comparten el mismo objetivo.<\/p>\n\n\t\t<\/div>\n\t\t\t\t\t<\/div>\n\n\t\n\n\t<div id=\"col-1809221750\" class=\"col medium-4 small-12 large-4 small-col-first\"  >\n\t\t\t\t<div class=\"col-inner\"  >\n\t\t\t\n\t\t\t\n\n\t<div class=\"img has-hover x md-x lg-x y md-y lg-y\" id=\"image_12752253\">\n\t\t\t\t\t\t\t\t<div class=\"img-inner image-cover dark\" style=\"padding-top:200px;\">\n\t\t\t<img loading=\"lazy\" decoding=\"async\" width=\"900\" height=\"637\" src=\"https:\/\/noomooo.com\/wp-content\/uploads\/2025\/08\/7-1.jpg\" class=\"attachment-large size-large\" alt=\"\" srcset=\"https:\/\/noomooo.com\/wp-content\/uploads\/2025\/08\/7-1.jpg 900w, https:\/\/noomooo.com\/wp-content\/uploads\/2025\/08\/7-1-300x212.jpg 300w, https:\/\/noomooo.com\/wp-content\/uploads\/2025\/08\/7-1-768x544.jpg 768w, https:\/\/noomooo.com\/wp-content\/uploads\/2025\/08\/7-1-18x12.jpg 18w, https:\/\/noomooo.com\/wp-content\/uploads\/2025\/08\/7-1-750x531.jpg 750w\" sizes=\"auto, (max-width: 900px) 100vw, 900px\" title=\"\">\t\t\t\t\t\t\n\t\t\t\t\t<\/div>\n\t\t\t\t\t\t\t\t\n<style>\n#image_12752253 {\n  width: 100%;\n}\n<\/style>\n\t<\/div>\n\t\n\n\n\t\t<\/div>\n\t\t\t\t\t<\/div>\n\n\t\n\n<\/div>","protected":false},"excerpt":{"rendered":"","protected":false},"author":2,"featured_media":0,"parent":0,"menu_order":0,"comment_status":"closed","ping_status":"closed","template":"","meta":{"_acf_changed":false,"footnotes":""},"class_list":["post-237","page","type-page","status-publish","hentry"],"acf":[],"_links":{"self":[{"href":"https:\/\/noomooo.com\/es\/wp-json\/wp\/v2\/pages\/237","targetHints":{"allow":["GET"]}}],"collection":[{"href":"https:\/\/noomooo.com\/es\/wp-json\/wp\/v2\/pages"}],"about":[{"href":"https:\/\/noomooo.com\/es\/wp-json\/wp\/v2\/types\/page"}],"author":[{"embeddable":true,"href":"https:\/\/noomooo.com\/es\/wp-json\/wp\/v2\/users\/2"}],"replies":[{"embeddable":true,"href":"https:\/\/noomooo.com\/es\/wp-json\/wp\/v2\/comments?post=237"}],"version-history":[{"count":5,"href":"https:\/\/noomooo.com\/es\/wp-json\/wp\/v2\/pages\/237\/revisions"}],"predecessor-version":[{"id":1075,"href":"https:\/\/noomooo.com\/es\/wp-json\/wp\/v2\/pages\/237\/revisions\/1075"}],"wp:attachment":[{"href":"https:\/\/noomooo.com\/es\/wp-json\/wp\/v2\/media?parent=237"}],"curies":[{"name":"wp","href":"https:\/\/api.w.org\/{rel}","templated":true}]}}