{"id":172,"date":"2025-08-08T16:50:14","date_gmt":"2025-08-08T14:50:14","guid":{"rendered":"https:\/\/noomooo.com\/?page_id=172"},"modified":"2025-08-28T15:15:09","modified_gmt":"2025-08-28T13:15:09","slug":"descargo-de-responsabilidad","status":"publish","type":"page","link":"https:\/\/noomooo.com\/es\/descargo-de-responsabilidad\/","title":{"rendered":"Descargo de responsabilidad"},"content":{"rendered":"<p>Bienvenido a Noomooo.com. Al visitar este sitio web y\/o utilizar la informaci\u00f3n proporcionada, usted acepta esta cl\u00e1usula de exenci\u00f3n de responsabilidad.<\/p>\n\n\n\n<h4 class=\"wp-block-heading\">1. Ning\u00fan consejo m\u00e9dico<\/h4>\n\n\n\n<p>El contenido de NooMooo est\u00e1 destinado exclusivamente a <strong>fines informativos y educativos<\/strong>. La informaci\u00f3n de este sitio web se basa en <strong>experiencias personales<\/strong>, <strong>recursos disponibles al p\u00fablico<\/strong> e investigaci\u00f3n propia. NooMooo es <strong>ninguna plataforma m\u00e9dica o diet\u00e9tica<\/strong>.<\/p>\n\n\n\n<p>No soy m\u00e9dico, dietista ni profesional sanitario. \u00bfTiene molestias m\u00e9dicas, sospechas de alergia o intolerancia, o desea un asesoramiento nutricional personalizado? Entonces consulte siempre a un <strong>M\u00e9dico de cabecera, especialista o profesional certificado<\/strong>. La informaci\u00f3n sobre NooMooo puede <strong>no debe considerarse asesoramiento m\u00e9dico, diagn\u00f3stico o plan de tratamiento<\/strong>.<\/p>\n\n\n\n<h4 class=\"wp-block-heading\">2. Responsabilidad<\/h4>\n\n\n\n<p>Aunque hago todo lo posible para proporcionar la informaci\u00f3n en NooMooo lo m\u00e1s actualizada, completa y precisa posible, puedo <strong>no garantizan<\/strong> que todo sea siempre correcto o aplicable a su situaci\u00f3n. Por lo tanto, NooMooo acepta <strong>ninguna responsabilidad<\/strong> por cualquier da\u00f1o directo o indirecto derivado del uso de la informaci\u00f3n de este sitio, en entradas de blog, descargas, medios sociales o a trav\u00e9s de fuentes externas vinculadas.<\/p>\n\n\n\n<p>Utilice la informaci\u00f3n bajo su propia responsabilidad y consulte siempre a un experto en caso de duda.<\/p>\n\n\n\n<h4 class=\"wp-block-heading\">3. 3. Experiencias personales<\/h4>\n\n\n\n<p>Gran parte de lo que lees en NooMooo est\u00e1 escrito desde dentro <strong>experiencia personal<\/strong> Con intolerancia a la leche de vaca. Cada cuerpo es diferente. Lo que funciona para m\u00ed puede no funcionar para ti. Por lo tanto, los consejos y reflexiones compartidos no garantizan el \u00e9xito ni una vida sin s\u00edntomas, sino que sirven de inspiraci\u00f3n y apoyo.<\/p>\n\n\n\n<h4 class=\"wp-block-heading\">4. 4. Enlaces externos<\/h4>\n\n\n\n<p>NooMooo contiene enlaces a sitios web o productos externos (por ejemplo, a trav\u00e9s de <em>enlaces afiliados<\/em>). Yo soy <strong>no se hace responsable del contenido, la seguridad o la disponibilidad de estos sitios web externos<\/strong>. El uso de estos enlaces es bajo su propia responsabilidad. S\u00f3lo transmito lo que considero valioso o interesante.<\/p>\n\n\n\n<h4 class=\"wp-block-heading\">5. 5. Marketing de afiliaci\u00f3n<\/h4>\n\n\n\n<p>Algunos enlaces de este sitio web son <em>enlaces afiliados<\/em>. Eso significa que recibo una peque\u00f1a comisi\u00f3n si compras algo a trav\u00e9s de dicho enlace, sin coste adicional para ti. As\u00ed ayudas a que NooMooo siga existiendo de forma gratuita e independiente. Yo promociono <strong>s\u00f3lo productos y marcas que apoyo personalmente<\/strong> o experiencia con ella.<\/p>\n\n\n\n<h4 class=\"wp-block-heading\">6. 6. Propiedad intelectual<\/h4>\n\n\n\n<p>Todos los textos, im\u00e1genes, logotipos y dem\u00e1s contenido de este sitio web son propiedad de NooMooo, a menos que se indique lo contrario. Nada puede ser copiado, compartido o utilizado con fines comerciales sin el consentimiento previo por escrito.<\/p>\n\n\n\n<h4 class=\"wp-block-heading\">7. Acceso al sitio web<\/h4>\n\n\n\n<p>El acceso y uso del sitio web es <strong>estrictamente personal<\/strong>. Encontrar\u00e1 este sitio web y su informaci\u00f3n <strong>no utilizar con fines comerciales, pol\u00edticos o publicitarios<\/strong>ni para ofertas comerciales o comunicaciones electr\u00f3nicas no solicitadas.<\/p>\n\n\n\n<h4 class=\"wp-block-heading\">8. Gesti\u00f3n del sitio web<\/h4>\n\n\n\n<p>Para la correcta gesti\u00f3n del sitio web, el administrador se reserva el derecho de:<\/p>\n\n\n\n<ul class=\"wp-block-list\">\n<li>Suspender, interrumpir o restringir (parcial o totalmente) el acceso a una determinada categor\u00eda de visitantes.<\/li>\n\n\n\n<li>Retirar contenidos que perturben el funcionamiento del sitio web o infrinjan las leyes o la etiqueta de Internet.<\/li>\n\n\n\n<li>Poner el sitio web fuera de servicio temporalmente para realizar actualizaciones o tareas de mantenimiento.<\/li>\n<\/ul>\n\n\n\n<h4 class=\"wp-block-heading\">9. Im\u00e1genes<\/h4>\n\n\n\n<p>Las im\u00e1genes utilizadas en este sitio web pueden estar sujetas a las siguientes limitaciones <strong>no pueden derivarse derechos<\/strong>. Los productos, embalajes o etiquetas pueden diferir en la realidad.<\/p>\n\n\n\n<h4 class=\"wp-block-heading\">10. Responsabilidades<\/h4>\n\n\n\n<p>El administrador no se hace responsable de aver\u00edas, interrupciones u otros problemas t\u00e9cnicos que provoquen que (partes de) la p\u00e1gina web no est\u00e9n disponibles temporalmente. El administrador tampoco es responsable de:<\/p>\n\n\n\n<ul class=\"wp-block-list\">\n<li>Problemas o da\u00f1os en su equipo o datos mientras visita este sitio web<\/li>\n\n\n\n<li>El contenido de los sitios web externos a los que se hace referencia<\/li>\n\n\n\n<li>Acciones legales contra usted por el uso de este sitio web o la violaci\u00f3n de sus t\u00e9rminos y condiciones<\/li>\n<\/ul>\n\n\n\n<p>Usted es responsable de tener una conexi\u00f3n a Internet segura, de proteger su equipo y de lo que ve o descarga en l\u00ednea.<\/p>\n\n\n\n<p>Si el operador se ve involucrado en un litigio como consecuencia de su uso de este sitio web, NooMooo se reserva el derecho de <strong>recuperarle todos los da\u00f1os sufridos y futuros<\/strong>.<\/p>\n\n\n\n<h4 class=\"wp-block-heading\">11. 11. Derecho aplicable<\/h4>\n\n\n\n<p>Sobre este descargo de responsabilidad es <strong>Derecho neerland\u00e9s<\/strong> aplicable. El tribunal del domicilio del administrador ser\u00e1 el \u00fanico competente para conocer de los litigios, salvo excepci\u00f3n legal.<\/p>\n\n\n\n<h4 class=\"wp-block-heading\">12. Contacto<\/h4>\n\n\n\n<p>Para preguntas, informaci\u00f3n sobre productos o informaci\u00f3n sobre el sitio web, p\u00f3ngase en contacto con: info@noomooo.com<\/p>\n\n\n\n<p><\/p>","protected":false},"excerpt":{"rendered":"<p>Bienvenido a Noomooo.com. Al visitar este sitio web y\/o utilizar la informaci\u00f3n que ofrece, aceptas este aviso legal. 1. No es un consejo m\u00e9dico El contenido de NooMooo tiene fines exclusivamente informativos y educativos. La informaci\u00f3n de este sitio web se basa en experiencias personales, fuentes de dominio p\u00fablico e investigaciones propias. NooMooo...<\/p>","protected":false},"author":2,"featured_media":0,"parent":0,"menu_order":0,"comment_status":"closed","ping_status":"closed","template":"page-blank-title-center.php","meta":{"_acf_changed":false,"footnotes":""},"class_list":["post-172","page","type-page","status-publish","hentry"],"acf":[],"_links":{"self":[{"href":"https:\/\/noomooo.com\/es\/wp-json\/wp\/v2\/pages\/172","targetHints":{"allow":["GET"]}}],"collection":[{"href":"https:\/\/noomooo.com\/es\/wp-json\/wp\/v2\/pages"}],"about":[{"href":"https:\/\/noomooo.com\/es\/wp-json\/wp\/v2\/types\/page"}],"author":[{"embeddable":true,"href":"https:\/\/noomooo.com\/es\/wp-json\/wp\/v2\/users\/2"}],"replies":[{"embeddable":true,"href":"https:\/\/noomooo.com\/es\/wp-json\/wp\/v2\/comments?post=172"}],"version-history":[{"count":3,"href":"https:\/\/noomooo.com\/es\/wp-json\/wp\/v2\/pages\/172\/revisions"}],"predecessor-version":[{"id":1029,"href":"https:\/\/noomooo.com\/es\/wp-json\/wp\/v2\/pages\/172\/revisions\/1029"}],"wp:attachment":[{"href":"https:\/\/noomooo.com\/es\/wp-json\/wp\/v2\/media?parent=172"}],"curies":[{"name":"wp","href":"https:\/\/api.w.org\/{rel}","templated":true}]}}