{"id":3,"date":"2025-06-02T14:14:52","date_gmt":"2025-06-02T14:14:52","guid":{"rendered":"https:\/\/noomooo.com\/?page_id=3"},"modified":"2025-08-28T15:14:44","modified_gmt":"2025-08-28T13:14:44","slug":"datenschutzbestimmungen","status":"publish","type":"page","link":"https:\/\/noomooo.com\/de\/datenschutzbestimmungen\/","title":{"rendered":"Datenschutzbestimmungen"},"content":{"rendered":"<p>NooMooo misst dem Schutz der Privatsph\u00e4re seiner Besucher gro\u00dfe Bedeutung bei, insbesondere im Hinblick auf die Rechte der Besucher in Bezug auf die automatisierte Verarbeitung personenbezogener Daten. Daher sammelt NooMooo nur die notwendigen Informationen von allen Nutzern seiner Website und stellt sicher, dass die von Ihnen bereitgestellten personenbezogenen Daten vertraulich behandelt werden. <\/p>\n\n\n\n<p>Diese Informationen werden ohne Ihre Zustimmung nicht an Dritte weitergegeben, und es werden keine Informationen \u00fcber Ihren Besuch auf der NooMooo-Website gespeichert, au\u00dfer zur Analyse der Leistung der Inhalte durch die Verwendung von Cookies. Sie k\u00f6nnen diese Cookies jederzeit \u00fcber Ihre Browsereinstellungen deaktivieren.<\/p>\n\n\n\n<p>Weitere Informationen zum Schutz personenbezogener Daten finden Sie auf der Website der Beh\u00f6rde f\u00fcr personenbezogene Daten:&nbsp;<a href=\"https:\/\/autoriteitpersoonsgegevens.nl\/nl\" target=\"_blank\" rel=\"noreferrer noopener nofollow\">https:\/\/autoriteitpersoonsgegevens.nl\/nl<\/a>.<\/p>\n\n\n\n<p>Solange Sie die Verwendung von Cookies und\/oder anderen Tracking-Systemen auf der Website nicht akzeptieren, platzieren wir keine nicht-anonymisierten analytischen Cookies und\/oder Tracking-Cookies auf Ihrem Computer, Handy oder Tablet.<\/p>\n\n\n\n<p>Durch die Fortsetzung des Besuchs dieser Website akzeptieren Sie die folgenden Bestimmungen und Bedingungen.<\/p>\n\n\n\n<p>Die derzeit verf\u00fcgbare Version der Datenschutzrichtlinie ist die einzige Version, die gilt, solange Sie die Website besuchen, bis eine neue Version die aktuelle ersetzt.<\/p>\n\n\n\n<h2 class=\"wp-block-heading\"><strong>Sammeln von Daten<\/strong><\/h2>\n\n\n\n<p>Ihre Daten werden von NooMooo und eventuellen Drittverarbeitern erfasst. Personenbezogene Daten sind alle Informationen, die sich auf eine identifizierte oder identifizierbare nat\u00fcrliche Person beziehen; als identifizierbar wird eine nat\u00fcrliche Person angesehen, die direkt oder indirekt identifiziert werden kann, insbesondere durch Zuordnung zu einer Kennung wie einem Namen, zu einer Kennnummer, zu Standortdaten, zu einer Online-Kennung oder zu einem oder mehreren Elementen, die Ausdruck der physischen, physiologischen, genetischen, psychischen, wirtschaftlichen, kulturellen oder sozialen Identit\u00e4t sind.<\/p>\n\n\n\n<p>Die auf der Website erhobenen personenbezogenen Daten werden vom Administrator haupts\u00e4chlich zur Pflege der Beziehungen zu Ihnen und gegebenenfalls zur Bearbeitung von Bestellungen verwendet.<\/p>\n\n\n\n<h2 class=\"wp-block-heading\"><strong>Ihre Rechte in Bezug auf Ihre Daten<\/strong><\/h2>\n\n\n\n<p>Gem\u00e4\u00df Artikel 13 Absatz 2 Buchstabe b avg hat jede Person das Recht auf Auskunft, Berichtigung oder L\u00f6schung ihrer personenbezogenen Daten oder auf Einschr\u00e4nkung der Verarbeitung, die sie betrifft, sowie das Recht auf Widerspruch gegen die Verarbeitung und das Recht auf Daten\u00fcbertragbarkeit. Sie k\u00f6nnen diese Rechte aus\u00fcben, indem Sie sich mit uns in Verbindung setzen <a href=\"mailto:info@noomooo.com\">info@noomooo.com<\/a><\/p>\n\n\n\n<p>Einem solchen Antrag ist die Kopie eines g\u00fcltigen Ausweises beizuf\u00fcgen, auf dem Sie Ihre Unterschrift geleistet haben und aus dem hervorgeht, unter welcher Adresse Sie zu erreichen sind.<\/p>\n\n\n\n<h2 class=\"wp-block-heading\"><strong>Verarbeitung von personenbezogenen Daten<\/strong><\/h2>\n\n\n\n<p>Im Falle eines Versto\u00dfes gegen Gesetze oder Vorschriften, dessen der Besucher verd\u00e4chtigt wird und f\u00fcr den die Beh\u00f6rde die vom Administrator gesammelten personenbezogenen Daten ben\u00f6tigt, werden diese nach einer ausdr\u00fccklichen und begr\u00fcndeten Aufforderung durch die Beh\u00f6rden zur Verf\u00fcgung gestellt, woraufhin diese personenbezogenen Daten nicht mehr unter den Schutz der Bestimmungen dieser Datenschutzerkl\u00e4rung fallen.<\/p>\n\n\n\n<p>Wenn bestimmte Informationen f\u00fcr den Zugang zu bestimmten Funktionen der Website erforderlich sind, weist der Verantwortliche bei der Abfrage der Daten auf den obligatorischen Charakter dieser Informationen hin.<\/p>\n\n\n\n<h2 class=\"wp-block-heading\"><strong>Kommerzielle Angebote<\/strong><\/h2>\n\n\n\n<p>Sie k\u00f6nnen vom Administrator kommerzielle Angebote erhalten. Wenn Sie diese nicht (mehr) erhalten m\u00f6chten, senden Sie bitte eine E-Mail an die folgende Adresse: info@noomooo.com<\/p>\n\n\n\n<p>Wenn Sie w\u00e4hrend Ihres Besuchs auf der Website auf personenbezogene Daten sto\u00dfen, m\u00fcssen Sie es unterlassen, diese zu sammeln oder anderweitig unbefugt zu verwenden sowie jede Handlung zu unterlassen, die die Privatsph\u00e4re der betreffenden Person(en) verletzt. In keinem Fall ist der Administrator in den oben genannten F\u00e4llen verantwortlich.<\/p>\n\n\n\n<h2 class=\"wp-block-heading\"><strong>Dauer der Datenspeicherung<\/strong><\/h2>\n\n\n\n<p>Die vom Websitebetreiber erhobenen Daten werden f\u00fcr die gesetzlich vorgeschriebene Dauer genutzt und gespeichert.<\/p>\n\n\n\n<h2 class=\"wp-block-heading\"><strong>Cookies<\/strong><\/h2>\n\n\n\n<p>Die Besucher von Websites treffen auf Cookies. Cookies sind kleine Dateien, mit denen Informationen gesammelt und verwendet werden k\u00f6nnen. Es handelt sich um eine kleine Textdatei, die auf der Festplatte Ihres Computers gespeichert wird, wenn Sie unsere Website besuchen. Ein Cookie enth\u00e4lt Daten, damit Sie bei jedem Besuch unserer Website als Besucher erkannt werden k\u00f6nnen. <\/p>\n\n\n\n<p>Damit ist es m\u00f6glich, unsere Website speziell f\u00fcr Sie einzurichten und Ihnen das Einloggen zu erleichtern. Websites werden durch die Verwendung von Cookies benutzerfreundlicher. Cookies sorgen zum Beispiel daf\u00fcr, dass Ihre Pr\u00e4ferenzen, wie Standort und Spracheinstellungen, gespeichert werden. Au\u00dferdem k\u00f6nnen sie den \u00dcberblick \u00fcber Ihren digitalen Warenkorb behalten. Website-Besitzer k\u00f6nnen dank Cookies sehen, wie oft ihre Websites besucht werden.<\/p>\n\n\n\n<p>Wenn Sie unsere Website besuchen, wird ein Banner erscheinen, das Sie \u00fcber die Verwendung von Cookies informiert. Wenn Sie unsere Website weiter nutzen, stimmen Sie deren Verwendung zu. Ihr Einverst\u00e4ndnis ist f\u00fcr einen Zeitraum von dreizehn Monaten g\u00fcltig.<\/p>\n\n\n\n<h2 class=\"wp-block-heading\"><strong>Wie wir Cookies verwenden<\/strong><\/h2>\n\n\n\n<p>Wir verwenden Cookies auf unseren (mobilen) Websites und anderen damit verbundenen oder verbundenen Medienkan\u00e4len. Wir verwenden Cookies, Web Beacons, Z\u00e4hlpixel und andere Tracking-Technologien, weil sie uns dabei helfen, unsere Dienstleistungen anzupassen und Ihr Einkaufserlebnis zu verbessern.<\/p>\n\n\n\n<p>Wenn Sie unseren Dienst nutzen und darauf zugreifen, legen wir m\u00f6glicherweise einige Cookie-Dateien in Ihrem Webbrowser ab.<br>Wir verwenden Cookies f\u00fcr die folgenden Zwecke:<\/p>\n\n\n\n<ul class=\"wp-block-list\">\n<li>Um bestimmte Funktionen auf unserer Website und unseren Diensten zu erm\u00f6glichen.<\/li>\n\n\n\n<li>Wir verwenden sowohl Sitzungs- als auch dauerhafte Cookies.<\/li>\n\n\n\n<li>Wir verwenden wichtige Cookies, um Benutzer zu authentifizieren und eine betr\u00fcgerische Nutzung unserer Dienste zu verhindern.<\/li>\n\n\n\n<li>Wir verwenden nicht-essentielle Cookies, um unsere Dienste zu verbessern, Serverinhalte zu personalisieren und f\u00fcr Remarketing-Zwecke.<\/li>\n<\/ul>\n\n\n\n<p>Bitte beachten Sie, dass Sie das Recht haben, unsere Cookies abzulehnen, zu deaktivieren oder zu l\u00f6schen. Wenn Sie jedoch unsere Cookies ablehnen oder l\u00f6schen, k\u00f6nnen Sie m\u00f6glicherweise nicht alle Funktionen nutzen, die wir anbieten. Einige unserer Seiten werden m\u00f6glicherweise nicht richtig angezeigt und Sie k\u00f6nnen m\u00f6glicherweise keine Eink\u00e4ufe \u00fcber unsere Website t\u00e4tigen.<\/p>\n\n\n\n<h2 class=\"wp-block-heading\"><strong>Welche Cookies wir verwenden<\/strong><\/h2>\n\n\n\n<p>Auf unserer Website k\u00f6nnen wir die folgenden Arten von Cookies verwenden:<\/p>\n\n\n\n<ul class=\"wp-block-list\">\n<li>Funktionale Cookies: z. B. Sitzungs- und Anmeldecookies zur Speicherung von Sitzungs- und Anmeldeinformationen. Zum Beispiel, um sich an Ihre Pr\u00e4ferenzen zu erinnern.<\/li>\n\n\n\n<li>Anonymisierte analytische Cookies: um Einblicke in die Besuche auf unserer Website zu erhalten, die auf Informationen \u00fcber Besucherzahlen, beliebte Seiten und Themen basieren. So k\u00f6nnen wir die Kommunikation und das Informationsangebot besser auf die Bed\u00fcrfnisse der Besucher unserer Website abstimmen. Dabei k\u00f6nnen wir nicht sehen, wer unsere Websites besucht oder von welchem PC aus der Besuch erfolgt.<\/li>\n\n\n\n<li>Nicht-anonymisierte Analyse-Cookies: um Einblicke in die Besuche auf unserer Website zu erhalten, basierend auf Informationen \u00fcber Besucherzahlen, beliebte Seiten und Themen. Auf diese Weise k\u00f6nnen wir die Kommunikation und das Informationsangebot besser auf die Bed\u00fcrfnisse der Besucher unserer Website abstimmen.<\/li>\n\n\n\n<li>Tracking-Cookies: Sie dienen wie die Werbe-Cookies dazu, relevante Werbung anzuzeigen. Aus Informationen \u00fcber besuchte Websites k\u00f6nnen pers\u00f6nliche Interessen abgeleitet werden. Auf diese Weise k\u00f6nnen Organisationen ihren Website-Besuchern zum Beispiel gezielte Werbung zeigen. Tracking-Cookies erm\u00f6glichen es, Profile von Personen zu erstellen. Beim Tracking werden in der Regel personenbezogene Daten verarbeitet.<\/li>\n<\/ul>\n\n\n\n<p>Die Verwendung von Cookies ist sicher. Viren, Malware, E-Mail- und Telemarketing-Aktionen sind keine Folge der Verwendung von Cookies. Dies liegt daran, dass Cookies nicht Ihre E-Mail-Adresse, Telefonnummer oder andere pers\u00f6nliche Daten speichern.<\/p>\n\n\n\n<h2 class=\"wp-block-heading\"><strong>Andere Verfolgungstechnologien<\/strong><\/h2>\n\n\n\n<p>Zus\u00e4tzlich zu Cookies k\u00f6nnen wir auf unserer Website auch Web-Beacons, Pixel-Tags und andere Tracking-Technologien verwenden. Diese helfen uns, Ihre Erfahrung auf unserer Website zu verbessern. Ein \"Web-Beacon\" oder \"Pixel-Tag\" ist ein kleines Objekt oder Bild, das in eine Webseite oder E-Mail eingebettet ist. Sie werden verwendet, um die Anzahl der Nutzer zu ermitteln, die bestimmte Seiten besucht oder E-Mails angesehen haben. <\/p>\n\n\n\n<p>Sie dienen lediglich der Erhebung statistischer Daten. Es wird nur eine begrenzte Menge an Daten erfasst, wie z. B. die Cookie-Nummer, Uhrzeit und Datum des Seiten- oder E-Mail-Aufrufs sowie eine Beschreibung der Seite oder E-Mail, auf der sie sich befanden. Web-Beacons und Pixel-Tags k\u00f6nnen nicht abgelehnt werden. Sie k\u00f6nnen jedoch ihre Verwendung einschr\u00e4nken, indem Sie die Cookies kontrollieren, die mit ihnen kommunizieren.<\/p>\n\n\n\n<h2 class=\"wp-block-heading\"><strong>Cookies f\u00fcr die Website-Analyse<\/strong><\/h2>\n\n\n\n<p>Um unsere Besucherstatistiken zu verfolgen, verwenden wir google analytics. Damit wird verfolgt, wie unsere Website genutzt wird. Wir nutzen diese Informationen, um uns ein besseres Bild von unseren Besuchern zu machen und unsere Website entsprechend zu optimieren. Google, das diesen Dienst anbietet, verwendet die Informationen, um ein relevantes, anonymes Werbeprofil zu erstellen, damit wir gezieltere Werbung anbieten k\u00f6nnen.<\/p>\n\n\n\n<p>Sie k\u00f6nnen die Speicherung von Cookies verhindern, indem Sie eine entsprechende Einstellung Ihrer Browser-Software vornehmen. Sie k\u00f6nnen dar\u00fcber hinaus die Erfassung der durch das Cookie erzeugten und auf Ihre Nutzung der Website bezogenen Daten (inkl. Ihrer IP-Adresse) an Google sowie die Verarbeitung dieser Daten durch Google verhindern, indem sie das unter folgender Adresse verf\u00fcgbare Browser-Plugin verwenden&nbsp;<a href=\"https:\/\/tools.google.com\/dlpage\/gaoptout?hl=nl\" target=\"_blank\" rel=\"noreferrer noopener nofollow\">https:\/\/tools.google.com\/dlpage\/gaoptout?hl=nl<\/a>&nbsp;herunterladen und installieren.<\/p>\n\n\n\n<p>Sie k\u00f6nnen Cookies nur selbst l\u00f6schen, da sie auf Ihrem Computer gespeichert werden. Bitte konsultieren Sie dazu das Handbuch Ihres Browsers.<\/p>\n\n\n\n<p>Wir sind nicht verantwortlich f\u00fcr die Wiederver\u00f6ffentlichung des Inhalts dieses Blogs auf anderen Websites oder Medien ohne unsere Zustimmung. Diese Cookie-Richtlinie kann ohne vorherige Ank\u00fcndigung ge\u00e4ndert werden.<\/p>\n\n\n\n<h2 class=\"wp-block-heading\">Partnerlinks und pers\u00f6nliche Daten<\/h2>\n\n\n\n<p>Auf NooMooo verwenden wir <strong>Partner-Links<\/strong>. Das bedeutet, dass wir in einigen Artikeln oder Seiten auf externe Websites (wie Webshops) verlinken, auf denen Sie Produkte kaufen k\u00f6nnen. Wenn Sie etwas \u00fcber einen solchen Link kaufen, erhalten wir eine kleine Provision.<\/p>\n\n\n\n<p>F\u00fcr das ordnungsgem\u00e4\u00dfe Funktionieren dieser Partnerschaftsprogramme kann es <strong>Tracking-Cookies<\/strong> werden von dem externen Anbieter gesetzt. Diese Cookies speichern, dass Sie \u00fcber unsere Website auf die externe Seite gelangt sind. Dies geschieht in der Regel anhand einer eindeutigen, anonymen ID. Dieses Tracking erfolgt vollst\u00e4ndig unter der Verantwortung der jeweiligen externen Partei, wie Bol.com oder Daisycon.<\/p>\n\n\n\n<p>Anmerkung:<\/p>\n\n\n\n<ul class=\"wp-block-list\">\n<li>Wir <strong>selbst keine personenbezogenen Daten verarbeiten<\/strong> im Rahmen von Affiliate-Links.<\/li>\n\n\n\n<li>Wir haben <strong>kein Zugang zu den Daten<\/strong> \u00fcber Ihre Eink\u00e4ufe, au\u00dfer der Tatsache, dass ein Kauf \u00fcber NooMooo get\u00e4tigt wurde.<\/li>\n\n\n\n<li>Wir empfehlen Ihnen die Verwendung des <strong>Datenschutzbestimmungen des betreffenden Webshops<\/strong> sorgf\u00e4ltig lesen, bevor Sie einen Kauf t\u00e4tigen.<\/li>\n<\/ul>\n\n\n\n<p>Sie k\u00f6nnen Tracking-Cookies jederzeit \u00fcber Ihre Browser-Einstellungen deaktivieren oder Ihre Pr\u00e4ferenzen \u00fcber das Cookie-Banner bei Ihrem ersten Besuch auf unserer Website anpassen.<\/p>\n\n\n\n<h2 class=\"wp-block-heading\"><strong>Beanstandungen<\/strong><\/h2>\n\n\n\n<p>Wenn Sie eine Beschwerde \u00fcber die Verarbeitung Ihrer pers\u00f6nlichen Daten haben, bitten wir Sie, sich direkt an uns zu wenden. Wenn wir die Angelegenheit nicht mit Ihnen kl\u00e4ren k\u00f6nnen, finden wir das nat\u00fcrlich sehr \u00e4rgerlich. Sie haben immer das Recht, eine Beschwerde bei der Beh\u00f6rde f\u00fcr personenbezogene Daten einzureichen, die die Aufsichtsbeh\u00f6rde im Bereich des Datenschutzes ist.<\/p>\n\n\n\n<h2 class=\"wp-block-heading\"><strong>Kontakt<\/strong><\/h2>\n\n\n\n<p>Bei Fragen zur Verarbeitung Ihrer pers\u00f6nlichen Daten oder zur Website selbst wenden Sie sich bitte an unseren f\u00fcr die Datenverarbeitung Verantwortlichen unter info@noomooo.com.<\/p>","protected":false},"excerpt":{"rendered":"<p>NooMooo legt gro\u00dfen Wert auf die Privatsph\u00e4re seiner Besucher, insbesondere hinsichtlich der Rechte der Besucher in Bezug auf die automatisierte Verarbeitung personenbezogener Daten. Aus diesem Grund sammelt NooMooo nur die notwendigen Informationen von allen Nutzern seiner Website und sorgt daf\u00fcr, dass die von Ihnen angegebenen pers\u00f6nlichen Daten vertraulich behandelt werden. Diese Informationen werden nicht...<\/p>","protected":false},"author":2,"featured_media":0,"parent":0,"menu_order":0,"comment_status":"closed","ping_status":"open","template":"page-blank-title-center.php","meta":{"_acf_changed":false,"footnotes":""},"class_list":["post-3","page","type-page","status-publish","hentry"],"acf":[],"_links":{"self":[{"href":"https:\/\/noomooo.com\/de\/wp-json\/wp\/v2\/pages\/3","targetHints":{"allow":["GET"]}}],"collection":[{"href":"https:\/\/noomooo.com\/de\/wp-json\/wp\/v2\/pages"}],"about":[{"href":"https:\/\/noomooo.com\/de\/wp-json\/wp\/v2\/types\/page"}],"author":[{"embeddable":true,"href":"https:\/\/noomooo.com\/de\/wp-json\/wp\/v2\/users\/2"}],"replies":[{"embeddable":true,"href":"https:\/\/noomooo.com\/de\/wp-json\/wp\/v2\/comments?post=3"}],"version-history":[{"count":4,"href":"https:\/\/noomooo.com\/de\/wp-json\/wp\/v2\/pages\/3\/revisions"}],"predecessor-version":[{"id":1028,"href":"https:\/\/noomooo.com\/de\/wp-json\/wp\/v2\/pages\/3\/revisions\/1028"}],"wp:attachment":[{"href":"https:\/\/noomooo.com\/de\/wp-json\/wp\/v2\/media?parent=3"}],"curies":[{"name":"wp","href":"https:\/\/api.w.org\/{rel}","templated":true}]}}