{"id":237,"date":"2025-08-10T21:46:00","date_gmt":"2025-08-10T19:46:00","guid":{"rendered":"https:\/\/noomooo.com\/?page_id=237"},"modified":"2025-09-03T00:14:12","modified_gmt":"2025-09-02T22:14:12","slug":"uber-uns","status":"publish","type":"page","link":"https:\/\/noomooo.com\/de\/uber-uns\/","title":{"rendered":"\u00dcber uns"},"content":{"rendered":"<section class=\"section\" id=\"section_243921548\">\n\t\t<div class=\"section-bg fill\" >\n\t\t\t<img loading=\"lazy\" decoding=\"async\" width=\"900\" height=\"637\" src=\"https:\/\/noomooo.com\/wp-content\/uploads\/2025\/08\/3.jpg\" class=\"bg attachment- size-\" alt=\"\" title=\"\">\t\t\t\t\t\t<div class=\"section-bg-overlay absolute fill\"><\/div>\n\t\t\t\n\n\t\t<\/div>\n\n\t\t\n\t<div class=\"ux-shape-divider ux-shape-divider--bottom ux-shape-divider--style-waves\">\n\t\t<svg viewbox=\"0 0 1200 120\" xmlns=\"http:\/\/www.w3.org\/2000\/svg\" preserveaspectratio=\"none\">\n  <path class=\"ux-shape-fill\" d=\"M321.39 63.56c58 10.79 114.16 30.13 172 41.86 82.39 16.72 168.19 17.73 250.45.39C823.78 89 906.67 48 985.66 27.17c70.05-18.48 146.53-26.09 214.34-3V120H0V92.65a600.21 600.21 0 01321.39-29.09z\"\/>\n<\/svg>\n\t<\/div>\n\n\t\t<div class=\"section-content relative\">\n\t\t\t\n\n<div class=\"row row-collapse align-middle align-center\"  id=\"row-1013653042\">\n\n\n\t<div id=\"col-1501427499\" class=\"col medium-10 small-12 large-10\"  >\n\t\t\t\t<div class=\"col-inner\"  >\n\t\t\t\n\t\t\t\n\n\t<div id=\"text-184387069\" class=\"text\">\n\t\t\n\n<h1>\u00dcber NooMooo<\/h1>\n\t\t\n<style>\n#text-184387069 {\n  font-size: 2rem;\n  text-align: center;\n  color: rgb(255,255,255);\n}\n#text-184387069 > * {\n  color: rgb(255,255,255);\n}\n<\/style>\n\t<\/div>\n\t\n\n\t\t<\/div>\n\t\t\t\t\n<style>\n#col-1501427499 > .col-inner {\n  padding: 30px 0px 0px 0px;\n}\n<\/style>\n\t<\/div>\n\n\t\n\n<\/div>\n\n\t\t<\/div>\n\n\t\t\n<style>\n#section_243921548 {\n  padding-top: 30px;\n  padding-bottom: 30px;\n}\n#section_243921548 .section-bg-overlay {\n  background-color: rgb(210, 171, 255);\n}\n#section_243921548 .section-bg img {\n  object-position: 27% 45%;\n}\n#section_243921548 .ux-shape-divider--bottom svg {\n  height: 150px;\n  --divider-width: 300%;\n}\n@media (min-width:550px) {\n  #section_243921548 .ux-shape-divider--bottom svg {\n    --divider-width: 240%;\n  }\n}\n<\/style>\n\t<\/section>\n\t\n\n\t<section class=\"section\" id=\"section_1023945313\">\n\t\t<div class=\"section-bg fill\" >\n\t\t\t\t\t\t\t\t\t\n\t\t\t\n\n\t\t<\/div>\n\n\t\t\n\t<div class=\"ux-shape-divider ux-shape-divider--bottom ux-shape-divider--style-waves\">\n\t\t<svg viewbox=\"0 0 1200 120\" xmlns=\"http:\/\/www.w3.org\/2000\/svg\" preserveaspectratio=\"none\">\n  <path class=\"ux-shape-fill\" d=\"M321.39 63.56c58 10.79 114.16 30.13 172 41.86 82.39 16.72 168.19 17.73 250.45.39C823.78 89 906.67 48 985.66 27.17c70.05-18.48 146.53-26.09 214.34-3V120H0V92.65a600.21 600.21 0 01321.39-29.09z\"\/>\n<\/svg>\n\t<\/div>\n\n\t\t<div class=\"section-content relative\">\n\t\t\t\n\n<div class=\"row\"  id=\"row-950707375\">\n\n\n\t<div id=\"col-1716207300\" class=\"col medium-8 small-12 large-8\"  >\n\t\t\t\t<div class=\"col-inner\"  >\n\t\t\t\n\t\t\t\n\n<h2>Hier finden Sie alles, was Sie \u00fcber ein Leben ohne Kuhmilch und Laktose wissen m\u00fcssen<\/h2>\n<p>Willkommen bei NooMooo. Hier sammle ich alles, was Sie \u00fcber Kuhmilchunvertr\u00e4glichkeit, Laktoseintoleranz und alles drum herum wissen wollen. Ich recherchiere, damit Sie es nicht tun m\u00fcssen.<\/p>\n<p>NooMooo bringt Ruhe und \u00dcbersicht. An einem Ort, in einfacher Sprache. Sie erhalten praktische Werkzeuge f\u00fcr zu Hause, im Restaurant, im Urlaub und im Supermarkt. NooMooo ist f\u00fcr alle da, die merken, dass Kuhmilch \u00c4rger macht und lieber Klarheit haben wollen.<\/p>\n<p>F\u00fcr Eltern, die ihrem Kind helfen wollen, ohne es jeden Tag zu verfolgen. F\u00fcr Menschen, die mit Zuversicht entscheiden wollen, was getan werden kann. Und f\u00fcr Gastronomen und Feinschmecker, die R\u00fccksicht auf ihre G\u00e4ste oder Familie nehmen wollen.<\/p>\n\n\t\t<\/div>\n\t\t\t\t\t<\/div>\n\n\t\n\n\t<div id=\"col-3690153\" class=\"col medium-4 small-12 large-4 small-col-first\"  >\n\t\t\t\t<div class=\"col-inner\"  >\n\t\t\t\n\t\t\t\n\n\t<div class=\"img has-hover x md-x lg-x y md-y lg-y\" id=\"image_538364950\">\n\t\t\t\t\t\t\t\t<div class=\"img-inner image-cover dark\" style=\"padding-top:400px;\">\n\t\t\t<img loading=\"lazy\" decoding=\"async\" width=\"900\" height=\"637\" src=\"https:\/\/noomooo.com\/wp-content\/uploads\/2025\/08\/5.jpg\" class=\"attachment-large size-large\" alt=\"\" srcset=\"https:\/\/noomooo.com\/wp-content\/uploads\/2025\/08\/5.jpg 900w, https:\/\/noomooo.com\/wp-content\/uploads\/2025\/08\/5-300x212.jpg 300w, https:\/\/noomooo.com\/wp-content\/uploads\/2025\/08\/5-768x544.jpg 768w, https:\/\/noomooo.com\/wp-content\/uploads\/2025\/08\/5-18x12.jpg 18w, https:\/\/noomooo.com\/wp-content\/uploads\/2025\/08\/5-750x531.jpg 750w\" sizes=\"auto, (max-width: 900px) 100vw, 900px\" title=\"\">\t\t\t\t\t\t\n\t\t\t\t\t<\/div>\n\t\t\t\t\t\t\t\t\n<style>\n#image_538364950 {\n  width: 100%;\n}\n<\/style>\n\t<\/div>\n\t\n\n\n\t\t<\/div>\n\t\t\t\t\t<\/div>\n\n\t\n\n\n<style>\n#row-950707375 > .col > .col-inner {\n  padding: 30px 0px 0px 0px;\n}\n<\/style>\n<\/div>\n\n\t\t<\/div>\n\n\t\t\n<style>\n#section_1023945313 {\n  padding-top: 0px;\n  padding-bottom: 0px;\n}\n#section_1023945313 .ux-shape-divider--bottom svg {\n  height: 50px;\n  --divider-width: 100%;\n}\n#section_1023945313 .ux-shape-divider--bottom .ux-shape-fill {\n  fill: rgb(210, 171, 255);\n}\n@media (min-width:550px) {\n  #section_1023945313 {\n    padding-top: 30px;\n    padding-bottom: 30px;\n  }\n  #section_1023945313 .ux-shape-divider--bottom svg {\n    height: 150px;\n  }\n}\n<\/style>\n\t<\/section>\n\t\n\n\t<section class=\"section\" id=\"section_1475008740\">\n\t\t<div class=\"section-bg fill\" >\n\t\t\t\t\t\t\t\t\t\n\t\t\t\n\n\t\t<\/div>\n\n\t\t\n\n\t\t<div class=\"section-content relative\">\n\t\t\t\n\n<div class=\"row row-collapse\"  id=\"row-623857358\">\n\n\n\t<div id=\"col-1341706594\" class=\"col small-12 large-12\"  >\n\t\t\t\t<div class=\"col-inner\"  >\n\t\t\t\n\t\t\t\n\n\t<div id=\"text-2171731397\" class=\"text\">\n\t\t\n\n<h2>Haftungsausschluss<\/h2>\n<p>NooMooo ist eine informative Plattform. Ich bin kein Arzt und gebe keine medizinischen Ratschl\u00e4ge. Ich versuche, so viel wie m\u00f6glich zu recherchieren und es klar zu b\u00fcndeln, damit Sie das nicht tun m\u00fcssen. Nutzen Sie Ihren eigenen Verstand und konsultieren Sie im Zweifelsfall oder bei anhaltenden Symptomen Ihren Arzt oder Ern\u00e4hrungsberater.<\/p>\n\t\t\n<style>\n#text-2171731397 {\n  text-align: center;\n  color: rgb(255,255,255);\n}\n#text-2171731397 > * {\n  color: rgb(255,255,255);\n}\n<\/style>\n\t<\/div>\n\t\n\n\t\t<\/div>\n\t\t\t\t\n<style>\n#col-1341706594 > .col-inner {\n  margin: 0px 0px 0px 0px;\n}\n@media (min-width:550px) {\n  #col-1341706594 > .col-inner {\n    margin: 0px 0px 30px 0px;\n  }\n}\n<\/style>\n\t<\/div>\n\n\t\n\n\n<style>\n#row-623857358 > .col > .col-inner {\n  padding: 30px 0px 30px 0px;\n}\n<\/style>\n<\/div>\n\n\t\t<\/div>\n\n\t\t\n<style>\n#section_1475008740 {\n  padding-top: 0px;\n  padding-bottom: 0px;\n  background-color: #d2abff;\n}\n<\/style>\n\t<\/section>\n\t\n\n\t<section class=\"section\" id=\"section_2081571616\">\n\t\t<div class=\"section-bg fill\" >\n\t\t\t\t\t\t\t\t\t\n\t\t\t\n\n\t\t<\/div>\n\n\t\t\t<div class=\"ux-shape-divider ux-shape-divider--top ux-shape-divider--style-waves\">\n\t\t<svg viewbox=\"0 0 1200 120\" xmlns=\"http:\/\/www.w3.org\/2000\/svg\" preserveaspectratio=\"none\">\n  <path class=\"ux-shape-fill\" d=\"M321.39 63.56c58 10.79 114.16 30.13 172 41.86 82.39 16.72 168.19 17.73 250.45.39C823.78 89 906.67 48 985.66 27.17c70.05-18.48 146.53-26.09 214.34-3V120H0V92.65a600.21 600.21 0 01321.39-29.09z\"\/>\n<\/svg>\n\t<\/div>\n\n\n\t\t<div class=\"section-content relative\">\n\t\t\t\n\n<div class=\"row\"  id=\"row-2095345946\">\n\n\n\t<div id=\"col-1686862972\" class=\"col medium-4 small-12 large-4 small-col-first\"  >\n\t\t\t\t<div class=\"col-inner\"  >\n\t\t\t\n\t\t\t\n\n\t<div class=\"img has-hover x md-x lg-x y md-y lg-y\" id=\"image_1185142664\">\n\t\t\t\t\t\t\t\t<div class=\"img-inner image-cover dark\" style=\"padding-top:400px;\">\n\t\t\t<img loading=\"lazy\" decoding=\"async\" width=\"768\" height=\"1024\" src=\"https:\/\/noomooo.com\/wp-content\/uploads\/2025\/08\/WhatsApp-Image-2025-08-10-at-22.20.48-768x1024.jpeg\" class=\"attachment-large size-large\" alt=\"\" srcset=\"https:\/\/noomooo.com\/wp-content\/uploads\/2025\/08\/WhatsApp-Image-2025-08-10-at-22.20.48-768x1024.jpeg 768w, https:\/\/noomooo.com\/wp-content\/uploads\/2025\/08\/WhatsApp-Image-2025-08-10-at-22.20.48-225x300.jpeg 225w, https:\/\/noomooo.com\/wp-content\/uploads\/2025\/08\/WhatsApp-Image-2025-08-10-at-22.20.48-1152x1536.jpeg 1152w, https:\/\/noomooo.com\/wp-content\/uploads\/2025\/08\/WhatsApp-Image-2025-08-10-at-22.20.48-9x12.jpeg 9w, https:\/\/noomooo.com\/wp-content\/uploads\/2025\/08\/WhatsApp-Image-2025-08-10-at-22.20.48-750x1000.jpeg 750w, https:\/\/noomooo.com\/wp-content\/uploads\/2025\/08\/WhatsApp-Image-2025-08-10-at-22.20.48.jpeg 1200w\" sizes=\"auto, (max-width: 768px) 100vw, 768px\" title=\"\">\t\t\t\t\t\t\n\t\t\t\t\t<\/div>\n\t\t\t\t\t\t\t\t\n<style>\n#image_1185142664 {\n  width: 100%;\n}\n<\/style>\n\t<\/div>\n\t\n\n\n\t\t<\/div>\n\t\t\t\t\t<\/div>\n\n\t\n\n\t<div id=\"col-2136740083\" class=\"col medium-8 small-12 large-8\"  >\n\t\t\t\t<div class=\"col-inner\"  >\n\t\t\t\n\t\t\t\n\n<h2>Warum NooMooo?<\/h2>\n<p>Hallo, ich bin Karlijn, das Gesicht hinter NooMooo. Ich habe 2021 nach langer Suche herausgefunden, dass ich eine Kuhmilchunvertr\u00e4glichkeit habe. Meine Schwester hat mit Kuhmilch aufgeh\u00f6rt und sich sofort besser gef\u00fchlt; ich habe es auch versucht und die Symptome, die zur Diagnose Reizdarm passen, sind verschwunden.<\/p>\n<p>Keine Unsicherheit mehr, wenn ich vor die T\u00fcr gehe, kein Erbrechen mehr nach dem Essen, keine Bauchschmerzen oder doppelte Garderobe wegen eines geschwollenen Bauches. Seit 2021 f\u00fchle ich mich wieder gut, aber ich habe auch festgestellt, dass Kuhmilchunvertr\u00e4glichkeit oft mit Laktoseintoleranz verwechselt oder nicht ernst genommen wird.<\/p>\n<p>Deshalb m\u00f6chte ich hier auf positive Weise auf dieses Thema aufmerksam machen. Keine Rebellion, sondern ein Ort, an dem man alles \u00fcber den Verzicht auf Kuhmilch, Laktose und alles, was damit zusammenh\u00e4ngt, finden kann. Ehrliche, zu Herzen gehende Erfahrungen. Einblicke in Studien aus verschiedenen Blickwinkeln. Und vor allem: handliche, praktische Tipps.<\/p>\n\n\t\t<\/div>\n\t\t\t\t\t<\/div>\n\n\t\n\n<\/div>\n\n\t\t<\/div>\n\n\t\t\n<style>\n#section_2081571616 {\n  padding-top: 1px;\n  padding-bottom: 1px;\n}\n#section_2081571616 .ux-shape-divider--top svg {\n  height: 50px;\n  --divider-top-width: 162%;\n}\n#section_2081571616 .ux-shape-divider--top .ux-shape-fill {\n  fill: #d2abff;\n}\n@media (min-width:550px) {\n  #section_2081571616 .ux-shape-divider--top svg {\n    height: 150px;\n  }\n}\n<\/style>\n\t<\/section>\n\t\n<div class=\"row\"  id=\"row-118050211\">\n\n\n\t<div id=\"col-566306352\" class=\"col medium-8 small-12 large-8\"  >\n\t\t\t\t<div class=\"col-inner\"  >\n\t\t\t\n\t\t\t\n\n<h2>Zusammenarbeit und Kontakt<\/h2>\n<p>Sie haben eine Frage, m\u00f6chten Ihre Geschichte erz\u00e4hlen oder gemeinsam etwas herstellen, das das Leben ohne Kuhmilch einfacher und schmackhafter macht. Schicken Sie eine Nachricht an <a href=\"mailto:info@noomooo.com\">info@noomooo.com<\/a>. Es macht mir Spa\u00df, mit Marken und Menschen zusammenzuarbeiten, die das gleiche Ziel verfolgen.<\/p>\n\n\t\t<\/div>\n\t\t\t\t\t<\/div>\n\n\t\n\n\t<div id=\"col-2121320406\" class=\"col medium-4 small-12 large-4 small-col-first\"  >\n\t\t\t\t<div class=\"col-inner\"  >\n\t\t\t\n\t\t\t\n\n\t<div class=\"img has-hover x md-x lg-x y md-y lg-y\" id=\"image_2025635714\">\n\t\t\t\t\t\t\t\t<div class=\"img-inner image-cover dark\" style=\"padding-top:200px;\">\n\t\t\t<img loading=\"lazy\" decoding=\"async\" width=\"900\" height=\"637\" src=\"https:\/\/noomooo.com\/wp-content\/uploads\/2025\/08\/7-1.jpg\" class=\"attachment-large size-large\" alt=\"\" srcset=\"https:\/\/noomooo.com\/wp-content\/uploads\/2025\/08\/7-1.jpg 900w, https:\/\/noomooo.com\/wp-content\/uploads\/2025\/08\/7-1-300x212.jpg 300w, https:\/\/noomooo.com\/wp-content\/uploads\/2025\/08\/7-1-768x544.jpg 768w, https:\/\/noomooo.com\/wp-content\/uploads\/2025\/08\/7-1-18x12.jpg 18w, https:\/\/noomooo.com\/wp-content\/uploads\/2025\/08\/7-1-750x531.jpg 750w\" sizes=\"auto, (max-width: 900px) 100vw, 900px\" title=\"\">\t\t\t\t\t\t\n\t\t\t\t\t<\/div>\n\t\t\t\t\t\t\t\t\n<style>\n#image_2025635714 {\n  width: 100%;\n}\n<\/style>\n\t<\/div>\n\t\n\n\n\t\t<\/div>\n\t\t\t\t\t<\/div>\n\n\t\n\n<\/div>","protected":false},"excerpt":{"rendered":"","protected":false},"author":2,"featured_media":0,"parent":0,"menu_order":0,"comment_status":"closed","ping_status":"closed","template":"","meta":{"_acf_changed":false,"footnotes":""},"class_list":["post-237","page","type-page","status-publish","hentry"],"acf":[],"_links":{"self":[{"href":"https:\/\/noomooo.com\/de\/wp-json\/wp\/v2\/pages\/237","targetHints":{"allow":["GET"]}}],"collection":[{"href":"https:\/\/noomooo.com\/de\/wp-json\/wp\/v2\/pages"}],"about":[{"href":"https:\/\/noomooo.com\/de\/wp-json\/wp\/v2\/types\/page"}],"author":[{"embeddable":true,"href":"https:\/\/noomooo.com\/de\/wp-json\/wp\/v2\/users\/2"}],"replies":[{"embeddable":true,"href":"https:\/\/noomooo.com\/de\/wp-json\/wp\/v2\/comments?post=237"}],"version-history":[{"count":5,"href":"https:\/\/noomooo.com\/de\/wp-json\/wp\/v2\/pages\/237\/revisions"}],"predecessor-version":[{"id":1075,"href":"https:\/\/noomooo.com\/de\/wp-json\/wp\/v2\/pages\/237\/revisions\/1075"}],"wp:attachment":[{"href":"https:\/\/noomooo.com\/de\/wp-json\/wp\/v2\/media?parent=237"}],"curies":[{"name":"wp","href":"https:\/\/api.w.org\/{rel}","templated":true}]}}