{"id":172,"date":"2025-08-08T16:50:14","date_gmt":"2025-08-08T14:50:14","guid":{"rendered":"https:\/\/noomooo.com\/?page_id=172"},"modified":"2025-08-28T15:15:09","modified_gmt":"2025-08-28T13:15:09","slug":"haftungsausschluss","status":"publish","type":"page","link":"https:\/\/noomooo.com\/de\/haftungsausschluss\/","title":{"rendered":"Haftungsausschluss"},"content":{"rendered":"<p>Willkommen bei Noomooo.com. Mit dem Besuch dieser Website und\/oder der Nutzung der angebotenen Informationen erkl\u00e4ren Sie sich mit diesem Haftungsausschluss einverstanden.<\/p>\n\n\n\n<h4 class=\"wp-block-heading\">1. Keine medizinische Beratung<\/h4>\n\n\n\n<p>Der Inhalt von NooMooo ist ausschlie\u00dflich bestimmt f\u00fcr <strong>zu Informations- und Bildungszwecken<\/strong>. Die Informationen auf dieser Website beruhen auf <strong>pers\u00f6nliche Erfahrungen<\/strong>, <strong>\u00f6ffentlich zug\u00e4ngliche Ressourcen<\/strong> und firmeneigene Forschung. NooMooo ist <strong>keine medizinische oder di\u00e4tetische Plattform<\/strong>.<\/p>\n\n\n\n<p>Ich bin kein Arzt, Ern\u00e4hrungsberater oder Gesundheitsdienstleister. Haben Sie medizinische Beschwerden, einen Verdacht auf eine Allergie oder Unvertr\u00e4glichkeit oder m\u00f6chten Sie eine ma\u00dfgeschneiderte Ern\u00e4hrungsberatung? Dann konsultieren Sie immer einen <strong>Hausarzt, Facharzt oder zertifizierte Fachkraft<\/strong>. Die Informationen auf NooMooo k\u00f6nnen <strong>nicht als medizinischer Rat, Diagnose oder Behandlungsplan angesehen werden<\/strong>.<\/p>\n\n\n\n<h4 class=\"wp-block-heading\">2. Haftung<\/h4>\n\n\n\n<p>Obwohl ich mich bem\u00fche, die Informationen auf NooMooo so aktuell, vollst\u00e4ndig und genau wie m\u00f6glich zu halten, kann ich <strong>keine Gew\u00e4hr leisten<\/strong> dass alles immer richtig oder auf Ihre Situation anwendbar ist. NooMooo akzeptiert daher <strong>keine wie auch immer geartete Haftung<\/strong> f\u00fcr alle direkten oder indirekten Sch\u00e4den, die durch die Nutzung der Informationen auf dieser Website, in Blogbeitr\u00e4gen, Downloads, sozialen Medien oder \u00fcber verlinkte externe Quellen entstehen.<\/p>\n\n\n\n<p>Verwenden Sie die Informationen auf eigene Verantwortung und ziehen Sie im Zweifelsfall immer einen Experten zu Rate.<\/p>\n\n\n\n<h4 class=\"wp-block-heading\">3. Pers\u00f6nliche Erfahrungen<\/h4>\n\n\n\n<p>Vieles von dem, was Sie auf NooMooo lesen, ist von innen geschrieben <strong>pers\u00f6nliche Erfahrung<\/strong> Mit Kuhmilchunvertr\u00e4glichkeit. Jeder K\u00f6rper ist anders. Was bei mir funktioniert, muss bei Ihnen nicht funktionieren. Die geteilten Tipps und Erkenntnisse sind daher keine Garantie f\u00fcr Erfolg oder ein beschwerdefreies Leben, sondern als Inspiration und Unterst\u00fctzung gedacht.<\/p>\n\n\n\n<h4 class=\"wp-block-heading\">4. Externe Links<\/h4>\n\n\n\n<p>NooMooo enth\u00e4lt Links zu externen Websites oder Produkten (z. B. \u00fcber <em>Partner-Links<\/em>). Ich bin <strong>nicht verantwortlich f\u00fcr den Inhalt, die Sicherheit oder die Verf\u00fcgbarkeit dieser externen Websites<\/strong>. Die Nutzung dieser Links erfolgt auf eigene Gefahr. Ich gebe nur weiter, was ich selbst f\u00fcr wertvoll oder interessant halte.<\/p>\n\n\n\n<h4 class=\"wp-block-heading\">5. Partnerschaftsmarketing<\/h4>\n\n\n\n<p>Einige Links auf dieser Website sind <em>Partner-Links<\/em>. Das bedeutet, dass ich eine kleine Provision erhalte, wenn Sie etwas \u00fcber einen solchen Link kaufen, ohne dass Ihnen dadurch zus\u00e4tzliche Kosten entstehen. Auf diese Weise helfen Sie NooMooo, weiterhin kostenlos und unabh\u00e4ngig zu existieren. Ich werbe <strong>nur Produkte und Marken, die ich pers\u00f6nlich unterst\u00fctze<\/strong> oder Erfahrung mit ihr.<\/p>\n\n\n\n<h4 class=\"wp-block-heading\">6. Geistiges Eigentum<\/h4>\n\n\n\n<p>Alle Texte, Bilder, Logos und andere Inhalte auf dieser Website sind Eigentum von NooMooo, sofern nicht anders angegeben. Nichts darf ohne vorherige schriftliche Zustimmung kopiert, weitergegeben oder f\u00fcr kommerzielle Zwecke verwendet werden.<\/p>\n\n\n\n<h4 class=\"wp-block-heading\">7. Zugang zur Website<\/h4>\n\n\n\n<p>Der Zugang zu und die Nutzung der Website ist <strong>streng pers\u00f6nlich<\/strong>. Sie finden diese Website und ihre Informationen <strong>nicht f\u00fcr kommerzielle, politische oder Werbezwecke verwendet werden<\/strong>noch f\u00fcr kommerzielle Angebote oder unaufgeforderte elektronische Mitteilungen.<\/p>\n\n\n\n<h4 class=\"wp-block-heading\">8. Verwaltung der Website<\/h4>\n\n\n\n<p>F\u00fcr die ordnungsgem\u00e4\u00dfe Verwaltung der Website beh\u00e4lt sich der Administrator das Recht vor,:<\/p>\n\n\n\n<ul class=\"wp-block-list\">\n<li>Aussetzung, Unterbrechung oder (teilweise oder vollst\u00e4ndige) Einschr\u00e4nkung des Zugangs zu einer bestimmten Kategorie von Besuchern<\/li>\n\n\n\n<li>Inhalte zu entfernen, die das Funktionieren der Website st\u00f6ren oder gegen Gesetze oder die Internet-Etikette versto\u00dfen<\/li>\n\n\n\n<li>Vor\u00fcbergehende Au\u00dferbetriebnahme der Website f\u00fcr Aktualisierungen oder Wartungsarbeiten<\/li>\n<\/ul>\n\n\n\n<h4 class=\"wp-block-heading\">9. Bilder<\/h4>\n\n\n\n<p>Die auf dieser Website verwendeten Bilder unterliegen m\u00f6glicherweise den folgenden Einschr\u00e4nkungen <strong>keine Rechte abgeleitet werden k\u00f6nnen<\/strong>. Produkte, Verpackungen oder Etiketten k\u00f6nnen in der Realit\u00e4t abweichen.<\/p>\n\n\n\n<h4 class=\"wp-block-heading\">10. Zust\u00e4ndigkeiten<\/h4>\n\n\n\n<p>Der Administrator ist nicht verantwortlich f\u00fcr Pannen, Unterbrechungen oder andere technische Probleme, die dazu f\u00fchren, dass (Teile) der Website vor\u00fcbergehend nicht verf\u00fcgbar sind. Der Administrator ist auch nicht haftbar f\u00fcr:<\/p>\n\n\n\n<ul class=\"wp-block-list\">\n<li>Probleme oder Sch\u00e4den an Ihren Ger\u00e4ten oder Daten beim Besuch dieser Website<\/li>\n\n\n\n<li>Der Inhalt von externen Websites, auf die verwiesen wird<\/li>\n\n\n\n<li>Rechtliche Schritte gegen Sie aufgrund der Nutzung dieser Website oder der Verletzung ihrer Bedingungen und Konditionen<\/li>\n<\/ul>\n\n\n\n<p>Sie sind verantwortlich f\u00fcr eine sichere Internetverbindung, den Schutz Ihrer Ger\u00e4te und f\u00fcr das, was Sie sich online ansehen oder herunterladen.<\/p>\n\n\n\n<p>Sollte der Betreiber aufgrund Ihrer Nutzung dieser Website in einen Streitfall verwickelt werden, beh\u00e4lt sich NooMooo das Recht vor <strong>alle entstandenen und k\u00fcnftigen Sch\u00e4den von Ihnen zur\u00fcckfordern<\/strong>.<\/p>\n\n\n\n<h4 class=\"wp-block-heading\">11. Anwendbares Recht<\/h4>\n\n\n\n<p>Zu diesem Haftungsausschluss hei\u00dft es <strong>niederl\u00e4ndisches Recht<\/strong> anwendbar. F\u00fcr Streitigkeiten ist ausschlie\u00dflich das Gericht am Wohnsitz des Verwalters zust\u00e4ndig, es sei denn, es liegt eine gesetzliche Ausnahme vor.<\/p>\n\n\n\n<h4 class=\"wp-block-heading\">12. Kontakt<\/h4>\n\n\n\n<p>F\u00fcr Fragen, Produktinformationen oder Informationen \u00fcber die Website wenden Sie sich bitte an: info@noomooo.com<\/p>\n\n\n\n<p><\/p>","protected":false},"excerpt":{"rendered":"<p>Willkommen bei Noomooo.com. Durch den Besuch dieser Website und\/oder die Nutzung der angebotenen Informationen erkl\u00e4ren Sie sich mit diesem Haftungsausschluss einverstanden. 1. Keine medizinische Beratung Der Inhalt von NooMooo dient ausschlie\u00dflich zu Informations- und Bildungszwecken. Die Informationen auf dieser Website basieren auf pers\u00f6nlichen Erfahrungen, \u00f6ffentlich zug\u00e4nglichen Quellen und eigenen Recherchen. NooMooo\u2026<\/p>","protected":false},"author":2,"featured_media":0,"parent":0,"menu_order":0,"comment_status":"closed","ping_status":"closed","template":"page-blank-title-center.php","meta":{"_acf_changed":false,"footnotes":""},"class_list":["post-172","page","type-page","status-publish","hentry"],"acf":[],"_links":{"self":[{"href":"https:\/\/noomooo.com\/de\/wp-json\/wp\/v2\/pages\/172","targetHints":{"allow":["GET"]}}],"collection":[{"href":"https:\/\/noomooo.com\/de\/wp-json\/wp\/v2\/pages"}],"about":[{"href":"https:\/\/noomooo.com\/de\/wp-json\/wp\/v2\/types\/page"}],"author":[{"embeddable":true,"href":"https:\/\/noomooo.com\/de\/wp-json\/wp\/v2\/users\/2"}],"replies":[{"embeddable":true,"href":"https:\/\/noomooo.com\/de\/wp-json\/wp\/v2\/comments?post=172"}],"version-history":[{"count":3,"href":"https:\/\/noomooo.com\/de\/wp-json\/wp\/v2\/pages\/172\/revisions"}],"predecessor-version":[{"id":1029,"href":"https:\/\/noomooo.com\/de\/wp-json\/wp\/v2\/pages\/172\/revisions\/1029"}],"wp:attachment":[{"href":"https:\/\/noomooo.com\/de\/wp-json\/wp\/v2\/media?parent=172"}],"curies":[{"name":"wp","href":"https:\/\/api.w.org\/{rel}","templated":true}]}}